{"id":344948,"date":"2026-03-30T14:05:18","date_gmt":"2026-03-30T12:05:18","guid":{"rendered":"http:\/\/rwp.rizoma.com\/negozio\/portamatriculas-side-arm-pt725\/"},"modified":"2026-03-30T14:05:36","modified_gmt":"2026-03-30T12:05:36","slug":"portamatriculas-side-arm-pt725","status":"publish","type":"product","link":"https:\/\/www.rizoma.com\/es\/negozio\/portamatricula\/PT725\/portamatriculas-side-arm-pt725\/","title":{"rendered":"Portamatr\u00edculas Side Arm"},"content":{"rendered":"<p>Side Arm: el portamatr\u00edculas que define un nuevo sentido de dise\u00f1o minimalista.<br \/>Con un soporte lateral fabricado en aluminio macizo, este producto revoluciona la colocaci\u00f3n de la matr\u00edcula, combinando elegancia y resistencia.<br \/>Dise\u00f1ado a medida, garantiza perfecta integraci\u00f3n y cumplimiento de los requisitos legales (aprobado ABE).<br \/>El kit incluye placas de matr\u00edcula 173&#215;173 mm y USA, luz de matr\u00edcula y catadri\u00f3ptico homologados, y tapa paso rueda.<\/p>\n","protected":false},"excerpt":{"rendered":"<p>Side Arm: el portamatr\u00edculas que define un nuevo sentido de dise\u00f1o minimalista.Con un soporte lateral fabricado en aluminio macizo, este producto revoluciona la colocaci\u00f3n de la matr\u00edcula, combinando elegancia y resistencia.Dise\u00f1ado a medida, garantiza perfecta integraci\u00f3n y cumplimiento de los requisitos legales (aprobado ABE).El kit incluye placas de matr\u00edcula 173&#215;173 mm y USA, luz de [&hellip;]<\/p>\n","protected":false},"featured_media":344409,"template":"","meta":{"_acf_changed":false},"rizoma_assembly_time":[42691],"rizoma_bike":[43723],"rizoma_division":[42653],"rizoma_family":[],"rizoma_model_category":[],"rizoma_product_template":[],"product_brand":[],"product_cat":[42768],"product_tag":[],"class_list":{"0":"post-344948","1":"product","2":"type-product","3":"status-publish","4":"has-post-thumbnail","6":"rizoma_bike-r-12-ninet-2023-26","7":"product_cat-portamatricula","9":"first","10":"instock","11":"taxable","12":"shipping-taxable","13":"purchasable","14":"product-type-variable"},"acf":[],"_links":{"self":[{"href":"https:\/\/www.rizoma.com\/es\/wp-json\/wp\/v2\/product\/344948","targetHints":{"allow":["GET"]}}],"collection":[{"href":"https:\/\/www.rizoma.com\/es\/wp-json\/wp\/v2\/product"}],"about":[{"href":"https:\/\/www.rizoma.com\/es\/wp-json\/wp\/v2\/types\/product"}],"wp:featuredmedia":[{"embeddable":true,"href":"https:\/\/www.rizoma.com\/es\/wp-json\/wp\/v2\/media\/344409"}],"wp:attachment":[{"href":"https:\/\/www.rizoma.com\/es\/wp-json\/wp\/v2\/media?parent=344948"}],"wp:term":[{"taxonomy":"rizoma_assembly_time","embeddable":true,"href":"https:\/\/www.rizoma.com\/es\/wp-json\/wp\/v2\/rizoma_assembly_time?post=344948"},{"taxonomy":"rizoma_bike","embeddable":true,"href":"https:\/\/www.rizoma.com\/es\/wp-json\/wp\/v2\/rizoma_bike?post=344948"},{"taxonomy":"rizoma_division","embeddable":true,"href":"https:\/\/www.rizoma.com\/es\/wp-json\/wp\/v2\/rizoma_division?post=344948"},{"taxonomy":"rizoma_family","embeddable":true,"href":"https:\/\/www.rizoma.com\/es\/wp-json\/wp\/v2\/rizoma_family?post=344948"},{"taxonomy":"rizoma_model_category","embeddable":true,"href":"https:\/\/www.rizoma.com\/es\/wp-json\/wp\/v2\/rizoma_model_category?post=344948"},{"taxonomy":"rizoma_product_template","embeddable":true,"href":"https:\/\/www.rizoma.com\/es\/wp-json\/wp\/v2\/rizoma_product_template?post=344948"},{"taxonomy":"product_brand","embeddable":true,"href":"https:\/\/www.rizoma.com\/es\/wp-json\/wp\/v2\/product_brand?post=344948"},{"taxonomy":"product_cat","embeddable":true,"href":"https:\/\/www.rizoma.com\/es\/wp-json\/wp\/v2\/product_cat?post=344948"},{"taxonomy":"product_tag","embeddable":true,"href":"https:\/\/www.rizoma.com\/es\/wp-json\/wp\/v2\/product_tag?post=344948"}],"curies":[{"name":"wp","href":"https:\/\/api.w.org\/{rel}","templated":true}]}}