{"id":343250,"date":"2026-02-27T14:05:19","date_gmt":"2026-02-27T13:05:19","guid":{"rendered":"http:\/\/rwp.rizoma.com\/negozio\/stealth-max-bss202\/"},"modified":"2026-02-27T14:05:36","modified_gmt":"2026-02-27T13:05:36","slug":"stealth-max-bss202","status":"publish","type":"product","link":"https:\/\/www.rizoma.com\/es\/negozio\/espejos-retrovisores\/BSS202\/stealth-max-bss202\/","title":{"rendered":"Stealth Max"},"content":{"rendered":"<p>Stealth Max: lo m\u00e1s esperado ya es realidad. Dise\u00f1ado para realzar el car\u00e1cter de tu T-Max 560, Stealth Sport Max interpreta la visi\u00f3n de Rizoma a trav\u00e9s de un dise\u00f1o aerodin\u00e1mico evolucionado y una elevada calidad de fabricaci\u00f3n. Un accesorio que combina est\u00e9tica, prestaciones y homologaci\u00f3n europea, llevando a la carretera toda la precisi\u00f3n de ingenier\u00eda y producci\u00f3n de Rizoma.<\/p>\n","protected":false},"excerpt":{"rendered":"<p>Stealth Max: lo m\u00e1s esperado ya es realidad. Dise\u00f1ado para realzar el car\u00e1cter de tu T-Max 560, Stealth Sport Max interpreta la visi\u00f3n de Rizoma a trav\u00e9s de un dise\u00f1o aerodin\u00e1mico evolucionado y una elevada calidad de fabricaci\u00f3n. Un accesorio que combina est\u00e9tica, prestaciones y homologaci\u00f3n europea, llevando a la carretera toda la precisi\u00f3n de [&hellip;]<\/p>\n","protected":false},"featured_media":343235,"template":"","meta":{"_acf_changed":false},"rizoma_assembly_time":[42664],"rizoma_bike":[43421,44422,43422],"rizoma_division":[42653],"rizoma_family":[42972],"rizoma_model_category":[],"rizoma_product_template":[],"product_brand":[],"product_cat":[43943],"product_tag":[],"class_list":{"0":"post-343250","1":"product","2":"type-product","3":"status-publish","4":"has-post-thumbnail","6":"rizoma_bike-t-max-560-2025-26","7":"rizoma_bike-t-max-560-25th-anniversary-2026","8":"rizoma_bike-t-max-560-tech-max-2025-26","9":"product_cat-espejos-retrovisores","11":"first","12":"instock","13":"taxable","14":"shipping-taxable","15":"purchasable","16":"product-type-variable"},"acf":[],"_links":{"self":[{"href":"https:\/\/www.rizoma.com\/es\/wp-json\/wp\/v2\/product\/343250","targetHints":{"allow":["GET"]}}],"collection":[{"href":"https:\/\/www.rizoma.com\/es\/wp-json\/wp\/v2\/product"}],"about":[{"href":"https:\/\/www.rizoma.com\/es\/wp-json\/wp\/v2\/types\/product"}],"wp:featuredmedia":[{"embeddable":true,"href":"https:\/\/www.rizoma.com\/es\/wp-json\/wp\/v2\/media\/343235"}],"wp:attachment":[{"href":"https:\/\/www.rizoma.com\/es\/wp-json\/wp\/v2\/media?parent=343250"}],"wp:term":[{"taxonomy":"rizoma_assembly_time","embeddable":true,"href":"https:\/\/www.rizoma.com\/es\/wp-json\/wp\/v2\/rizoma_assembly_time?post=343250"},{"taxonomy":"rizoma_bike","embeddable":true,"href":"https:\/\/www.rizoma.com\/es\/wp-json\/wp\/v2\/rizoma_bike?post=343250"},{"taxonomy":"rizoma_division","embeddable":true,"href":"https:\/\/www.rizoma.com\/es\/wp-json\/wp\/v2\/rizoma_division?post=343250"},{"taxonomy":"rizoma_family","embeddable":true,"href":"https:\/\/www.rizoma.com\/es\/wp-json\/wp\/v2\/rizoma_family?post=343250"},{"taxonomy":"rizoma_model_category","embeddable":true,"href":"https:\/\/www.rizoma.com\/es\/wp-json\/wp\/v2\/rizoma_model_category?post=343250"},{"taxonomy":"rizoma_product_template","embeddable":true,"href":"https:\/\/www.rizoma.com\/es\/wp-json\/wp\/v2\/rizoma_product_template?post=343250"},{"taxonomy":"product_brand","embeddable":true,"href":"https:\/\/www.rizoma.com\/es\/wp-json\/wp\/v2\/product_brand?post=343250"},{"taxonomy":"product_cat","embeddable":true,"href":"https:\/\/www.rizoma.com\/es\/wp-json\/wp\/v2\/product_cat?post=343250"},{"taxonomy":"product_tag","embeddable":true,"href":"https:\/\/www.rizoma.com\/es\/wp-json\/wp\/v2\/product_tag?post=343250"}],"curies":[{"name":"wp","href":"https:\/\/api.w.org\/{rel}","templated":true}]}}