{"id":342679,"date":"2026-02-20T04:05:16","date_gmt":"2026-02-20T03:05:16","guid":{"rendered":"http:\/\/rwp.rizoma.com\/negozio\/kit-de-intermitentes-delanteros-rizoma-light-unit-fr855\/"},"modified":"2026-02-20T04:05:23","modified_gmt":"2026-02-20T03:05:23","slug":"kit-de-intermitentes-delanteros-rizoma-light-unit-fr855","status":"publish","type":"product","link":"https:\/\/www.rizoma.com\/es\/negozio\/intermitentes\/FR855\/kit-de-intermitentes-delanteros-rizoma-light-unit-fr855\/","title":{"rendered":"Kit de intermitentes delanteros Rizoma Light Unit"},"content":{"rendered":"<p>En el caso de la sustituci\u00f3n de los espejos retrovisores OEM, que prev\u00e9n intermitentes integrados de serie, con espejos Rizoma sin intermitente integrado, es posible restaurar esta funci\u00f3n mediante el Kit de intermitentes delanteros Rizoma Light Unit. <br \/>El dise\u00f1o innovador de Light Unit se integra perfectamente con las l\u00edneas S 1000 RR. <br \/>El kit es plug &#038; play, dise\u00f1ado y suministrado completo con todo lo necesario para personalizar la parte delantera de la BMW.<\/p>\n","protected":false},"excerpt":{"rendered":"<p>En el caso de la sustituci\u00f3n de los espejos retrovisores OEM, que prev\u00e9n intermitentes integrados de serie, con espejos Rizoma sin intermitente integrado, es posible restaurar esta funci\u00f3n mediante el Kit de intermitentes delanteros Rizoma Light Unit. El dise\u00f1o innovador de Light Unit se integra perfectamente con las l\u00edneas S 1000 RR. El kit es [&hellip;]<\/p>\n","protected":false},"featured_media":339023,"template":"","meta":{"_acf_changed":false},"rizoma_assembly_time":[42675],"rizoma_bike":[42498,42167,42302,42574],"rizoma_division":[42653],"rizoma_family":[42834],"rizoma_model_category":[],"rizoma_product_template":[],"product_brand":[],"product_cat":[42716],"product_tag":[],"class_list":{"0":"post-342679","1":"product","2":"type-product","3":"status-publish","4":"has-post-thumbnail","6":"rizoma_bike-m-1000-rr-50-years-m-2022","7":"rizoma_bike-s-1000-rr-2019-20","8":"rizoma_bike-s-1000-rr-2021-22","9":"rizoma_bike-s-1000-rr-2023-24","10":"product_cat-intermitentes","12":"first","13":"instock","14":"taxable","15":"shipping-taxable","16":"purchasable","17":"product-type-variable"},"acf":[],"_links":{"self":[{"href":"https:\/\/www.rizoma.com\/es\/wp-json\/wp\/v2\/product\/342679","targetHints":{"allow":["GET"]}}],"collection":[{"href":"https:\/\/www.rizoma.com\/es\/wp-json\/wp\/v2\/product"}],"about":[{"href":"https:\/\/www.rizoma.com\/es\/wp-json\/wp\/v2\/types\/product"}],"wp:featuredmedia":[{"embeddable":true,"href":"https:\/\/www.rizoma.com\/es\/wp-json\/wp\/v2\/media\/339023"}],"wp:attachment":[{"href":"https:\/\/www.rizoma.com\/es\/wp-json\/wp\/v2\/media?parent=342679"}],"wp:term":[{"taxonomy":"rizoma_assembly_time","embeddable":true,"href":"https:\/\/www.rizoma.com\/es\/wp-json\/wp\/v2\/rizoma_assembly_time?post=342679"},{"taxonomy":"rizoma_bike","embeddable":true,"href":"https:\/\/www.rizoma.com\/es\/wp-json\/wp\/v2\/rizoma_bike?post=342679"},{"taxonomy":"rizoma_division","embeddable":true,"href":"https:\/\/www.rizoma.com\/es\/wp-json\/wp\/v2\/rizoma_division?post=342679"},{"taxonomy":"rizoma_family","embeddable":true,"href":"https:\/\/www.rizoma.com\/es\/wp-json\/wp\/v2\/rizoma_family?post=342679"},{"taxonomy":"rizoma_model_category","embeddable":true,"href":"https:\/\/www.rizoma.com\/es\/wp-json\/wp\/v2\/rizoma_model_category?post=342679"},{"taxonomy":"rizoma_product_template","embeddable":true,"href":"https:\/\/www.rizoma.com\/es\/wp-json\/wp\/v2\/rizoma_product_template?post=342679"},{"taxonomy":"product_brand","embeddable":true,"href":"https:\/\/www.rizoma.com\/es\/wp-json\/wp\/v2\/product_brand?post=342679"},{"taxonomy":"product_cat","embeddable":true,"href":"https:\/\/www.rizoma.com\/es\/wp-json\/wp\/v2\/product_cat?post=342679"},{"taxonomy":"product_tag","embeddable":true,"href":"https:\/\/www.rizoma.com\/es\/wp-json\/wp\/v2\/product_tag?post=342679"}],"curies":[{"name":"wp","href":"https:\/\/api.w.org\/{rel}","templated":true}]}}