{"id":342557,"date":"2026-02-15T04:05:18","date_gmt":"2026-02-15T03:05:18","guid":{"rendered":"http:\/\/rwp.rizoma.com\/negozio\/canalizador-de-aire-para-el-variador-zvp054\/"},"modified":"2026-02-15T04:05:26","modified_gmt":"2026-02-15T03:05:26","slug":"canalizador-de-aire-para-el-variador-zvp054","status":"publish","type":"product","link":"https:\/\/www.rizoma.com\/es\/negozio\/mas-para-tu-vespa\/ZVP054\/canalizador-de-aire-para-el-variador-zvp054\/","title":{"rendered":"Canalizador de aire para el variador"},"content":{"rendered":"<p>Rizoma ampl\u00eda su l\u00ednea para Vespa GTS con un nuevo accesorio ic\u00f3nico, una expresi\u00f3n pura de su filosof\u00eda de dise\u00f1o: la toma de aire vario.<br \/>Fabricada en aluminio macizo mecanizado, la tapa combina un acabado de alta gama con un dise\u00f1o elegante e innovador. <br \/>Su tuerca anular sin bordes, con torniller\u00eda completamente oculta, se complementa con una ventana de Lexan de alta tecnolog\u00eda que permite a los entusiastas apreciar el exclusivo funcionamiento interno del variador en movimiento. <br \/>M\u00e1s all\u00e1 de la est\u00e9tica, incorpora ranuras de ventilaci\u00f3n laterales que canalizan el flujo de aire de forma eficiente, optimizando el rendimiento del variador incluso en condiciones exigentes.<br \/>El producto est\u00e1 dise\u00f1ado para una instalaci\u00f3n Plug &#038; Play, sencilla y directa, sin necesidad de modificaciones.<\/p>\n","protected":false},"excerpt":{"rendered":"<p>Rizoma ampl\u00eda su l\u00ednea para Vespa GTS con un nuevo accesorio ic\u00f3nico, una expresi\u00f3n pura de su filosof\u00eda de dise\u00f1o: la toma de aire vario.Fabricada en aluminio macizo mecanizado, la tapa combina un acabado de alta gama con un dise\u00f1o elegante e innovador. Su tuerca anular sin bordes, con torniller\u00eda completamente oculta, se complementa con [&hellip;]<\/p>\n","protected":false},"featured_media":341641,"template":"","meta":{"_acf_changed":false},"rizoma_assembly_time":[42675],"rizoma_bike":[42557,42556,42560,42559,42636,42566],"rizoma_division":[42653],"rizoma_family":[],"rizoma_model_category":[],"rizoma_product_template":[],"product_brand":[],"product_cat":[42947],"product_tag":[],"class_list":{"0":"post-342557","1":"product","2":"type-product","3":"status-publish","4":"has-post-thumbnail","6":"rizoma_bike-gts-2018-2022","7":"rizoma_bike-gts-2023-2025","8":"rizoma_bike-gts-super-2018-2022","9":"rizoma_bike-gts-super-2023-2025","10":"rizoma_bike-gtv-2023-2024","11":"rizoma_bike-sei-giorni-2018-2022","12":"product_cat-mas-para-tu-vespa","14":"first","15":"instock","16":"taxable","17":"shipping-taxable","18":"purchasable","19":"product-type-variable"},"acf":[],"_links":{"self":[{"href":"https:\/\/www.rizoma.com\/es\/wp-json\/wp\/v2\/product\/342557","targetHints":{"allow":["GET"]}}],"collection":[{"href":"https:\/\/www.rizoma.com\/es\/wp-json\/wp\/v2\/product"}],"about":[{"href":"https:\/\/www.rizoma.com\/es\/wp-json\/wp\/v2\/types\/product"}],"wp:featuredmedia":[{"embeddable":true,"href":"https:\/\/www.rizoma.com\/es\/wp-json\/wp\/v2\/media\/341641"}],"wp:attachment":[{"href":"https:\/\/www.rizoma.com\/es\/wp-json\/wp\/v2\/media?parent=342557"}],"wp:term":[{"taxonomy":"rizoma_assembly_time","embeddable":true,"href":"https:\/\/www.rizoma.com\/es\/wp-json\/wp\/v2\/rizoma_assembly_time?post=342557"},{"taxonomy":"rizoma_bike","embeddable":true,"href":"https:\/\/www.rizoma.com\/es\/wp-json\/wp\/v2\/rizoma_bike?post=342557"},{"taxonomy":"rizoma_division","embeddable":true,"href":"https:\/\/www.rizoma.com\/es\/wp-json\/wp\/v2\/rizoma_division?post=342557"},{"taxonomy":"rizoma_family","embeddable":true,"href":"https:\/\/www.rizoma.com\/es\/wp-json\/wp\/v2\/rizoma_family?post=342557"},{"taxonomy":"rizoma_model_category","embeddable":true,"href":"https:\/\/www.rizoma.com\/es\/wp-json\/wp\/v2\/rizoma_model_category?post=342557"},{"taxonomy":"rizoma_product_template","embeddable":true,"href":"https:\/\/www.rizoma.com\/es\/wp-json\/wp\/v2\/rizoma_product_template?post=342557"},{"taxonomy":"product_brand","embeddable":true,"href":"https:\/\/www.rizoma.com\/es\/wp-json\/wp\/v2\/product_brand?post=342557"},{"taxonomy":"product_cat","embeddable":true,"href":"https:\/\/www.rizoma.com\/es\/wp-json\/wp\/v2\/product_cat?post=342557"},{"taxonomy":"product_tag","embeddable":true,"href":"https:\/\/www.rizoma.com\/es\/wp-json\/wp\/v2\/product_tag?post=342557"}],"curies":[{"name":"wp","href":"https:\/\/api.w.org\/{rel}","templated":true}]}}