{"id":341095,"date":"2025-12-09T17:24:36","date_gmt":"2025-12-09T16:24:36","guid":{"rendered":"https:\/\/www.rizoma.com\/negozio\/protector-de-faro-delantero-zbw119\/"},"modified":"2026-02-26T11:41:58","modified_gmt":"2026-02-26T10:41:58","slug":"protector-de-faro-delantero-zbw119","status":"publish","type":"product","link":"https:\/\/www.rizoma.com\/es\/negozio\/mas-para-tu-bmw\/ZBW119\/protector-de-faro-delantero-zbw119\/","title":{"rendered":"Protector de faro delantero"},"content":{"rendered":"<p>Los mejores Raids de larga distancia requieren el m\u00e1ximo confort y seguridad. Rizoma ha dise\u00f1ado el protector de faro delantero buscando el equilibrio adecuado entre est\u00e9tica y funcionalidad. La protecci\u00f3n ofrece una cobertura eficaz al conjunto \u00f3ptico, combinando una rejilla de aluminio anodizado con un escudo de policarbonato resistente a los ara\u00f1azos. Atenci\u00f3n, el Protector de faro delantero ZBW119 ha sido desarrollado para uso offroad.<\/p>\n","protected":false},"excerpt":{"rendered":"<p>Los mejores Raids de larga distancia requieren el m\u00e1ximo confort y seguridad. Rizoma ha dise\u00f1ado el protector de faro delantero buscando el equilibrio adecuado entre est\u00e9tica y funcionalidad. La protecci\u00f3n ofrece una cobertura eficaz al conjunto \u00f3ptico, combinando una rejilla de aluminio anodizado con un escudo de policarbonato resistente a los ara\u00f1azos. Atenci\u00f3n, el Protector [&hellip;]<\/p>\n","protected":false},"featured_media":340879,"template":"","meta":{"_acf_changed":false},"rizoma_assembly_time":[42664],"rizoma_bike":[43897],"rizoma_division":[42653],"rizoma_family":[],"rizoma_model_category":[],"rizoma_product_template":[],"product_brand":[],"product_cat":[42783],"product_tag":[],"class_list":{"0":"post-341095","1":"product","2":"type-product","3":"status-publish","4":"has-post-thumbnail","6":"rizoma_bike-r-12-g-s-2026","7":"product_cat-mas-para-tu-bmw","9":"first","10":"instock","11":"taxable","12":"shipping-taxable","13":"purchasable","14":"product-type-variable"},"acf":[],"_links":{"self":[{"href":"https:\/\/www.rizoma.com\/es\/wp-json\/wp\/v2\/product\/341095","targetHints":{"allow":["GET"]}}],"collection":[{"href":"https:\/\/www.rizoma.com\/es\/wp-json\/wp\/v2\/product"}],"about":[{"href":"https:\/\/www.rizoma.com\/es\/wp-json\/wp\/v2\/types\/product"}],"wp:featuredmedia":[{"embeddable":true,"href":"https:\/\/www.rizoma.com\/es\/wp-json\/wp\/v2\/media\/340879"}],"wp:attachment":[{"href":"https:\/\/www.rizoma.com\/es\/wp-json\/wp\/v2\/media?parent=341095"}],"wp:term":[{"taxonomy":"rizoma_assembly_time","embeddable":true,"href":"https:\/\/www.rizoma.com\/es\/wp-json\/wp\/v2\/rizoma_assembly_time?post=341095"},{"taxonomy":"rizoma_bike","embeddable":true,"href":"https:\/\/www.rizoma.com\/es\/wp-json\/wp\/v2\/rizoma_bike?post=341095"},{"taxonomy":"rizoma_division","embeddable":true,"href":"https:\/\/www.rizoma.com\/es\/wp-json\/wp\/v2\/rizoma_division?post=341095"},{"taxonomy":"rizoma_family","embeddable":true,"href":"https:\/\/www.rizoma.com\/es\/wp-json\/wp\/v2\/rizoma_family?post=341095"},{"taxonomy":"rizoma_model_category","embeddable":true,"href":"https:\/\/www.rizoma.com\/es\/wp-json\/wp\/v2\/rizoma_model_category?post=341095"},{"taxonomy":"rizoma_product_template","embeddable":true,"href":"https:\/\/www.rizoma.com\/es\/wp-json\/wp\/v2\/rizoma_product_template?post=341095"},{"taxonomy":"product_brand","embeddable":true,"href":"https:\/\/www.rizoma.com\/es\/wp-json\/wp\/v2\/product_brand?post=341095"},{"taxonomy":"product_cat","embeddable":true,"href":"https:\/\/www.rizoma.com\/es\/wp-json\/wp\/v2\/product_cat?post=341095"},{"taxonomy":"product_tag","embeddable":true,"href":"https:\/\/www.rizoma.com\/es\/wp-json\/wp\/v2\/product_tag?post=341095"}],"curies":[{"name":"wp","href":"https:\/\/api.w.org\/{rel}","templated":true}]}}