{"id":341085,"date":"2025-12-09T17:19:11","date_gmt":"2025-12-09T16:19:11","guid":{"rendered":"https:\/\/www.rizoma.com\/negozio\/kit-de-luces-led-antiniebla-zbw122\/"},"modified":"2025-12-09T17:24:04","modified_gmt":"2025-12-09T16:24:04","slug":"kit-de-luces-led-antiniebla-zbw122","status":"publish","type":"product","link":"https:\/\/www.rizoma.com\/es\/negozio\/mas-para-tu-bmw\/ZBW122\/kit-de-luces-led-antiniebla-zbw122\/","title":{"rendered":"Kit de Luces LED Antiniebla"},"content":{"rendered":"<p>Los mejores Raids de larga distancia exigen la m\u00e1xima seguridad: Kits de luces LED antiniebla con cuerpo en aluminio. Con el kit se incluye el kit de sujeci\u00f3n, el cableado y el interruptor para el manillar que permite encender y apagar los faros c\u00f3modamente.<\/p>\n","protected":false},"excerpt":{"rendered":"<p>Los mejores Raids de larga distancia exigen la m\u00e1xima seguridad: Kits de luces LED antiniebla con cuerpo en aluminio. Con el kit se incluye el kit de sujeci\u00f3n, el cableado y el interruptor para el manillar que permite encender y apagar los faros c\u00f3modamente.<\/p>\n","protected":false},"featured_media":340833,"template":"","meta":{"_acf_changed":false},"rizoma_assembly_time":[42911],"rizoma_bike":[43897,43723],"rizoma_division":[42653],"rizoma_family":[],"rizoma_model_category":[],"rizoma_product_template":[],"product_brand":[],"product_cat":[42783],"product_tag":[],"class_list":{"0":"post-341085","1":"product","2":"type-product","3":"status-publish","4":"has-post-thumbnail","6":"rizoma_bike-r-12-g-s-2026","7":"rizoma_bike-r-12-ninet-2023-26","8":"product_cat-mas-para-tu-bmw","10":"first","11":"instock","12":"taxable","13":"shipping-taxable","14":"purchasable","15":"product-type-variable"},"acf":[],"_links":{"self":[{"href":"https:\/\/www.rizoma.com\/es\/wp-json\/wp\/v2\/product\/341085","targetHints":{"allow":["GET"]}}],"collection":[{"href":"https:\/\/www.rizoma.com\/es\/wp-json\/wp\/v2\/product"}],"about":[{"href":"https:\/\/www.rizoma.com\/es\/wp-json\/wp\/v2\/types\/product"}],"wp:featuredmedia":[{"embeddable":true,"href":"https:\/\/www.rizoma.com\/es\/wp-json\/wp\/v2\/media\/340833"}],"wp:attachment":[{"href":"https:\/\/www.rizoma.com\/es\/wp-json\/wp\/v2\/media?parent=341085"}],"wp:term":[{"taxonomy":"rizoma_assembly_time","embeddable":true,"href":"https:\/\/www.rizoma.com\/es\/wp-json\/wp\/v2\/rizoma_assembly_time?post=341085"},{"taxonomy":"rizoma_bike","embeddable":true,"href":"https:\/\/www.rizoma.com\/es\/wp-json\/wp\/v2\/rizoma_bike?post=341085"},{"taxonomy":"rizoma_division","embeddable":true,"href":"https:\/\/www.rizoma.com\/es\/wp-json\/wp\/v2\/rizoma_division?post=341085"},{"taxonomy":"rizoma_family","embeddable":true,"href":"https:\/\/www.rizoma.com\/es\/wp-json\/wp\/v2\/rizoma_family?post=341085"},{"taxonomy":"rizoma_model_category","embeddable":true,"href":"https:\/\/www.rizoma.com\/es\/wp-json\/wp\/v2\/rizoma_model_category?post=341085"},{"taxonomy":"rizoma_product_template","embeddable":true,"href":"https:\/\/www.rizoma.com\/es\/wp-json\/wp\/v2\/rizoma_product_template?post=341085"},{"taxonomy":"product_brand","embeddable":true,"href":"https:\/\/www.rizoma.com\/es\/wp-json\/wp\/v2\/product_brand?post=341085"},{"taxonomy":"product_cat","embeddable":true,"href":"https:\/\/www.rizoma.com\/es\/wp-json\/wp\/v2\/product_cat?post=341085"},{"taxonomy":"product_tag","embeddable":true,"href":"https:\/\/www.rizoma.com\/es\/wp-json\/wp\/v2\/product_tag?post=341085"}],"curies":[{"name":"wp","href":"https:\/\/api.w.org\/{rel}","templated":true}]}}