{"id":339329,"date":"2025-10-21T04:13:56","date_gmt":"2025-10-21T02:13:56","guid":{"rendered":"https:\/\/www.rizoma.com\/negozio\/kit-de-montaje-de-intermitentes-traseros-rizoma-fr255\/"},"modified":"2025-10-23T10:53:59","modified_gmt":"2025-10-23T08:53:59","slug":"kit-de-montaje-para-intermitentes-rizoma-en-portamatricula-oem-fr255","status":"publish","type":"product","link":"https:\/\/www.rizoma.com\/es\/negozio\/intermitentes\/FR255\/kit-de-montaje-para-intermitentes-rizoma-en-portamatricula-oem-fr255\/","title":{"rendered":"Kit de montaje para intermitentes Rizoma en Portamatr\u00edcula OEM"},"content":{"rendered":"<p>Cada adaptador de espejo est\u00e1 expresamente realizado para el modelo de moto correspondiente, con el fin de garantizar la mejor fijaci\u00f3n posible. Este kit de montaje est\u00e1 fabricado en Delrin e incluye el kit de cableado el\u00e9ctrico necesario para la instalaci\u00f3n de los intermitentes Rizoma.<\/p>\n","protected":false},"excerpt":{"rendered":"<p>Cada adaptador de espejo est\u00e1 expresamente realizado para el modelo de moto correspondiente, con el fin de garantizar la mejor fijaci\u00f3n posible. Este kit de montaje est\u00e1 fabricado en Delrin e incluye el kit de cableado el\u00e9ctrico necesario para la instalaci\u00f3n de los intermitentes Rizoma.<\/p>\n","protected":false},"featured_media":338799,"template":"","meta":{"_acf_changed":false},"rizoma_assembly_time":[42664],"rizoma_bike":[44364,44363],"rizoma_division":[42653],"rizoma_family":[42711],"rizoma_model_category":[],"rizoma_product_template":[],"product_brand":[],"product_cat":[42716],"product_tag":[],"class_list":{"0":"post-339329","1":"product","2":"type-product","3":"status-publish","4":"has-post-thumbnail","6":"rizoma_bike-rsv4-1100-2025-26","7":"rizoma_bike-rsv4-1100-factory-2025-26","8":"product_cat-intermitentes","10":"first","11":"instock","12":"taxable","13":"shipping-taxable","14":"purchasable","15":"product-type-variable"},"acf":[],"_links":{"self":[{"href":"https:\/\/www.rizoma.com\/es\/wp-json\/wp\/v2\/product\/339329","targetHints":{"allow":["GET"]}}],"collection":[{"href":"https:\/\/www.rizoma.com\/es\/wp-json\/wp\/v2\/product"}],"about":[{"href":"https:\/\/www.rizoma.com\/es\/wp-json\/wp\/v2\/types\/product"}],"wp:featuredmedia":[{"embeddable":true,"href":"https:\/\/www.rizoma.com\/es\/wp-json\/wp\/v2\/media\/338799"}],"wp:attachment":[{"href":"https:\/\/www.rizoma.com\/es\/wp-json\/wp\/v2\/media?parent=339329"}],"wp:term":[{"taxonomy":"rizoma_assembly_time","embeddable":true,"href":"https:\/\/www.rizoma.com\/es\/wp-json\/wp\/v2\/rizoma_assembly_time?post=339329"},{"taxonomy":"rizoma_bike","embeddable":true,"href":"https:\/\/www.rizoma.com\/es\/wp-json\/wp\/v2\/rizoma_bike?post=339329"},{"taxonomy":"rizoma_division","embeddable":true,"href":"https:\/\/www.rizoma.com\/es\/wp-json\/wp\/v2\/rizoma_division?post=339329"},{"taxonomy":"rizoma_family","embeddable":true,"href":"https:\/\/www.rizoma.com\/es\/wp-json\/wp\/v2\/rizoma_family?post=339329"},{"taxonomy":"rizoma_model_category","embeddable":true,"href":"https:\/\/www.rizoma.com\/es\/wp-json\/wp\/v2\/rizoma_model_category?post=339329"},{"taxonomy":"rizoma_product_template","embeddable":true,"href":"https:\/\/www.rizoma.com\/es\/wp-json\/wp\/v2\/rizoma_product_template?post=339329"},{"taxonomy":"product_brand","embeddable":true,"href":"https:\/\/www.rizoma.com\/es\/wp-json\/wp\/v2\/product_brand?post=339329"},{"taxonomy":"product_cat","embeddable":true,"href":"https:\/\/www.rizoma.com\/es\/wp-json\/wp\/v2\/product_cat?post=339329"},{"taxonomy":"product_tag","embeddable":true,"href":"https:\/\/www.rizoma.com\/es\/wp-json\/wp\/v2\/product_tag?post=339329"}],"curies":[{"name":"wp","href":"https:\/\/api.w.org\/{rel}","templated":true}]}}