{"id":337220,"date":"2025-07-14T14:09:08","date_gmt":"2025-07-14T12:09:08","guid":{"rendered":"https:\/\/www.rizoma.com\/negozio\/flat-out-fender-eliminator-ptu034\/"},"modified":"2025-07-14T14:15:24","modified_gmt":"2025-07-14T12:15:24","slug":"flat-out-fender-eliminator-ptu034","status":"publish","type":"product","link":"https:\/\/www.rizoma.com\/es\/negozio\/portamatricula\/PTU034\/flat-out-fender-eliminator-ptu034\/","title":{"rendered":"FLAT-OUT Fender Eliminator"},"content":{"rendered":"<p>Desde un profundo compromiso con la comunidad motociclista norteamericana, Rizoma ha concebido una nueva declaraci\u00f3n audaz de excelencia en dise\u00f1o e innovaci\u00f3n tecnol\u00f3gica: FLAT-OUT, el \u00fanico portamatr\u00edculas que querr\u00e1s en tu moto.<\/p>\n<p>Fabricado en Italia, este nuevo icono redefine las normas del perfil trasero de la moto, combinando a la perfecci\u00f3n una est\u00e9tica elegante con una funcionalidad lum\u00ednica avanzada, a trav\u00e9s de un accesorio \u00fanico que estiliza las l\u00edneas de cualquier motocicleta.<\/p>\n<p>Su barra de luz multifunci\u00f3n completamente integrada combina la luz de matr\u00edcula y los intermitentes secuenciales en una sola unidad limpia y minimalista, consistente para todos los modelos. La tecnolog\u00eda LED m\u00e1s avanzada, elegantemente oculta tras una lente negra ahumada, garantiza un rendimiento luminoso de \u00e1ngulo amplio sin concesiones.<br \/>Impulsado por la b\u00fasqueda de la perfecci\u00f3n, el soporte de matr\u00edcula de aluminio cuenta con ranuras de montaje y un perfil ultra delgado para minimizar la masa no suspendida y mantener el sistema ligero y orientado al rendimiento.<\/p>\n<p>El nombre del producto est\u00e1 directamente relacionado con las dos opciones de montaje que permiten los dos soportes de aluminio incluidos, dando a los motoristas libertad para elegir su estilo preferido: soporte \u201cFLAT\u201d para una configuraci\u00f3n recogida y \u201cOUT\u201d para una disposici\u00f3n est\u00e1ndar.<\/p>\n<p>Para una experiencia de compra e instalaci\u00f3n \u00f3ptima, el Fender Eliminator FLAT-OUT se vende como un kit completo, con todas las resistencias y cableado incluidos para una verdadera instalaci\u00f3n Plug &#038; Play.<\/p>\n","protected":false},"excerpt":{"rendered":"<p>Desde un profundo compromiso con la comunidad motociclista norteamericana, Rizoma ha concebido una nueva declaraci\u00f3n audaz de excelencia en dise\u00f1o e innovaci\u00f3n tecnol\u00f3gica: FLAT-OUT, el \u00fanico portamatr\u00edculas que querr\u00e1s en tu moto. Fabricado en Italia, este nuevo icono redefine las normas del perfil trasero de la moto, combinando a la perfecci\u00f3n una est\u00e9tica elegante con [&hellip;]<\/p>\n","protected":false},"featured_media":335817,"template":"","meta":{"_acf_changed":false},"rizoma_assembly_time":[42691],"rizoma_bike":[42610,42611,42640,44036],"rizoma_division":[42653],"rizoma_family":[],"rizoma_model_category":[],"rizoma_product_template":[],"product_brand":[],"product_cat":[42768],"product_tag":[],"class_list":{"0":"post-337220","1":"product","2":"type-product","3":"status-publish","4":"has-post-thumbnail","6":"rizoma_bike-mt-09-2024-26","7":"rizoma_bike-mt-09-sp-2024-26","8":"rizoma_bike-mt-09-y-amt-2024-26","9":"rizoma_bike-yzf-r9-2025-26","10":"product_cat-portamatricula","12":"first","13":"outofstock","14":"taxable","15":"shipping-taxable","16":"purchasable","17":"product-type-variable"},"acf":[],"_links":{"self":[{"href":"https:\/\/www.rizoma.com\/es\/wp-json\/wp\/v2\/product\/337220","targetHints":{"allow":["GET"]}}],"collection":[{"href":"https:\/\/www.rizoma.com\/es\/wp-json\/wp\/v2\/product"}],"about":[{"href":"https:\/\/www.rizoma.com\/es\/wp-json\/wp\/v2\/types\/product"}],"wp:featuredmedia":[{"embeddable":true,"href":"https:\/\/www.rizoma.com\/es\/wp-json\/wp\/v2\/media\/335817"}],"wp:attachment":[{"href":"https:\/\/www.rizoma.com\/es\/wp-json\/wp\/v2\/media?parent=337220"}],"wp:term":[{"taxonomy":"rizoma_assembly_time","embeddable":true,"href":"https:\/\/www.rizoma.com\/es\/wp-json\/wp\/v2\/rizoma_assembly_time?post=337220"},{"taxonomy":"rizoma_bike","embeddable":true,"href":"https:\/\/www.rizoma.com\/es\/wp-json\/wp\/v2\/rizoma_bike?post=337220"},{"taxonomy":"rizoma_division","embeddable":true,"href":"https:\/\/www.rizoma.com\/es\/wp-json\/wp\/v2\/rizoma_division?post=337220"},{"taxonomy":"rizoma_family","embeddable":true,"href":"https:\/\/www.rizoma.com\/es\/wp-json\/wp\/v2\/rizoma_family?post=337220"},{"taxonomy":"rizoma_model_category","embeddable":true,"href":"https:\/\/www.rizoma.com\/es\/wp-json\/wp\/v2\/rizoma_model_category?post=337220"},{"taxonomy":"rizoma_product_template","embeddable":true,"href":"https:\/\/www.rizoma.com\/es\/wp-json\/wp\/v2\/rizoma_product_template?post=337220"},{"taxonomy":"product_brand","embeddable":true,"href":"https:\/\/www.rizoma.com\/es\/wp-json\/wp\/v2\/product_brand?post=337220"},{"taxonomy":"product_cat","embeddable":true,"href":"https:\/\/www.rizoma.com\/es\/wp-json\/wp\/v2\/product_cat?post=337220"},{"taxonomy":"product_tag","embeddable":true,"href":"https:\/\/www.rizoma.com\/es\/wp-json\/wp\/v2\/product_tag?post=337220"}],"curies":[{"name":"wp","href":"https:\/\/api.w.org\/{rel}","templated":true}]}}