{"id":336858,"date":"2025-07-08T14:53:19","date_gmt":"2025-07-08T12:53:19","guid":{"rendered":"https:\/\/www.rizoma.com\/negozio\/r21-bs125\/"},"modified":"2025-10-21T17:08:46","modified_gmt":"2025-10-21T15:08:46","slug":"r21-bs125","status":"publish","type":"product","link":"https:\/\/www.rizoma.com\/es\/negozio\/espejos-retrovisores\/BS125\/r21-bs125\/motorbike\/7298\/honda\/cbr-1000-rr\/","title":{"rendered":"R21"},"content":{"rendered":"<p>No es un espejo: es una lente retrovisora invisible. Solo 18 g, lente ZEISS\u00ae irrompible, fijaci\u00f3n magn\u00e9tica.<br \/>R21 te permite ver hacia atr\u00e1s sin girar la cabeza, manteni\u00e9ndote en el flujo.<\/p>\n<p>Dise\u00f1ado para quienes quieren ver sin girarse, permanecer concentrados y conducir con mayor conciencia.<br \/>La lente ZEISS\u00ae garantiza una visi\u00f3n n\u00edtida, sin distorsiones, irrompible y resistente a los ara\u00f1azos. Su perfil aerodin\u00e1mico ha sido probado en t\u00fanel de viento.<br \/>El sistema magn\u00e9tico permite una fijaci\u00f3n estable y una extracci\u00f3n r\u00e1pida con un solo gesto.<\/p>\n<p>Dentro del manillar se inserta la Unidad de Regulaci\u00f3n: una esfera integrada que permite un ajuste fluido y preciso, adapt\u00e1ndose a distintas posturas y configuraciones.<br \/>Sobre esta base invisible se acopla la Unidad \u00d3ptica, que integra la lente retrovisora en un sistema compacto y esencial.<br \/>R21 es para quienes buscan una ventaja sin concesiones.<br \/>Tecnolog\u00eda invisible, mayor seguridad, visi\u00f3n continua.<br \/>Para quienes no quieren volver la vista atr\u00e1s.<\/p>\n","protected":false},"excerpt":{"rendered":"<p>No es un espejo: es una lente retrovisora invisible. Solo 18 g, lente ZEISS\u00ae irrompible, fijaci\u00f3n magn\u00e9tica.R21 te permite ver hacia atr\u00e1s sin girar la cabeza, manteni\u00e9ndote en el flujo. Dise\u00f1ado para quienes quieren ver sin girarse, permanecer concentrados y conducir con mayor conciencia.La lente ZEISS\u00ae garantiza una visi\u00f3n n\u00edtida, sin distorsiones, irrompible y resistente [&hellip;]<\/p>\n","protected":false},"featured_media":336812,"template":"","meta":{"_acf_changed":false},"rizoma_assembly_time":[42664],"rizoma_bike":[],"rizoma_division":[43902],"rizoma_family":[42927],"rizoma_model_category":[],"rizoma_product_template":[],"product_brand":[],"product_cat":[43943],"product_tag":[],"class_list":{"0":"post-336858","1":"product","2":"type-product","3":"status-publish","4":"has-post-thumbnail","6":"product_cat-espejos-retrovisores","8":"first","9":"instock","10":"taxable","11":"shipping-taxable","12":"purchasable","13":"product-type-variable"},"acf":[],"_links":{"self":[{"href":"https:\/\/www.rizoma.com\/es\/wp-json\/wp\/v2\/product\/336858","targetHints":{"allow":["GET"]}}],"collection":[{"href":"https:\/\/www.rizoma.com\/es\/wp-json\/wp\/v2\/product"}],"about":[{"href":"https:\/\/www.rizoma.com\/es\/wp-json\/wp\/v2\/types\/product"}],"wp:featuredmedia":[{"embeddable":true,"href":"https:\/\/www.rizoma.com\/es\/wp-json\/wp\/v2\/media\/336812"}],"wp:attachment":[{"href":"https:\/\/www.rizoma.com\/es\/wp-json\/wp\/v2\/media?parent=336858"}],"wp:term":[{"taxonomy":"rizoma_assembly_time","embeddable":true,"href":"https:\/\/www.rizoma.com\/es\/wp-json\/wp\/v2\/rizoma_assembly_time?post=336858"},{"taxonomy":"rizoma_bike","embeddable":true,"href":"https:\/\/www.rizoma.com\/es\/wp-json\/wp\/v2\/rizoma_bike?post=336858"},{"taxonomy":"rizoma_division","embeddable":true,"href":"https:\/\/www.rizoma.com\/es\/wp-json\/wp\/v2\/rizoma_division?post=336858"},{"taxonomy":"rizoma_family","embeddable":true,"href":"https:\/\/www.rizoma.com\/es\/wp-json\/wp\/v2\/rizoma_family?post=336858"},{"taxonomy":"rizoma_model_category","embeddable":true,"href":"https:\/\/www.rizoma.com\/es\/wp-json\/wp\/v2\/rizoma_model_category?post=336858"},{"taxonomy":"rizoma_product_template","embeddable":true,"href":"https:\/\/www.rizoma.com\/es\/wp-json\/wp\/v2\/rizoma_product_template?post=336858"},{"taxonomy":"product_brand","embeddable":true,"href":"https:\/\/www.rizoma.com\/es\/wp-json\/wp\/v2\/product_brand?post=336858"},{"taxonomy":"product_cat","embeddable":true,"href":"https:\/\/www.rizoma.com\/es\/wp-json\/wp\/v2\/product_cat?post=336858"},{"taxonomy":"product_tag","embeddable":true,"href":"https:\/\/www.rizoma.com\/es\/wp-json\/wp\/v2\/product_tag?post=336858"}],"curies":[{"name":"wp","href":"https:\/\/api.w.org\/{rel}","templated":true}]}}