{"id":336334,"date":"2025-06-23T14:10:16","date_gmt":"2025-06-23T12:10:16","guid":{"rendered":"https:\/\/www.rizoma.com\/negozio\/iride-l-ts161\/"},"modified":"2026-01-22T18:08:34","modified_gmt":"2026-01-22T17:08:34","slug":"iride-l-ts161","status":"publish","type":"product","link":"https:\/\/www.rizoma.com\/es\/negozio\/intermitentes\/TS161\/iride-l-ts161\/","title":{"rendered":"Iride L"},"content":{"rendered":"<p>El intermitente Iride L, en aluminio mecanizado a partir de un bloque macizo y con tecnolog\u00eda LED SMD de \u00faltima generaci\u00f3n, gracias a su elevada intensidad lum\u00ednica, garantiza el respeto de las normativas de homologaci\u00f3n europeas integrando dos funciones: intermitente y luz de posici\u00f3n delantera.<br \/>De dise\u00f1o innovador y dimensiones reducidas actualizando un marcado Estilo Cl\u00e1sico.<\/p>\n","protected":false},"excerpt":{"rendered":"<p>El intermitente Iride L, en aluminio mecanizado a partir de un bloque macizo y con tecnolog\u00eda LED SMD de \u00faltima generaci\u00f3n, gracias a su elevada intensidad lum\u00ednica, garantiza el respeto de las normativas de homologaci\u00f3n europeas integrando dos funciones: intermitente y luz de posici\u00f3n delantera.De dise\u00f1o innovador y dimensiones reducidas actualizando un marcado Estilo Cl\u00e1sico.<\/p>\n","protected":false},"featured_media":343032,"template":"","meta":{"_acf_changed":false},"rizoma_assembly_time":[42742],"rizoma_bike":[43787,43808,43800,43798,43811,43823,43788,43795,43781,43820,43812,43785,43777,43817,43794,43803,43805,43802,43822,41820,43792,43821,43779,43819,43782,43813,43790,43780,43791,43786,43793,43783,43789,43824,41569,41751,41938,42011,41845,41776,41715,41865,41760,41787,41750,41759,41817,41439,42019,41956,41521,41522,41795,42057,41763,41440,41947,41772,43818,43797,43807,41922,41688,41444,41893,41445,41908,43816,41936,41937,42047,41575,41886,42554,42599,41773,43804,42473,41917,41528,42051,41784,41846,42001,41869,41909,41530,41785,41788,41531,41800,41803],"rizoma_division":[42653],"rizoma_family":[42870],"rizoma_model_category":[],"rizoma_product_template":[],"product_brand":[],"product_cat":[42716],"product_tag":[],"class_list":{"0":"post-336334","1":"product","2":"type-product","3":"status-publish","4":"has-post-thumbnail","6":"rizoma_bike-107-breakout-2018-19-fxbr","7":"rizoma_bike-107-fat-bob-2017-20-fxfb","8":"rizoma_bike-107-fat-boy-2017-20-flfb","9":"rizoma_bike-107-slim-2018-20-flsl","10":"rizoma_bike-107-street-bob-2018-20-fxbb","11":"rizoma_bike-1130-v-rod-2006-vrsca","12":"rizoma_bike-1130-v-rod-2007-vrscaw","13":"rizoma_bike-114-breakout-2018-20-fxbrs","14":"rizoma_bike-114-fat-bob-2018-20-fxfbs","15":"rizoma_bike-114-fat-boy-2018-20-flfbs","16":"rizoma_bike-114-fxdr-2019-20","17":"rizoma_bike-1200-forty-eight-2016-20","18":"rizoma_bike-1200-xl-sportster-low-2007","19":"rizoma_bike-1200c-sportster-custom-2005-06","20":"rizoma_bike-1200c-sportster-custom-2007","21":"rizoma_bike-1200c-sportster-custom-2008-12","22":"rizoma_bike-1200l-xl-sportster-low-2005-06","23":"rizoma_bike-1200l-xl-sportster-low-2008-09","24":"rizoma_bike-1200n-sportster-nightster-xl-2008-12","25":"rizoma_bike-125-duke-abs-2013-16","26":"rizoma_bike-1250-v-rod-2008-12-vrscaw","27":"rizoma_bike-883-sportester-r-2007","28":"rizoma_bike-883-sportster-custom-2006","29":"rizoma_bike-883-sportster-r-2006","30":"rizoma_bike-883-sportster-xl-2006","31":"rizoma_bike-883-sportster-xl-2007","32":"rizoma_bike-883-sportster-xl-2008-09","33":"rizoma_bike-883c-sportster-custom-xl-2007","34":"rizoma_bike-883c-sportster-custom-xl-2008-12","35":"rizoma_bike-883l-sportster-low-xl-2005","36":"rizoma_bike-883l-sportster-low-xl-2006","37":"rizoma_bike-883l-sportster-low-xl-2007","38":"rizoma_bike-883l-sportster-low-xl-2008-12","39":"rizoma_bike-883r-sportster-xl-2008-16","40":"rizoma_bike-bonneville-t100-2008-16","41":"rizoma_bike-brutale-920-2011-12","42":"rizoma_bike-cb-500-f-abs-2016","43":"rizoma_bike-cb-650-f-2017-18","44":"rizoma_bike-cb-650-f-abs-2014-17","45":"rizoma_bike-cbr-1000-rr-fireblade-2012-16","46":"rizoma_bike-daytona-675-abs-2009-13","47":"rizoma_bike-daytona-675-r-abs-2009-16","48":"rizoma_bike-er-6f-2012-13","49":"rizoma_bike-er-6f-abs-2012-16","50":"rizoma_bike-er-6n-2009-11","51":"rizoma_bike-er-6n-abs-2012-16","52":"rizoma_bike-f-800-gs-adventure-2013-17","53":"rizoma_bike-f-800-r-2009-11","54":"rizoma_bike-g-310-gs-2017-20","55":"rizoma_bike-g-310-r-2016-20","56":"rizoma_bike-hornet-600-2011-13","57":"rizoma_bike-hornet-600-abs-2011-13","58":"rizoma_bike-hyperstrada-821-2013-15","59":"rizoma_bike-hyperstrada-939-2016-18","60":"rizoma_bike-integra-700-2011-13","61":"rizoma_bike-k-1300-r-2009-16","62":"rizoma_bike-mt-10-abs-2016-17","63":"rizoma_bike-nc700x-abs-2012-13","64":"rizoma_bike-night-rod-special-2006-vrscdx","65":"rizoma_bike-night-rod-special-2007-vrscdx","66":"rizoma_bike-night-rod-special-2008-16-vrscdx","67":"rizoma_bike-ninja-300-abs-2012-16","68":"rizoma_bike-ninja-600-zx-6r-2009-16","69":"rizoma_bike-r-1200-r-2011-14","70":"rizoma_bike-r-1200-r-2015-16","71":"rizoma_bike-r-1200-r-classic-2011-12","72":"rizoma_bike-r-1200-rs-2015-16","73":"rizoma_bike-softail-slim-2011-17-fls","74":"rizoma_bike-street-twin-900-2016","75":"rizoma_bike-thruxton-1200-r-2016","76":"rizoma_bike-thruxton-1200-r-2017-18","77":"rizoma_bike-thruxton-900-2004-15","78":"rizoma_bike-thruxton-900-ace-2014-15","79":"rizoma_bike-thruxton-rs-chrome-edition-2023","80":"rizoma_bike-thruxton-rs-final-edition-2024-25","81":"rizoma_bike-versys-1000-abs-2011-14","82":"rizoma_bike-vrscx-2007","83":"rizoma_bike-xdiavel-1262-nera-2022-23","84":"rizoma_bike-xjr-1300-2015-17","85":"rizoma_bike-z-1000-2010-13","86":"rizoma_bike-z-1000-2017-20","87":"rizoma_bike-z-1000-abs-2010-13","88":"rizoma_bike-z-1000-abs-2014-16","89":"rizoma_bike-z-1000-r-2017-20","90":"rizoma_bike-z-1000-sx-abs-2014-16","91":"rizoma_bike-z-300-abs-2015-16","92":"rizoma_bike-z-750-2007-14","93":"rizoma_bike-z-750-abs-2007-14","94":"rizoma_bike-z-750-r-2011-14","95":"rizoma_bike-z-750-r-abs-2011-12","96":"rizoma_bike-z-800-2012-13","97":"rizoma_bike-z-800-abs-2012-16","98":"product_cat-intermitentes","100":"first","101":"instock","102":"taxable","103":"shipping-taxable","104":"purchasable","105":"product-type-variable"},"acf":[],"_links":{"self":[{"href":"https:\/\/www.rizoma.com\/es\/wp-json\/wp\/v2\/product\/336334","targetHints":{"allow":["GET"]}}],"collection":[{"href":"https:\/\/www.rizoma.com\/es\/wp-json\/wp\/v2\/product"}],"about":[{"href":"https:\/\/www.rizoma.com\/es\/wp-json\/wp\/v2\/types\/product"}],"wp:featuredmedia":[{"embeddable":true,"href":"https:\/\/www.rizoma.com\/es\/wp-json\/wp\/v2\/media\/343032"}],"wp:attachment":[{"href":"https:\/\/www.rizoma.com\/es\/wp-json\/wp\/v2\/media?parent=336334"}],"wp:term":[{"taxonomy":"rizoma_assembly_time","embeddable":true,"href":"https:\/\/www.rizoma.com\/es\/wp-json\/wp\/v2\/rizoma_assembly_time?post=336334"},{"taxonomy":"rizoma_bike","embeddable":true,"href":"https:\/\/www.rizoma.com\/es\/wp-json\/wp\/v2\/rizoma_bike?post=336334"},{"taxonomy":"rizoma_division","embeddable":true,"href":"https:\/\/www.rizoma.com\/es\/wp-json\/wp\/v2\/rizoma_division?post=336334"},{"taxonomy":"rizoma_family","embeddable":true,"href":"https:\/\/www.rizoma.com\/es\/wp-json\/wp\/v2\/rizoma_family?post=336334"},{"taxonomy":"rizoma_model_category","embeddable":true,"href":"https:\/\/www.rizoma.com\/es\/wp-json\/wp\/v2\/rizoma_model_category?post=336334"},{"taxonomy":"rizoma_product_template","embeddable":true,"href":"https:\/\/www.rizoma.com\/es\/wp-json\/wp\/v2\/rizoma_product_template?post=336334"},{"taxonomy":"product_brand","embeddable":true,"href":"https:\/\/www.rizoma.com\/es\/wp-json\/wp\/v2\/product_brand?post=336334"},{"taxonomy":"product_cat","embeddable":true,"href":"https:\/\/www.rizoma.com\/es\/wp-json\/wp\/v2\/product_cat?post=336334"},{"taxonomy":"product_tag","embeddable":true,"href":"https:\/\/www.rizoma.com\/es\/wp-json\/wp\/v2\/product_tag?post=336334"}],"curies":[{"name":"wp","href":"https:\/\/api.w.org\/{rel}","templated":true}]}}