{"id":336244,"date":"2025-06-23T14:06:18","date_gmt":"2025-06-23T12:06:18","guid":{"rendered":"https:\/\/www.rizoma.com\/negozio\/sguardo-ts060\/"},"modified":"2026-01-08T14:05:21","modified_gmt":"2026-01-08T13:05:21","slug":"sguardo-ts060","status":"publish","type":"product","link":"https:\/\/www.rizoma.com\/es\/negozio\/intermitentes\/TS060\/sguardo-ts060\/","title":{"rendered":"Sguardo"},"content":{"rendered":"<p>El intermitente Sguardo, integra la funci\u00f3n de contrapeso de manillar y de intermitente, adapt\u00e1ndose perfectamente tanto a un estilo deportivo como a uno m\u00e1s cl\u00e1sico. La tecnolog\u00eda LED SMD de \u00faltima generaci\u00f3n garantiza el respeto de las normativas de homologaci\u00f3n europeas gracias a su alta intensidad lum\u00ednica. En aluminio mecanizado a partir de un bloque macizo, Sguardo es compatible con manillares \u00d8 22 y 25,4 mm.<\/p>\n","protected":false},"excerpt":{"rendered":"<p>El intermitente Sguardo, integra la funci\u00f3n de contrapeso de manillar y de intermitente, adapt\u00e1ndose perfectamente tanto a un estilo deportivo como a uno m\u00e1s cl\u00e1sico. La tecnolog\u00eda LED SMD de \u00faltima generaci\u00f3n garantiza el respeto de las normativas de homologaci\u00f3n europeas gracias a su alta intensidad lum\u00ednica. En aluminio mecanizado a partir de un bloque [&hellip;]<\/p>\n","protected":false},"featured_media":326681,"template":"","meta":{"_acf_changed":false},"rizoma_assembly_time":[42742],"rizoma_bike":[41694,41695,43785,41820,41634,41635,41751,41548,41515,41780,41516,42099,41938,42165,42315,41670,41671,41669,41672,41776,41601,41602,41603,41673,41674,41675,41676,41604,41807,41677,41808,44005,41715,41716,41456,42033,41779,42150,42324,42338,42151,42339,42625,42517,44018,41697,41699,41700,41622,41521,41522,41433,41804,41805,41951,41952,41795,42057,41460,41461,41462,42007,42124,41929,42008,41477,41843,42061,41483,42009,42156,42157,42082,41923,42152,41924,41798,41871,41890,42029,43818,43797,41838,41983,41570,41509,41512,41936,42218,42313,42219,42314,42431,42580,42524,41563,41610,41564,41565,41566,41436,41611,41567,42100,41937,42047,41575,41886,42554,42599,41612,41613,42303,42648,42634,43896,41415,44421,42026,42114,42122,42105,42106,42012,42013,42168,42189,42241,41778,41679,41680,41945,42328,42329,42473,41955,42330,42385,42051,42001,43993],"rizoma_division":[42653],"rizoma_family":[42834],"rizoma_model_category":[],"rizoma_product_template":[],"product_brand":[],"product_cat":[42716],"product_tag":[],"class_list":{"0":"post-336244","1":"product","2":"type-product","3":"status-publish","4":"has-post-thumbnail","6":"rizoma_bike-1190-rc8-2008-09","7":"rizoma_bike-1190-rc8-r-2009-16","8":"rizoma_bike-1200-forty-eight-2016-20","9":"rizoma_bike-125-duke-abs-2013-16","10":"rizoma_bike-748-sp-1995-97","11":"rizoma_bike-748-sps-1998-01","12":"rizoma_bike-brutale-920-2011-12","13":"rizoma_bike-brutale-989-r-1","14":"rizoma_bike-cb-1000-r-2008-10","15":"rizoma_bike-cb-1000-r-2011-14","16":"rizoma_bike-cb-1000-r-abs-2011-17","17":"rizoma_bike-cb-1000-r-neo-sport-cafe-2018-20","18":"rizoma_bike-cb-500-f-abs-2016","19":"rizoma_bike-cb-650-r-2019-20","20":"rizoma_bike-cb-650-r-2021-23","21":"rizoma_bike-cbr-1000-rr-c-abs-2009-11","22":"rizoma_bike-cbr-1000-rr-fireblade-2004-05","23":"rizoma_bike-cbr-1000-rr-fireblade-2006-07","24":"rizoma_bike-cbr-1000-rr-fireblade-2008-11","25":"rizoma_bike-cbr-1000-rr-fireblade-2012-16","26":"rizoma_bike-cbr-600-f-1999-00","27":"rizoma_bike-cbr-600-f-2001-06","28":"rizoma_bike-cbr-600-f-2011-13","29":"rizoma_bike-cbr-600-f-sport-1","30":"rizoma_bike-cbr-600-rr-2003-04","31":"rizoma_bike-cbr-600-rr-2005-06","32":"rizoma_bike-cbr-600-rr-2007-08","33":"rizoma_bike-cbr-600-rr-2009-12","34":"rizoma_bike-cbr-600-rr-abs-2012-16","35":"rizoma_bike-cbr-600-rr-c-abs-2009-12","36":"rizoma_bike-cbr-600-rr-ec-abs-2012-15","37":"rizoma_bike-cbr-900-rr-fireblade-2002-04","38":"rizoma_bike-daytona-675-abs-2009-13","39":"rizoma_bike-daytona-675-r-2010-12","40":"rizoma_bike-diavel-1200-2010-13","41":"rizoma_bike-diavel-1200-2017-18","42":"rizoma_bike-diavel-1200-amg-2012","43":"rizoma_bike-diavel-1260-2019-20","44":"rizoma_bike-diavel-1260-2021-22","45":"rizoma_bike-diavel-1260-lamborghini-2021","46":"rizoma_bike-diavel-1260-s-2019-20","47":"rizoma_bike-diavel-1260-s-2021-22","48":"rizoma_bike-diavel-for-bentley-2024","49":"rizoma_bike-diavel-v4-2023-26","50":"rizoma_bike-diavel-v4-rs-2026","51":"rizoma_bike-f4-1000-312-r-2007-09","52":"rizoma_bike-f4-1000-s-2004-05","53":"rizoma_bike-f4-750-s-2000-02","54":"rizoma_bike-firebolt-xb12r-1","55":"rizoma_bike-hornet-600-2011-13","56":"rizoma_bike-hornet-600-abs-2011-13","57":"rizoma_bike-hornet-600-s-2002-04","58":"rizoma_bike-hypermotard-821-2013-15","59":"rizoma_bike-hypermotard-821-sp-2013-15","60":"rizoma_bike-hypermotard-939-2016-18","61":"rizoma_bike-hypermotard-939-sp-2016-18","62":"rizoma_bike-hyperstrada-821-2013-15","63":"rizoma_bike-hyperstrada-939-2016-18","64":"rizoma_bike-monster-1100-2009-10","65":"rizoma_bike-monster-1100-evo-2011-12","66":"rizoma_bike-monster-1100-s-2009-10","67":"rizoma_bike-monster-1200-2017-21","68":"rizoma_bike-monster-1200-25-anniversario-2018-19","69":"rizoma_bike-monster-1200-r-2016-19","70":"rizoma_bike-monster-1200-s-2017-21","71":"rizoma_bike-monster-696-2008-13","72":"rizoma_bike-monster-696-abs-2009-14","73":"rizoma_bike-monster-696-plus-2007-14","74":"rizoma_bike-monster-796-2010-13","75":"rizoma_bike-monster-797-2017-18","76":"rizoma_bike-monster-797-2019-20","77":"rizoma_bike-monster-797-plus-2019","78":"rizoma_bike-monster-821-2018-20","79":"rizoma_bike-monster-821-dark-abs-2014-16","80":"rizoma_bike-monster-821-stealth-2019-20","81":"rizoma_bike-monster-821-stripe-abs-2015-17","82":"rizoma_bike-multistrada-1200-s-touring-2013-14","83":"rizoma_bike-multistrada-1200-s-touring-d-air-2013-14","84":"rizoma_bike-multistrada-1200-s-touring-d-air-2014-16","85":"rizoma_bike-multistrada-1200-s-touring-d-air-2017","86":"rizoma_bike-night-rod-special-2006-vrscdx","87":"rizoma_bike-night-rod-special-2007-vrscdx","88":"rizoma_bike-r-1200-gs-adventure-2013-16","89":"rizoma_bike-s-1000-rr-2017-18","90":"rizoma_bike-speed-triple-1050-2005-11","91":"rizoma_bike-sportclassic-1000-s-2006-11","92":"rizoma_bike-sportclassic-sport-1000-1","93":"rizoma_bike-street-twin-900-2016","94":"rizoma_bike-streetfighter-v4-1100-2020","95":"rizoma_bike-streetfighter-v4-1100-2021-22","96":"rizoma_bike-streetfighter-v4-1100-s-2020","97":"rizoma_bike-streetfighter-v4-1100-s-2021-22","98":"rizoma_bike-streetfighter-v4-1100-sp-2022","99":"rizoma_bike-streetfighter-v4-lamborghini-2023-24","100":"rizoma_bike-streetfighter-v4-sp2-2023-24","101":"rizoma_bike-sv-1000-1","102":"rizoma_bike-sv-1000-s-1","103":"rizoma_bike-sv-650-1999-02","104":"rizoma_bike-sv-650-2003-06","105":"rizoma_bike-sv-650-2006-11","106":"rizoma_bike-sv-650-s-1999-02","107":"rizoma_bike-sv-650-s-2003-06","108":"rizoma_bike-sv-650-s-2006-11","109":"rizoma_bike-svartpilen-401-2018-19","110":"rizoma_bike-thruxton-1200-r-2016","111":"rizoma_bike-thruxton-1200-r-2017-18","112":"rizoma_bike-thruxton-900-2004-15","113":"rizoma_bike-thruxton-900-ace-2014-15","114":"rizoma_bike-thruxton-rs-chrome-edition-2023","115":"rizoma_bike-thruxton-rs-final-edition-2024-25","116":"rizoma_bike-tl-1000-r-1998-02","117":"rizoma_bike-tl-1000-s-1997-03","118":"rizoma_bike-trident-660-2021-24","119":"rizoma_bike-trident-660-2025","120":"rizoma_bike-trident-660-triple-tribute-edition-2024","121":"rizoma_bike-trident-660-triple-tribute-edition-2025-26","122":"rizoma_bike-ulysses-xb12x-2006-11","123":"rizoma_bike-v7-850-stone-special-abs-2021","124":"rizoma_bike-v7-iii-anniversario-2017-18","125":"rizoma_bike-v7-iii-carbon-2018-20","126":"rizoma_bike-v7-iii-limited-2018","127":"rizoma_bike-v7-iii-milano-2018-20","128":"rizoma_bike-v7-iii-rough-2018-20","129":"rizoma_bike-v7-iii-special-2017-20","130":"rizoma_bike-v7-iii-stone-2017-20","131":"rizoma_bike-v7-iii-stone-2019","132":"rizoma_bike-v7-iii-stone-night-pack-2019-20","133":"rizoma_bike-v7-iii-stone-s-2020","134":"rizoma_bike-v7-stone-2012-15","135":"rizoma_bike-vtr-1000-sp-1-2000-01","136":"rizoma_bike-vtr-1000-sp-2-2002-06","137":"rizoma_bike-xdiavel-1262-2016-20","138":"rizoma_bike-xdiavel-1262-black-star-2021","139":"rizoma_bike-xdiavel-1262-dark-2021-24","140":"rizoma_bike-xdiavel-1262-nera-2022-23","141":"rizoma_bike-xdiavel-1262-s-2016-20","142":"rizoma_bike-xdiavel-1262-s-2021-24","143":"rizoma_bike-yzf-r6-race-2021","144":"rizoma_bike-z-1000-2017-20","145":"rizoma_bike-z-1000-r-2017-20","146":"rizoma_bike-z-1000-sx-abs-2011-13","147":"product_cat-intermitentes","149":"first","150":"instock","151":"taxable","152":"shipping-taxable","153":"purchasable","154":"product-type-variable"},"acf":[],"_links":{"self":[{"href":"https:\/\/www.rizoma.com\/es\/wp-json\/wp\/v2\/product\/336244","targetHints":{"allow":["GET"]}}],"collection":[{"href":"https:\/\/www.rizoma.com\/es\/wp-json\/wp\/v2\/product"}],"about":[{"href":"https:\/\/www.rizoma.com\/es\/wp-json\/wp\/v2\/types\/product"}],"wp:featuredmedia":[{"embeddable":true,"href":"https:\/\/www.rizoma.com\/es\/wp-json\/wp\/v2\/media\/326681"}],"wp:attachment":[{"href":"https:\/\/www.rizoma.com\/es\/wp-json\/wp\/v2\/media?parent=336244"}],"wp:term":[{"taxonomy":"rizoma_assembly_time","embeddable":true,"href":"https:\/\/www.rizoma.com\/es\/wp-json\/wp\/v2\/rizoma_assembly_time?post=336244"},{"taxonomy":"rizoma_bike","embeddable":true,"href":"https:\/\/www.rizoma.com\/es\/wp-json\/wp\/v2\/rizoma_bike?post=336244"},{"taxonomy":"rizoma_division","embeddable":true,"href":"https:\/\/www.rizoma.com\/es\/wp-json\/wp\/v2\/rizoma_division?post=336244"},{"taxonomy":"rizoma_family","embeddable":true,"href":"https:\/\/www.rizoma.com\/es\/wp-json\/wp\/v2\/rizoma_family?post=336244"},{"taxonomy":"rizoma_model_category","embeddable":true,"href":"https:\/\/www.rizoma.com\/es\/wp-json\/wp\/v2\/rizoma_model_category?post=336244"},{"taxonomy":"rizoma_product_template","embeddable":true,"href":"https:\/\/www.rizoma.com\/es\/wp-json\/wp\/v2\/rizoma_product_template?post=336244"},{"taxonomy":"product_brand","embeddable":true,"href":"https:\/\/www.rizoma.com\/es\/wp-json\/wp\/v2\/product_brand?post=336244"},{"taxonomy":"product_cat","embeddable":true,"href":"https:\/\/www.rizoma.com\/es\/wp-json\/wp\/v2\/product_cat?post=336244"},{"taxonomy":"product_tag","embeddable":true,"href":"https:\/\/www.rizoma.com\/es\/wp-json\/wp\/v2\/product_tag?post=336244"}],"curies":[{"name":"wp","href":"https:\/\/api.w.org\/{rel}","templated":true}]}}