{"id":331309,"date":"2025-06-04T17:24:03","date_gmt":"2025-06-04T15:24:03","guid":{"rendered":"https:\/\/www.rizoma.com\/negozio\/kit-de-montaje-multifit-bar-mount-ma434\/"},"modified":"2025-12-18T00:40:29","modified_gmt":"2025-12-17T23:40:29","slug":"kit-de-montaje-multifit-bar-mount-ma434","status":"publish","type":"product","link":"https:\/\/www.rizoma.com\/es\/negozio\/espejos-retrovisores\/MA434\/kit-de-montaje-multifit-bar-mount-ma434\/motorbike\/11943\/bmw\/r-18\/","title":{"rendered":"Kit de montaje Multifit Bar Mount"},"content":{"rendered":"<p>El adaptador universal para los retrovisores de contrapeso del manillar ha sido creado para garantizar que los retrovisores Rizoma se puedan instalar en cualquier moto con manillar con un di\u00e1metro exterior de 22 mm y un di\u00e1metro interior de 13,5 &#8211; 20 mm.<br \/>El adaptador sigue las l\u00edneas del retrovisor, garantizando as\u00ed la continuidad del dise\u00f1o. Fabricado tambi\u00e9n a partir de un bloque macizo de aluminio que le confiere una mayor resistencia y durabilidad.<\/p>\n","protected":false},"excerpt":{"rendered":"<p>El adaptador universal para los retrovisores de contrapeso del manillar ha sido creado para garantizar que los retrovisores Rizoma se puedan instalar en cualquier moto con manillar con un di\u00e1metro exterior de 22 mm y un di\u00e1metro interior de 13,5 &#8211; 20 mm.El adaptador sigue las l\u00edneas del retrovisor, garantizando as\u00ed la continuidad del dise\u00f1o. [&hellip;]<\/p>\n","protected":false},"featured_media":310891,"template":"","meta":{"_acf_changed":false},"rizoma_assembly_time":[42664],"rizoma_bike":[],"rizoma_division":[42653],"rizoma_family":[42669],"rizoma_model_category":[],"rizoma_product_template":[],"product_brand":[],"product_cat":[43943],"product_tag":[],"class_list":{"0":"post-331309","1":"product","2":"type-product","3":"status-publish","4":"has-post-thumbnail","6":"product_cat-espejos-retrovisores","8":"first","9":"instock","10":"sale","11":"taxable","12":"shipping-taxable","13":"purchasable","14":"product-type-variable"},"acf":[],"_links":{"self":[{"href":"https:\/\/www.rizoma.com\/es\/wp-json\/wp\/v2\/product\/331309","targetHints":{"allow":["GET"]}}],"collection":[{"href":"https:\/\/www.rizoma.com\/es\/wp-json\/wp\/v2\/product"}],"about":[{"href":"https:\/\/www.rizoma.com\/es\/wp-json\/wp\/v2\/types\/product"}],"wp:featuredmedia":[{"embeddable":true,"href":"https:\/\/www.rizoma.com\/es\/wp-json\/wp\/v2\/media\/310891"}],"wp:attachment":[{"href":"https:\/\/www.rizoma.com\/es\/wp-json\/wp\/v2\/media?parent=331309"}],"wp:term":[{"taxonomy":"rizoma_assembly_time","embeddable":true,"href":"https:\/\/www.rizoma.com\/es\/wp-json\/wp\/v2\/rizoma_assembly_time?post=331309"},{"taxonomy":"rizoma_bike","embeddable":true,"href":"https:\/\/www.rizoma.com\/es\/wp-json\/wp\/v2\/rizoma_bike?post=331309"},{"taxonomy":"rizoma_division","embeddable":true,"href":"https:\/\/www.rizoma.com\/es\/wp-json\/wp\/v2\/rizoma_division?post=331309"},{"taxonomy":"rizoma_family","embeddable":true,"href":"https:\/\/www.rizoma.com\/es\/wp-json\/wp\/v2\/rizoma_family?post=331309"},{"taxonomy":"rizoma_model_category","embeddable":true,"href":"https:\/\/www.rizoma.com\/es\/wp-json\/wp\/v2\/rizoma_model_category?post=331309"},{"taxonomy":"rizoma_product_template","embeddable":true,"href":"https:\/\/www.rizoma.com\/es\/wp-json\/wp\/v2\/rizoma_product_template?post=331309"},{"taxonomy":"product_brand","embeddable":true,"href":"https:\/\/www.rizoma.com\/es\/wp-json\/wp\/v2\/product_brand?post=331309"},{"taxonomy":"product_cat","embeddable":true,"href":"https:\/\/www.rizoma.com\/es\/wp-json\/wp\/v2\/product_cat?post=331309"},{"taxonomy":"product_tag","embeddable":true,"href":"https:\/\/www.rizoma.com\/es\/wp-json\/wp\/v2\/product_tag?post=331309"}],"curies":[{"name":"wp","href":"https:\/\/api.w.org\/{rel}","templated":true}]}}