{"id":328170,"date":"2025-03-25T14:05:44","date_gmt":"2025-03-25T13:05:44","guid":{"rendered":"https:\/\/www.rizoma.com\/negozio\/kit-de-montaje-de-intermitentes-fr249\/"},"modified":"2025-07-01T18:21:18","modified_gmt":"2025-07-01T16:21:18","slug":"kit-de-montaje-de-intermitentes-fr249","status":"publish","type":"product","link":"https:\/\/www.rizoma.com\/es\/negozio\/intermitentes\/FR249\/kit-de-montaje-de-intermitentes-fr249\/","title":{"rendered":"Kit de montaje de intermitentes"},"content":{"rendered":"<p>Cada adaptador de espejo est\u00e1 expresamente realizado para el modelo de moto correspondiente, con el fin de garantizar la mejor fijaci\u00f3n posible. Esto kit de montaje est\u00e1 fabricado en Delrin.<\/p>\n","protected":false},"excerpt":{"rendered":"<p>Cada adaptador de espejo est\u00e1 expresamente realizado para el modelo de moto correspondiente, con el fin de garantizar la mejor fijaci\u00f3n posible. Esto kit de montaje est\u00e1 fabricado en Delrin.<\/p>\n","protected":false},"featured_media":328069,"template":"","meta":{"_acf_changed":false},"rizoma_assembly_time":[42664],"rizoma_bike":[43718],"rizoma_division":[42653],"rizoma_family":[42711],"rizoma_model_category":[],"rizoma_product_template":[],"product_brand":[],"product_cat":[42716],"product_tag":[],"class_list":{"0":"post-328170","1":"product","2":"type-product","3":"status-publish","4":"has-post-thumbnail","6":"rizoma_bike-cbr-600-rr-2024-26","7":"product_cat-intermitentes","9":"first","10":"instock","11":"taxable","12":"shipping-taxable","13":"purchasable","14":"product-type-variable"},"acf":[],"_links":{"self":[{"href":"https:\/\/www.rizoma.com\/es\/wp-json\/wp\/v2\/product\/328170","targetHints":{"allow":["GET"]}}],"collection":[{"href":"https:\/\/www.rizoma.com\/es\/wp-json\/wp\/v2\/product"}],"about":[{"href":"https:\/\/www.rizoma.com\/es\/wp-json\/wp\/v2\/types\/product"}],"wp:featuredmedia":[{"embeddable":true,"href":"https:\/\/www.rizoma.com\/es\/wp-json\/wp\/v2\/media\/328069"}],"wp:attachment":[{"href":"https:\/\/www.rizoma.com\/es\/wp-json\/wp\/v2\/media?parent=328170"}],"wp:term":[{"taxonomy":"rizoma_assembly_time","embeddable":true,"href":"https:\/\/www.rizoma.com\/es\/wp-json\/wp\/v2\/rizoma_assembly_time?post=328170"},{"taxonomy":"rizoma_bike","embeddable":true,"href":"https:\/\/www.rizoma.com\/es\/wp-json\/wp\/v2\/rizoma_bike?post=328170"},{"taxonomy":"rizoma_division","embeddable":true,"href":"https:\/\/www.rizoma.com\/es\/wp-json\/wp\/v2\/rizoma_division?post=328170"},{"taxonomy":"rizoma_family","embeddable":true,"href":"https:\/\/www.rizoma.com\/es\/wp-json\/wp\/v2\/rizoma_family?post=328170"},{"taxonomy":"rizoma_model_category","embeddable":true,"href":"https:\/\/www.rizoma.com\/es\/wp-json\/wp\/v2\/rizoma_model_category?post=328170"},{"taxonomy":"rizoma_product_template","embeddable":true,"href":"https:\/\/www.rizoma.com\/es\/wp-json\/wp\/v2\/rizoma_product_template?post=328170"},{"taxonomy":"product_brand","embeddable":true,"href":"https:\/\/www.rizoma.com\/es\/wp-json\/wp\/v2\/product_brand?post=328170"},{"taxonomy":"product_cat","embeddable":true,"href":"https:\/\/www.rizoma.com\/es\/wp-json\/wp\/v2\/product_cat?post=328170"},{"taxonomy":"product_tag","embeddable":true,"href":"https:\/\/www.rizoma.com\/es\/wp-json\/wp\/v2\/product_tag?post=328170"}],"curies":[{"name":"wp","href":"https:\/\/api.w.org\/{rel}","templated":true}]}}