{"id":327865,"date":"2025-03-11T04:05:21","date_gmt":"2025-03-11T03:05:21","guid":{"rendered":"https:\/\/www.rizoma.com\/negozio\/carter-embrague-zbw109\/"},"modified":"2025-03-11T04:05:43","modified_gmt":"2025-03-11T03:05:43","slug":"carter-embrague-zbw109","status":"publish","type":"product","link":"https:\/\/www.rizoma.com\/es\/negozio\/mas-para-tu-bmw\/ZBW109\/carter-embrague-zbw109\/","title":{"rendered":"C\u00e1rter embrague"},"content":{"rendered":"<p>Una obra maestra del dise\u00f1o, capaz de expresar excelentemente la visi\u00f3n de belleza de Rizoma, una combinaci\u00f3n perfecta entre forma, funci\u00f3n y m\u00e1xima expresi\u00f3n de la mecanizaci\u00f3n, a partir de un bloque macizo de aluminio. <\/p>\n<p>La cubierta exterior bordless cuenta con una ventana Lexan de alta tecnolog\u00eda, transparente, lo que permite a los entusiastas mostrar y admirar la singularidad y la belleza del conjunto del embrague en movimiento.<\/p>\n<p>Los componentes internos han sido desarrollados para garantizar la excelencia est\u00e9tica y t\u00e9cnica.<\/p>\n<p>El sistema de ventilaci\u00f3n del embrague, de hecho, que consta de un plato de presi\u00f3n y un anillo de presi\u00f3n de aluminio, han sido especialmente dise\u00f1ados para optimizar la circulaci\u00f3n del aceite dentro del cover.<br \/>Adem\u00e1s, el sistema se caracteriza por llevar tornillos de fijaci\u00f3n de titanio, elegidos por Rizoma para minimizar las masas en movimiento y aumentar la resistencia mec\u00e1nica.<\/p>\n<p>Para una mejor experiencia de compra y montaje, la tapa del embrague se vende completa con todos los componentes necesarios para un reemplazo plug &#038; play del sistema original, icluyendo un tap\u00f3n de aceite de aluminio mecanizado y rodamientos de agujas preensamblados para el eje de liberaci\u00f3n.<\/p>\n<p>El producto ha sido dise\u00f1ado para una instalaci\u00f3n r\u00e1pida Plug and Play.<\/p>\n","protected":false},"excerpt":{"rendered":"<p>Una obra maestra del dise\u00f1o, capaz de expresar excelentemente la visi\u00f3n de belleza de Rizoma, una combinaci\u00f3n perfecta entre forma, funci\u00f3n y m\u00e1xima expresi\u00f3n de la mecanizaci\u00f3n, a partir de un bloque macizo de aluminio. La cubierta exterior bordless cuenta con una ventana Lexan de alta tecnolog\u00eda, transparente, lo que permite a los entusiastas mostrar [&hellip;]<\/p>\n","protected":false},"featured_media":327858,"template":"","meta":{"_acf_changed":false},"rizoma_assembly_time":[42691],"rizoma_bike":[42516,43912,43707,42345,43913,42167,42302,42574,43701,42236,42607],"rizoma_division":[42653],"rizoma_family":[],"rizoma_model_category":[],"rizoma_product_template":[],"product_brand":[],"product_cat":[42783],"product_tag":[],"class_list":{"0":"post-327865","1":"product","2":"type-product","3":"status-publish","4":"has-post-thumbnail","6":"rizoma_bike-m-1000-r-2023-24","7":"rizoma_bike-m-1000-r-2025-26","8":"rizoma_bike-m-1000-xr-2024-26","9":"rizoma_bike-s-1000-r-2021-24","10":"rizoma_bike-s-1000-r-2025-26","11":"rizoma_bike-s-1000-rr-2019-20","12":"rizoma_bike-s-1000-rr-2021-22","13":"rizoma_bike-s-1000-rr-2023-24","14":"rizoma_bike-s-1000-rr-2025-26","15":"rizoma_bike-s-1000-xr-2020-23","16":"rizoma_bike-s-1000-xr-2024-26","17":"product_cat-mas-para-tu-bmw","19":"first","20":"instock","21":"taxable","22":"shipping-taxable","23":"purchasable","24":"product-type-variable"},"acf":[],"_links":{"self":[{"href":"https:\/\/www.rizoma.com\/es\/wp-json\/wp\/v2\/product\/327865","targetHints":{"allow":["GET"]}}],"collection":[{"href":"https:\/\/www.rizoma.com\/es\/wp-json\/wp\/v2\/product"}],"about":[{"href":"https:\/\/www.rizoma.com\/es\/wp-json\/wp\/v2\/types\/product"}],"wp:featuredmedia":[{"embeddable":true,"href":"https:\/\/www.rizoma.com\/es\/wp-json\/wp\/v2\/media\/327858"}],"wp:attachment":[{"href":"https:\/\/www.rizoma.com\/es\/wp-json\/wp\/v2\/media?parent=327865"}],"wp:term":[{"taxonomy":"rizoma_assembly_time","embeddable":true,"href":"https:\/\/www.rizoma.com\/es\/wp-json\/wp\/v2\/rizoma_assembly_time?post=327865"},{"taxonomy":"rizoma_bike","embeddable":true,"href":"https:\/\/www.rizoma.com\/es\/wp-json\/wp\/v2\/rizoma_bike?post=327865"},{"taxonomy":"rizoma_division","embeddable":true,"href":"https:\/\/www.rizoma.com\/es\/wp-json\/wp\/v2\/rizoma_division?post=327865"},{"taxonomy":"rizoma_family","embeddable":true,"href":"https:\/\/www.rizoma.com\/es\/wp-json\/wp\/v2\/rizoma_family?post=327865"},{"taxonomy":"rizoma_model_category","embeddable":true,"href":"https:\/\/www.rizoma.com\/es\/wp-json\/wp\/v2\/rizoma_model_category?post=327865"},{"taxonomy":"rizoma_product_template","embeddable":true,"href":"https:\/\/www.rizoma.com\/es\/wp-json\/wp\/v2\/rizoma_product_template?post=327865"},{"taxonomy":"product_brand","embeddable":true,"href":"https:\/\/www.rizoma.com\/es\/wp-json\/wp\/v2\/product_brand?post=327865"},{"taxonomy":"product_cat","embeddable":true,"href":"https:\/\/www.rizoma.com\/es\/wp-json\/wp\/v2\/product_cat?post=327865"},{"taxonomy":"product_tag","embeddable":true,"href":"https:\/\/www.rizoma.com\/es\/wp-json\/wp\/v2\/product_tag?post=327865"}],"curies":[{"name":"wp","href":"https:\/\/api.w.org\/{rel}","templated":true}]}}