{"id":327706,"date":"2025-03-04T15:35:14","date_gmt":"2025-03-04T14:35:14","guid":{"rendered":"https:\/\/www.rizoma.com\/negozio\/stealth-bss043\/"},"modified":"2025-06-16T10:01:23","modified_gmt":"2025-06-16T08:01:23","slug":"stealth-bss043","status":"publish","type":"product","link":"https:\/\/www.rizoma.com\/es\/negozio\/espejos-retrovisores\/BSS043\/stealth-bss043\/","title":{"rendered":"Stealth"},"content":{"rendered":"<p>Dise\u00f1ado para desaparecer. Nacido para ir m\u00e1s all\u00e1. Creado para motocicletas supersport, Stealth Sport ha sido desarrollado para minimizar el impacto visual y dominar el aire. <\/p>\n<p>Tres elementos: una base fija integrada en el carenado, un brazo orientable para el repliegue interno del espejo y un cuerpo m\u00f3vil que alberga el cristal. Con un solo movimiento, la estructura se compacta, transformando el espejo en un ala aerodin\u00e1mica. El resultado: carga aerodin\u00e1mica tangible, hasta 4 kg a 300 km\/h. Fresado a partir de un solo bloque de aluminio y acabado con una anodizaci\u00f3n profunda, cuenta con una lente convexa HD con tinte azul para una visi\u00f3n n\u00edtida y sin reflejos.<\/p>\n","protected":false},"excerpt":{"rendered":"<p>Dise\u00f1ado para desaparecer. Nacido para ir m\u00e1s all\u00e1. Creado para motocicletas supersport, Stealth Sport ha sido desarrollado para minimizar el impacto visual y dominar el aire. Tres elementos: una base fija integrada en el carenado, un brazo orientable para el repliegue interno del espejo y un cuerpo m\u00f3vil que alberga el cristal. Con un solo [&hellip;]<\/p>\n","protected":false},"featured_media":327508,"template":"","meta":{"_acf_changed":false},"rizoma_assembly_time":[],"rizoma_bike":[43699,44015,44017,43700,43704,43705,44014,44016],"rizoma_division":[42653],"rizoma_family":[42972],"rizoma_model_category":[],"rizoma_product_template":[],"product_brand":[],"product_cat":[43943],"product_tag":[],"class_list":{"0":"post-327706","1":"product","2":"type-product","3":"status-publish","4":"has-post-thumbnail","6":"rizoma_bike-panigale-v4-2025-26","7":"rizoma_bike-panigale-v4-lamborghini-2026","8":"rizoma_bike-panigale-v4-r-2026","9":"rizoma_bike-panigale-v4-s-2025-26","10":"rizoma_bike-panigale-v4-s-carbon-2025-26","11":"rizoma_bike-panigale-v4-s-carbon-pro-2025-26","12":"rizoma_bike-panigale-v4-tricolore-2025-26","13":"rizoma_bike-panigale-v4-tricolore-italia-2025-26","14":"product_cat-espejos-retrovisores","16":"first","17":"instock","18":"taxable","19":"shipping-taxable","20":"purchasable","21":"product-type-variable"},"acf":[],"_links":{"self":[{"href":"https:\/\/www.rizoma.com\/es\/wp-json\/wp\/v2\/product\/327706","targetHints":{"allow":["GET"]}}],"collection":[{"href":"https:\/\/www.rizoma.com\/es\/wp-json\/wp\/v2\/product"}],"about":[{"href":"https:\/\/www.rizoma.com\/es\/wp-json\/wp\/v2\/types\/product"}],"wp:featuredmedia":[{"embeddable":true,"href":"https:\/\/www.rizoma.com\/es\/wp-json\/wp\/v2\/media\/327508"}],"wp:attachment":[{"href":"https:\/\/www.rizoma.com\/es\/wp-json\/wp\/v2\/media?parent=327706"}],"wp:term":[{"taxonomy":"rizoma_assembly_time","embeddable":true,"href":"https:\/\/www.rizoma.com\/es\/wp-json\/wp\/v2\/rizoma_assembly_time?post=327706"},{"taxonomy":"rizoma_bike","embeddable":true,"href":"https:\/\/www.rizoma.com\/es\/wp-json\/wp\/v2\/rizoma_bike?post=327706"},{"taxonomy":"rizoma_division","embeddable":true,"href":"https:\/\/www.rizoma.com\/es\/wp-json\/wp\/v2\/rizoma_division?post=327706"},{"taxonomy":"rizoma_family","embeddable":true,"href":"https:\/\/www.rizoma.com\/es\/wp-json\/wp\/v2\/rizoma_family?post=327706"},{"taxonomy":"rizoma_model_category","embeddable":true,"href":"https:\/\/www.rizoma.com\/es\/wp-json\/wp\/v2\/rizoma_model_category?post=327706"},{"taxonomy":"rizoma_product_template","embeddable":true,"href":"https:\/\/www.rizoma.com\/es\/wp-json\/wp\/v2\/rizoma_product_template?post=327706"},{"taxonomy":"product_brand","embeddable":true,"href":"https:\/\/www.rizoma.com\/es\/wp-json\/wp\/v2\/product_brand?post=327706"},{"taxonomy":"product_cat","embeddable":true,"href":"https:\/\/www.rizoma.com\/es\/wp-json\/wp\/v2\/product_cat?post=327706"},{"taxonomy":"product_tag","embeddable":true,"href":"https:\/\/www.rizoma.com\/es\/wp-json\/wp\/v2\/product_tag?post=327706"}],"curies":[{"name":"wp","href":"https:\/\/api.w.org\/{rel}","templated":true}]}}