{"id":327229,"date":"2025-02-04T15:05:19","date_gmt":"2025-02-04T14:05:19","guid":{"rendered":"https:\/\/www.rizoma.com\/negozio\/manetas-de-freno-3d-lbj201\/"},"modified":"2025-12-18T00:39:59","modified_gmt":"2025-12-17T23:39:59","slug":"manetas-de-freno-3d-lbj201","status":"publish","type":"product","link":"https:\/\/www.rizoma.com\/es\/negozio\/manetas-freno-embrague\/LBJ201\/manetas-de-freno-3d-lbj201\/","title":{"rendered":"Manetas de Freno 3D"},"content":{"rendered":"<p>Aerodin\u00e1mica y tacto. El dise\u00f1o de las Manetas 3D parte de un proceso de an\u00e1lisis y pruebas en el t\u00fanel de viento. Se ha comprobado que, en un uso deportivo a altas velocidades, la fuerza de la presi\u00f3n del aire incide de forma importante en el sistema de frenado. Para reducir este efecto, se ha llevado a cabo un vaciado en el extremo exterior de la maneta que reduce al m\u00ednimo la presi\u00f3n existente para garantizar un funcionamiento \u00f3ptimo. Mecanizadas a partir de un bloque de aluminio y anodizadas, estas manetas ofrecen unas amplias posibilidades de regulaci\u00f3n desplaz\u00e1ndose sobre cojinetes de deslizamiento con muelles de retorno, garantizando as\u00ed precisi\u00f3n y fiabilidad. Adem\u00e1s, la articulaci\u00f3n permite el repliegue de las manetas en caso de ca\u00edda, reduciendo la posibilidad de rotura. Finalmente, el tratamiento superficial garantiza un mejor agarre completado tambi\u00e9n con los Anillos de colores de silicona, que adem\u00e1s de ser un detalle a\u00f1adido de personalizaci\u00f3n, permiten un mejor agarre durante la regulaci\u00f3n de la palanca.<\/p>\n","protected":false},"excerpt":{"rendered":"<p>Aerodin\u00e1mica y tacto. El dise\u00f1o de las Manetas 3D parte de un proceso de an\u00e1lisis y pruebas en el t\u00fanel de viento. Se ha comprobado que, en un uso deportivo a altas velocidades, la fuerza de la presi\u00f3n del aire incide de forma importante en el sistema de frenado. Para reducir este efecto, se ha [&hellip;]<\/p>\n","protected":false},"featured_media":294077,"template":"","meta":{"_acf_changed":false},"rizoma_assembly_time":[42675],"rizoma_bike":[42084,42244,41722,41615,41616,41617],"rizoma_division":[42653],"rizoma_family":[42885],"rizoma_model_category":[],"rizoma_product_template":[],"product_brand":[],"product_cat":[42809],"product_tag":[],"class_list":{"0":"post-327229","1":"product","2":"type-product","3":"status-publish","4":"has-post-thumbnail","6":"rizoma_bike-vitpilen-701-2018-19","7":"rizoma_bike-vitpilen-701-2020","8":"rizoma_bike-yzf-r1-2007-08","9":"rizoma_bike-yzf-r6-2006-07","10":"rizoma_bike-yzf-r6-2008-09","11":"rizoma_bike-yzf-r6-2010-16","12":"product_cat-manetas-freno-embrague","14":"first","15":"instock","16":"sale","17":"taxable","18":"shipping-taxable","19":"purchasable","20":"product-type-variable"},"acf":[],"_links":{"self":[{"href":"https:\/\/www.rizoma.com\/es\/wp-json\/wp\/v2\/product\/327229","targetHints":{"allow":["GET"]}}],"collection":[{"href":"https:\/\/www.rizoma.com\/es\/wp-json\/wp\/v2\/product"}],"about":[{"href":"https:\/\/www.rizoma.com\/es\/wp-json\/wp\/v2\/types\/product"}],"wp:featuredmedia":[{"embeddable":true,"href":"https:\/\/www.rizoma.com\/es\/wp-json\/wp\/v2\/media\/294077"}],"wp:attachment":[{"href":"https:\/\/www.rizoma.com\/es\/wp-json\/wp\/v2\/media?parent=327229"}],"wp:term":[{"taxonomy":"rizoma_assembly_time","embeddable":true,"href":"https:\/\/www.rizoma.com\/es\/wp-json\/wp\/v2\/rizoma_assembly_time?post=327229"},{"taxonomy":"rizoma_bike","embeddable":true,"href":"https:\/\/www.rizoma.com\/es\/wp-json\/wp\/v2\/rizoma_bike?post=327229"},{"taxonomy":"rizoma_division","embeddable":true,"href":"https:\/\/www.rizoma.com\/es\/wp-json\/wp\/v2\/rizoma_division?post=327229"},{"taxonomy":"rizoma_family","embeddable":true,"href":"https:\/\/www.rizoma.com\/es\/wp-json\/wp\/v2\/rizoma_family?post=327229"},{"taxonomy":"rizoma_model_category","embeddable":true,"href":"https:\/\/www.rizoma.com\/es\/wp-json\/wp\/v2\/rizoma_model_category?post=327229"},{"taxonomy":"rizoma_product_template","embeddable":true,"href":"https:\/\/www.rizoma.com\/es\/wp-json\/wp\/v2\/rizoma_product_template?post=327229"},{"taxonomy":"product_brand","embeddable":true,"href":"https:\/\/www.rizoma.com\/es\/wp-json\/wp\/v2\/product_brand?post=327229"},{"taxonomy":"product_cat","embeddable":true,"href":"https:\/\/www.rizoma.com\/es\/wp-json\/wp\/v2\/product_cat?post=327229"},{"taxonomy":"product_tag","embeddable":true,"href":"https:\/\/www.rizoma.com\/es\/wp-json\/wp\/v2\/product_tag?post=327229"}],"curies":[{"name":"wp","href":"https:\/\/api.w.org\/{rel}","templated":true}]}}