{"id":318569,"date":"2024-11-21T17:53:53","date_gmt":"2024-11-21T16:53:53","guid":{"rendered":"https:\/\/rwp.rizoma.com\/negozio\/kit-catadioptrico-de-matricula-ee195\/"},"modified":"2025-11-22T00:07:31","modified_gmt":"2025-11-21T23:07:31","slug":"kit-catadioptrico-de-matricula-ee195","status":"publish","type":"product","link":"https:\/\/www.rizoma.com\/es\/negozio\/portamatricula\/EE195\/kit-catadioptrico-de-matricula-ee195\/motorbike\/11943\/bmw\/r-18\/","title":{"rendered":"Kit catadi\u00f3ptrico de matr\u00edcula"},"content":{"rendered":"<p>El Kit de catadi\u00f3ptrico de matr\u00edcula, homologado, es de f\u00e1cil instalaci\u00f3n y puede adaptarse a diferentes portamatr\u00edculas. El Kit de catadi\u00f3ptrico es compatible con todos los portamatr\u00edculas Rizoma.<\/p>\n","protected":false},"excerpt":{"rendered":"<p>El Kit de catadi\u00f3ptrico de matr\u00edcula, homologado, es de f\u00e1cil instalaci\u00f3n y puede adaptarse a diferentes portamatr\u00edculas. El Kit de catadi\u00f3ptrico es compatible con todos los portamatr\u00edculas Rizoma.<\/p>\n","protected":false},"featured_media":308351,"template":"","meta":{"_acf_changed":false},"rizoma_assembly_time":[42753],"rizoma_bike":[],"rizoma_division":[42653],"rizoma_family":[42916],"rizoma_model_category":[],"rizoma_product_template":[],"product_brand":[],"product_cat":[42768],"product_tag":[],"class_list":{"0":"post-318569","1":"product","2":"type-product","3":"status-publish","4":"has-post-thumbnail","6":"product_cat-portamatricula","8":"first","9":"instock","10":"taxable","11":"shipping-taxable","12":"purchasable","13":"product-type-variable"},"acf":[],"_links":{"self":[{"href":"https:\/\/www.rizoma.com\/es\/wp-json\/wp\/v2\/product\/318569","targetHints":{"allow":["GET"]}}],"collection":[{"href":"https:\/\/www.rizoma.com\/es\/wp-json\/wp\/v2\/product"}],"about":[{"href":"https:\/\/www.rizoma.com\/es\/wp-json\/wp\/v2\/types\/product"}],"wp:featuredmedia":[{"embeddable":true,"href":"https:\/\/www.rizoma.com\/es\/wp-json\/wp\/v2\/media\/308351"}],"wp:attachment":[{"href":"https:\/\/www.rizoma.com\/es\/wp-json\/wp\/v2\/media?parent=318569"}],"wp:term":[{"taxonomy":"rizoma_assembly_time","embeddable":true,"href":"https:\/\/www.rizoma.com\/es\/wp-json\/wp\/v2\/rizoma_assembly_time?post=318569"},{"taxonomy":"rizoma_bike","embeddable":true,"href":"https:\/\/www.rizoma.com\/es\/wp-json\/wp\/v2\/rizoma_bike?post=318569"},{"taxonomy":"rizoma_division","embeddable":true,"href":"https:\/\/www.rizoma.com\/es\/wp-json\/wp\/v2\/rizoma_division?post=318569"},{"taxonomy":"rizoma_family","embeddable":true,"href":"https:\/\/www.rizoma.com\/es\/wp-json\/wp\/v2\/rizoma_family?post=318569"},{"taxonomy":"rizoma_model_category","embeddable":true,"href":"https:\/\/www.rizoma.com\/es\/wp-json\/wp\/v2\/rizoma_model_category?post=318569"},{"taxonomy":"rizoma_product_template","embeddable":true,"href":"https:\/\/www.rizoma.com\/es\/wp-json\/wp\/v2\/rizoma_product_template?post=318569"},{"taxonomy":"product_brand","embeddable":true,"href":"https:\/\/www.rizoma.com\/es\/wp-json\/wp\/v2\/product_brand?post=318569"},{"taxonomy":"product_cat","embeddable":true,"href":"https:\/\/www.rizoma.com\/es\/wp-json\/wp\/v2\/product_cat?post=318569"},{"taxonomy":"product_tag","embeddable":true,"href":"https:\/\/www.rizoma.com\/es\/wp-json\/wp\/v2\/product_tag?post=318569"}],"curies":[{"name":"wp","href":"https:\/\/api.w.org\/{rel}","templated":true}]}}