{"id":318479,"date":"2024-11-21T17:51:48","date_gmt":"2024-11-21T16:51:48","guid":{"rendered":"https:\/\/rwp.rizoma.com\/negozio\/protector-de-faro-delantero-zbw112\/"},"modified":"2025-01-14T13:13:04","modified_gmt":"2025-01-14T12:13:04","slug":"protector-de-faro-delantero-zbw112","status":"publish","type":"product","link":"https:\/\/www.rizoma.com\/es\/negozio\/mas-para-tu-bmw\/ZBW112\/protector-de-faro-delantero-zbw112\/","title":{"rendered":"Protector de faro delantero"},"content":{"rendered":"<p>Rizoma ha ideado el Protector de faro delantero, buscando el justo equilibrio entre comodidad, gracias al sistema de enganche\/desenganche r\u00e1pido, est\u00e9tica y funcionalidad. Ofrece una protecci\u00f3n adecuada del grupo \u00f3ptico de la GS con el protector en LEXAN\u00ae de alta calidad. Atenci\u00f3n, el protector de faro delantero ZBW112 ha sido desarrollado para uso Offroad.<\/p>\n","protected":false},"excerpt":{"rendered":"<p>Rizoma ha ideado el Protector de faro delantero, buscando el justo equilibrio entre comodidad, gracias al sistema de enganche\/desenganche r\u00e1pido, est\u00e9tica y funcionalidad. Ofrece una protecci\u00f3n adecuada del grupo \u00f3ptico de la GS con el protector en LEXAN\u00ae de alta calidad. Atenci\u00f3n, el protector de faro delantero ZBW112 ha sido desarrollado para uso Offroad.<\/p>\n","protected":false},"featured_media":311261,"template":"","meta":{"_acf_changed":false},"rizoma_assembly_time":[42664],"rizoma_bike":[42591,43394,42604,42605,42606],"rizoma_division":[42653],"rizoma_family":[],"rizoma_model_category":[],"rizoma_product_template":[],"product_brand":[],"product_cat":[42783],"product_tag":[],"class_list":{"0":"post-318479","1":"product","2":"type-product","3":"status-publish","4":"has-post-thumbnail","6":"rizoma_bike-r-1300-gs-2023-26","7":"rizoma_bike-r-1300-gs-asa-2024-26","8":"rizoma_bike-r-1300-gs-option-719-tramuntana-2023-26","9":"rizoma_bike-r-1300-gs-triple-black-2023-26","10":"rizoma_bike-r-1300-gs-trophy-2023-26","11":"product_cat-mas-para-tu-bmw","13":"first","14":"instock","15":"taxable","16":"shipping-taxable","17":"purchasable","18":"product-type-variable"},"acf":[],"_links":{"self":[{"href":"https:\/\/www.rizoma.com\/es\/wp-json\/wp\/v2\/product\/318479","targetHints":{"allow":["GET"]}}],"collection":[{"href":"https:\/\/www.rizoma.com\/es\/wp-json\/wp\/v2\/product"}],"about":[{"href":"https:\/\/www.rizoma.com\/es\/wp-json\/wp\/v2\/types\/product"}],"wp:featuredmedia":[{"embeddable":true,"href":"https:\/\/www.rizoma.com\/es\/wp-json\/wp\/v2\/media\/311261"}],"wp:attachment":[{"href":"https:\/\/www.rizoma.com\/es\/wp-json\/wp\/v2\/media?parent=318479"}],"wp:term":[{"taxonomy":"rizoma_assembly_time","embeddable":true,"href":"https:\/\/www.rizoma.com\/es\/wp-json\/wp\/v2\/rizoma_assembly_time?post=318479"},{"taxonomy":"rizoma_bike","embeddable":true,"href":"https:\/\/www.rizoma.com\/es\/wp-json\/wp\/v2\/rizoma_bike?post=318479"},{"taxonomy":"rizoma_division","embeddable":true,"href":"https:\/\/www.rizoma.com\/es\/wp-json\/wp\/v2\/rizoma_division?post=318479"},{"taxonomy":"rizoma_family","embeddable":true,"href":"https:\/\/www.rizoma.com\/es\/wp-json\/wp\/v2\/rizoma_family?post=318479"},{"taxonomy":"rizoma_model_category","embeddable":true,"href":"https:\/\/www.rizoma.com\/es\/wp-json\/wp\/v2\/rizoma_model_category?post=318479"},{"taxonomy":"rizoma_product_template","embeddable":true,"href":"https:\/\/www.rizoma.com\/es\/wp-json\/wp\/v2\/rizoma_product_template?post=318479"},{"taxonomy":"product_brand","embeddable":true,"href":"https:\/\/www.rizoma.com\/es\/wp-json\/wp\/v2\/product_brand?post=318479"},{"taxonomy":"product_cat","embeddable":true,"href":"https:\/\/www.rizoma.com\/es\/wp-json\/wp\/v2\/product_cat?post=318479"},{"taxonomy":"product_tag","embeddable":true,"href":"https:\/\/www.rizoma.com\/es\/wp-json\/wp\/v2\/product_tag?post=318479"}],"curies":[{"name":"wp","href":"https:\/\/api.w.org\/{rel}","templated":true}]}}