{"id":318299,"date":"2024-11-21T17:47:28","date_gmt":"2024-11-21T16:47:28","guid":{"rendered":"https:\/\/rwp.rizoma.com\/negozio\/manillar-drag-bar-ma015\/"},"modified":"2025-06-06T04:53:06","modified_gmt":"2025-06-06T02:53:06","slug":"manillar-drag-bar-ma015","status":"publish","type":"product","link":"https:\/\/www.rizoma.com\/es\/negozio\/kit-para-manillar\/MA015\/manillar-drag-bar-ma015\/","title":{"rendered":"Manillar Drag Bar"},"content":{"rendered":"<p>El manillar Rizoma Drag Bar garantiza al piloto una posici\u00f3n de pilotaje m\u00e1s deportiva que el manillar OEM, ofreciendo tambi\u00e9n un tacto m\u00e1s din\u00e1mico en general. Los manillares Rizoma, realizados en aluminio y fruto de un particular proceso productivo, garantizan unas excelentes prestaciones estructurales y de fiabilidad. El acabado superficial de alta calidad se obtiene mediante un proceso de anodizado. Los manillares Rizoma est\u00e1n dotados de homologaci\u00f3n T\u00dcV.<\/p>\n","protected":false},"excerpt":{"rendered":"<p>El manillar Rizoma Drag Bar garantiza al piloto una posici\u00f3n de pilotaje m\u00e1s deportiva que el manillar OEM, ofreciendo tambi\u00e9n un tacto m\u00e1s din\u00e1mico en general. Los manillares Rizoma, realizados en aluminio y fruto de un particular proceso productivo, garantizan unas excelentes prestaciones estructurales y de fiabilidad. El acabado superficial de alta calidad se obtiene [&hellip;]<\/p>\n","protected":false},"featured_media":296712,"template":"","meta":{"_acf_changed":false},"rizoma_assembly_time":[42691],"rizoma_bike":[42165,42315,43418,44375,44378,43419,43420,41805,41841,41929,41842,41896,41870,42520,42646,42522,42365,44372,44376,42169,42396,43684,42475,43683,42603,41866,42044,41755,41968,42430,42499,42358,42466,44374,44421,42026,42114,42122,42105,42106,42012,42013,42168,42189,42241,44423,44428,44427,41778,42359,44426,42360,44430,44424,41917],"rizoma_division":[42653],"rizoma_family":[42932],"rizoma_model_category":[],"rizoma_product_template":[],"product_brand":[],"product_cat":[42663],"product_tag":[],"class_list":{"0":"post-318299","1":"product","2":"type-product","3":"status-publish","4":"has-post-thumbnail","6":"rizoma_bike-cb-650-r-2019-20","7":"rizoma_bike-cb-650-r-2021-23","8":"rizoma_bike-gsx-8s-2023-24","9":"rizoma_bike-gsx-8s-2025-26","10":"rizoma_bike-gsx-8s-evo-2025-26","11":"rizoma_bike-gsx-8s-kevin-schwantz-edition-2023","12":"rizoma_bike-gsx-8s-team-suzuki-edition-2024","13":"rizoma_bike-hypermotard-821-sp-2013-15","14":"rizoma_bike-monster-1200-2014-16","15":"rizoma_bike-monster-1200-r-2016-19","16":"rizoma_bike-monster-1200-s-2014-16","17":"rizoma_bike-monster-1200-s-stripe-2014-15","18":"rizoma_bike-monster-821-abs-2014-17","19":"rizoma_bike-scrambler-800-full-throttle-2023-24","20":"rizoma_bike-scrambler-800-full-throttle-2025-26","21":"rizoma_bike-scrambler-800-nightshift-2023-24","22":"rizoma_bike-speed-triple-1200-rs-2021-24","23":"rizoma_bike-speed-triple-1200-rs-2025-26","24":"rizoma_bike-speed-triple-1200-rx-2025-26","25":"rizoma_bike-speed-twin-1200-2019-20","26":"rizoma_bike-speed-twin-1200-2021-24","27":"rizoma_bike-speed-twin-1200-2025-26","28":"rizoma_bike-speed-twin-1200-breitling-limited-edition-2022-24","29":"rizoma_bike-speed-twin-1200-rs-2025-26","30":"rizoma_bike-speed-twin-1200-stealth-edition-2024","31":"rizoma_bike-street-triple-r-2013-14","32":"rizoma_bike-street-triple-r-2017-20","33":"rizoma_bike-street-triple-r-abs-2013-17","34":"rizoma_bike-street-triple-rx-abs-2016-17","35":"rizoma_bike-streetfighter-v2-2022-24","36":"rizoma_bike-streetfighter-v2-955-green-2022-23","37":"rizoma_bike-tuono-660-2021-25","38":"rizoma_bike-tuono-660-factory-2022-24","39":"rizoma_bike-tuono-660-factory-2025-26","40":"rizoma_bike-v7-850-stone-special-abs-2021","41":"rizoma_bike-v7-iii-anniversario-2017-18","42":"rizoma_bike-v7-iii-carbon-2018-20","43":"rizoma_bike-v7-iii-limited-2018","44":"rizoma_bike-v7-iii-milano-2018-20","45":"rizoma_bike-v7-iii-rough-2018-20","46":"rizoma_bike-v7-iii-special-2017-20","47":"rizoma_bike-v7-iii-stone-2017-20","48":"rizoma_bike-v7-iii-stone-2019","49":"rizoma_bike-v7-iii-stone-night-pack-2019-20","50":"rizoma_bike-v7-iii-stone-s-2020","51":"rizoma_bike-v7-special-2021-24","52":"rizoma_bike-v7-special-2025-26","53":"rizoma_bike-v7-sport-2025-26","54":"rizoma_bike-v7-stone-2012-15","55":"rizoma_bike-v7-stone-2021-24","56":"rizoma_bike-v7-stone-2025-26","57":"rizoma_bike-v7-stone-centenario-2021-22","58":"rizoma_bike-v7-stone-special-edition-2022-25","59":"rizoma_bike-v7-stone-ten-2024-25","60":"rizoma_bike-xjr-1300-2015-17","61":"product_cat-kit-para-manillar","63":"first","64":"instock","65":"taxable","66":"shipping-taxable","67":"purchasable","68":"product-type-variable"},"acf":[],"_links":{"self":[{"href":"https:\/\/www.rizoma.com\/es\/wp-json\/wp\/v2\/product\/318299","targetHints":{"allow":["GET"]}}],"collection":[{"href":"https:\/\/www.rizoma.com\/es\/wp-json\/wp\/v2\/product"}],"about":[{"href":"https:\/\/www.rizoma.com\/es\/wp-json\/wp\/v2\/types\/product"}],"wp:featuredmedia":[{"embeddable":true,"href":"https:\/\/www.rizoma.com\/es\/wp-json\/wp\/v2\/media\/296712"}],"wp:attachment":[{"href":"https:\/\/www.rizoma.com\/es\/wp-json\/wp\/v2\/media?parent=318299"}],"wp:term":[{"taxonomy":"rizoma_assembly_time","embeddable":true,"href":"https:\/\/www.rizoma.com\/es\/wp-json\/wp\/v2\/rizoma_assembly_time?post=318299"},{"taxonomy":"rizoma_bike","embeddable":true,"href":"https:\/\/www.rizoma.com\/es\/wp-json\/wp\/v2\/rizoma_bike?post=318299"},{"taxonomy":"rizoma_division","embeddable":true,"href":"https:\/\/www.rizoma.com\/es\/wp-json\/wp\/v2\/rizoma_division?post=318299"},{"taxonomy":"rizoma_family","embeddable":true,"href":"https:\/\/www.rizoma.com\/es\/wp-json\/wp\/v2\/rizoma_family?post=318299"},{"taxonomy":"rizoma_model_category","embeddable":true,"href":"https:\/\/www.rizoma.com\/es\/wp-json\/wp\/v2\/rizoma_model_category?post=318299"},{"taxonomy":"rizoma_product_template","embeddable":true,"href":"https:\/\/www.rizoma.com\/es\/wp-json\/wp\/v2\/rizoma_product_template?post=318299"},{"taxonomy":"product_brand","embeddable":true,"href":"https:\/\/www.rizoma.com\/es\/wp-json\/wp\/v2\/product_brand?post=318299"},{"taxonomy":"product_cat","embeddable":true,"href":"https:\/\/www.rizoma.com\/es\/wp-json\/wp\/v2\/product_cat?post=318299"},{"taxonomy":"product_tag","embeddable":true,"href":"https:\/\/www.rizoma.com\/es\/wp-json\/wp\/v2\/product_tag?post=318299"}],"curies":[{"name":"wp","href":"https:\/\/api.w.org\/{rel}","templated":true}]}}