{"id":318244,"date":"2024-11-21T17:46:12","date_gmt":"2024-11-21T16:46:12","guid":{"rendered":"https:\/\/rwp.rizoma.com\/negozio\/kit-de-torretas-az430\/"},"modified":"2025-01-14T11:02:40","modified_gmt":"2025-01-14T10:02:40","slug":"kit-de-torretas-az430","status":"publish","type":"product","link":"https:\/\/www.rizoma.com\/es\/negozio\/kit-para-manillar\/AZ430\/kit-de-torretas-az430\/","title":{"rendered":"Kit de Torretas"},"content":{"rendered":"<p>Las Torretas para manillar \u00d8 25,4 mm est\u00e1n realizadas en aluminio mecanizado a partir de un bloque macizo, y destacan por su manufacturaci\u00f3n 3D y tratamiento superficial de anodizado que asegura calidad y durabilidad. Estilo Custom para quien quiere enriquecer con detalles su propia moto.<\/p>\n","protected":false},"excerpt":{"rendered":"<p>Las Torretas para manillar \u00d8 25,4 mm est\u00e1n realizadas en aluminio mecanizado a partir de un bloque macizo, y destacan por su manufacturaci\u00f3n 3D y tratamiento superficial de anodizado que asegura calidad y durabilidad. Estilo Custom para quien quiere enriquecer con detalles su propia moto.<\/p>\n","protected":false},"featured_media":296992,"template":"","meta":{"_acf_changed":false},"rizoma_assembly_time":[42664],"rizoma_bike":[41569,41935,44379,44380,42598,42601,42552,43391,43392,42602,41575,41886,41825,41830,41832,41887,41962,41826,41973],"rizoma_division":[42653],"rizoma_family":[42658],"rizoma_model_category":[],"rizoma_product_template":[],"product_brand":[],"product_cat":[42663],"product_tag":[],"class_list":{"0":"post-318244","1":"product","2":"type-product","3":"status-publish","4":"has-post-thumbnail","6":"rizoma_bike-bonneville-t100-2008-16","7":"rizoma_bike-bonneville-t120-2016-20","8":"rizoma_bike-bonneville-t120-2026","9":"rizoma_bike-bonneville-t120-black-2026","10":"rizoma_bike-bonneville-t120-black-dgr-limited-edition-2023","11":"rizoma_bike-bonneville-t120-black-stealth-edition-2024","12":"rizoma_bike-bonneville-t120-chrome-edition-2023","13":"rizoma_bike-bonneville-t120-elvis-2024-26","14":"rizoma_bike-bonneville-t120-icon-edition-2025-26","15":"rizoma_bike-bonneville-t120-stealth-edition-2024","16":"rizoma_bike-thruxton-900-2004-15","17":"rizoma_bike-thruxton-900-ace-2014-15","18":"rizoma_bike-xv-950-2014-16","19":"rizoma_bike-xv-950-abs","20":"rizoma_bike-xv-950-abs-2014-17","21":"rizoma_bike-xv-950-abs-racer-2015-18","22":"rizoma_bike-xv-950-abs-racer-60th-anniversary-2015-17","23":"rizoma_bike-xv-950-r-abs-2014-16","24":"rizoma_bike-xv-950-r-abs-2017-20","25":"product_cat-kit-para-manillar","27":"first","28":"instock","29":"taxable","30":"shipping-taxable","31":"purchasable","32":"product-type-variable"},"acf":[],"_links":{"self":[{"href":"https:\/\/www.rizoma.com\/es\/wp-json\/wp\/v2\/product\/318244","targetHints":{"allow":["GET"]}}],"collection":[{"href":"https:\/\/www.rizoma.com\/es\/wp-json\/wp\/v2\/product"}],"about":[{"href":"https:\/\/www.rizoma.com\/es\/wp-json\/wp\/v2\/types\/product"}],"wp:featuredmedia":[{"embeddable":true,"href":"https:\/\/www.rizoma.com\/es\/wp-json\/wp\/v2\/media\/296992"}],"wp:attachment":[{"href":"https:\/\/www.rizoma.com\/es\/wp-json\/wp\/v2\/media?parent=318244"}],"wp:term":[{"taxonomy":"rizoma_assembly_time","embeddable":true,"href":"https:\/\/www.rizoma.com\/es\/wp-json\/wp\/v2\/rizoma_assembly_time?post=318244"},{"taxonomy":"rizoma_bike","embeddable":true,"href":"https:\/\/www.rizoma.com\/es\/wp-json\/wp\/v2\/rizoma_bike?post=318244"},{"taxonomy":"rizoma_division","embeddable":true,"href":"https:\/\/www.rizoma.com\/es\/wp-json\/wp\/v2\/rizoma_division?post=318244"},{"taxonomy":"rizoma_family","embeddable":true,"href":"https:\/\/www.rizoma.com\/es\/wp-json\/wp\/v2\/rizoma_family?post=318244"},{"taxonomy":"rizoma_model_category","embeddable":true,"href":"https:\/\/www.rizoma.com\/es\/wp-json\/wp\/v2\/rizoma_model_category?post=318244"},{"taxonomy":"rizoma_product_template","embeddable":true,"href":"https:\/\/www.rizoma.com\/es\/wp-json\/wp\/v2\/rizoma_product_template?post=318244"},{"taxonomy":"product_brand","embeddable":true,"href":"https:\/\/www.rizoma.com\/es\/wp-json\/wp\/v2\/product_brand?post=318244"},{"taxonomy":"product_cat","embeddable":true,"href":"https:\/\/www.rizoma.com\/es\/wp-json\/wp\/v2\/product_cat?post=318244"},{"taxonomy":"product_tag","embeddable":true,"href":"https:\/\/www.rizoma.com\/es\/wp-json\/wp\/v2\/product_tag?post=318244"}],"curies":[{"name":"wp","href":"https:\/\/api.w.org\/{rel}","templated":true}]}}