{"id":318189,"date":"2024-11-21T17:44:50","date_gmt":"2024-11-21T16:44:50","guid":{"rendered":"https:\/\/rwp.rizoma.com\/negozio\/stealth-bss050\/"},"modified":"2026-01-08T15:58:28","modified_gmt":"2026-01-08T14:58:28","slug":"stealth-bss050","status":"publish","type":"product","link":"https:\/\/www.rizoma.com\/es\/negozio\/espejos-retrovisores\/BSS050\/stealth-bss050\/","title":{"rendered":"Stealth"},"content":{"rendered":"<p>Dise\u00f1ado para desaparecer. Nacido para ir m\u00e1s all\u00e1. Creado para motocicletas supersport, Stealth Sport ha sido desarrollado para minimizar el impacto visual y dominar el aire. <\/p>\n<p>Dos elementos: una base fija integrada en el carenado y un cuerpo m\u00f3vil que alberga el cristal. Con un solo movimiento, la estructura se compacta, transformando el espejo en un ala aerodin\u00e1mica. El resultado: carga aerodin\u00e1mica tangible, hasta 4 kg a 300 km\/h. Fresado a partir de un solo bloque de aluminio y acabado con una anodizaci\u00f3n profunda, cuenta con una lente convexa HD con tinte azul para una visi\u00f3n n\u00edtida y sin reflejos.<\/p>\n","protected":false},"excerpt":{"rendered":"<p>Dise\u00f1ado para desaparecer. Nacido para ir m\u00e1s all\u00e1. Creado para motocicletas supersport, Stealth Sport ha sido desarrollado para minimizar el impacto visual y dominar el aire. Dos elementos: una base fija integrada en el carenado y un cuerpo m\u00f3vil que alberga el cristal. Con un solo movimiento, la estructura se compacta, transformando el espejo en [&hellip;]<\/p>\n","protected":false},"featured_media":300717,"template":"","meta":{"_acf_changed":false},"rizoma_assembly_time":[42664],"rizoma_bike":[41995,42139,42039,42141,42295,42346,42410],"rizoma_division":[42653],"rizoma_family":[42972],"rizoma_model_category":[],"rizoma_product_template":[],"product_brand":[],"product_cat":[43943],"product_tag":[],"class_list":{"0":"post-318189","1":"product","2":"type-product","3":"status-publish","4":"has-post-thumbnail","6":"rizoma_bike-gsx-r1000-2017-18","7":"rizoma_bike-gsx-r1000-2019-20","8":"rizoma_bike-gsx-r1000r-2017-18","9":"rizoma_bike-gsx-r1000r-2019-20","10":"rizoma_bike-gsx-r1000r-anniversary-2020","11":"rizoma_bike-gsx-r1000r-legend-edition-2020","12":"rizoma_bike-gsx-r1000r-phantom-2022","13":"product_cat-espejos-retrovisores","15":"first","16":"instock","17":"taxable","18":"shipping-taxable","19":"purchasable","20":"product-type-variable"},"acf":[],"_links":{"self":[{"href":"https:\/\/www.rizoma.com\/es\/wp-json\/wp\/v2\/product\/318189","targetHints":{"allow":["GET"]}}],"collection":[{"href":"https:\/\/www.rizoma.com\/es\/wp-json\/wp\/v2\/product"}],"about":[{"href":"https:\/\/www.rizoma.com\/es\/wp-json\/wp\/v2\/types\/product"}],"wp:featuredmedia":[{"embeddable":true,"href":"https:\/\/www.rizoma.com\/es\/wp-json\/wp\/v2\/media\/300717"}],"wp:attachment":[{"href":"https:\/\/www.rizoma.com\/es\/wp-json\/wp\/v2\/media?parent=318189"}],"wp:term":[{"taxonomy":"rizoma_assembly_time","embeddable":true,"href":"https:\/\/www.rizoma.com\/es\/wp-json\/wp\/v2\/rizoma_assembly_time?post=318189"},{"taxonomy":"rizoma_bike","embeddable":true,"href":"https:\/\/www.rizoma.com\/es\/wp-json\/wp\/v2\/rizoma_bike?post=318189"},{"taxonomy":"rizoma_division","embeddable":true,"href":"https:\/\/www.rizoma.com\/es\/wp-json\/wp\/v2\/rizoma_division?post=318189"},{"taxonomy":"rizoma_family","embeddable":true,"href":"https:\/\/www.rizoma.com\/es\/wp-json\/wp\/v2\/rizoma_family?post=318189"},{"taxonomy":"rizoma_model_category","embeddable":true,"href":"https:\/\/www.rizoma.com\/es\/wp-json\/wp\/v2\/rizoma_model_category?post=318189"},{"taxonomy":"rizoma_product_template","embeddable":true,"href":"https:\/\/www.rizoma.com\/es\/wp-json\/wp\/v2\/rizoma_product_template?post=318189"},{"taxonomy":"product_brand","embeddable":true,"href":"https:\/\/www.rizoma.com\/es\/wp-json\/wp\/v2\/product_brand?post=318189"},{"taxonomy":"product_cat","embeddable":true,"href":"https:\/\/www.rizoma.com\/es\/wp-json\/wp\/v2\/product_cat?post=318189"},{"taxonomy":"product_tag","embeddable":true,"href":"https:\/\/www.rizoma.com\/es\/wp-json\/wp\/v2\/product_tag?post=318189"}],"curies":[{"name":"wp","href":"https:\/\/api.w.org\/{rel}","templated":true}]}}