{"id":318144,"date":"2024-11-21T17:43:46","date_gmt":"2024-11-21T16:43:46","guid":{"rendered":"https:\/\/rwp.rizoma.com\/negozio\/manetas-de-embrague-rrc-lcr601\/"},"modified":"2025-12-18T00:36:48","modified_gmt":"2025-12-17T23:36:48","slug":"manetas-de-embrague-rrc-lcr601","status":"publish","type":"product","link":"https:\/\/www.rizoma.com\/es\/negozio\/manetas-freno-embrague\/LCR601\/manetas-de-embrague-rrc-lcr601\/","title":{"rendered":"Manetas de Embrague RRC"},"content":{"rendered":"<p>Aerodin\u00e1mica y tacto. El dise\u00f1o de las Manetas RRC parte de un proceso de an\u00e1lisis y pruebas en el t\u00fanel del viento. Se ha comprobado que, en un uso deportivo a altas velocidades, la fuerza de la presi\u00f3n del aire incide de forma importante en el sistema de frenado. Para reducir este efecto, se ha llevado a cabo un vaciado en el extremo exterior de la maneta que reduce al m\u00ednimo la presi\u00f3n existente para garantizar un funcionamiento \u00f3ptimo. En aluminio mecanizado a partir de un bloque macizo y anodizadas, las manetas RRC tienen el mecanismo de regulaci\u00f3n posicionado superiormente, permitiendo as\u00ed una mayor accesibilidad.<\/p>\n","protected":false},"excerpt":{"rendered":"<p>Aerodin\u00e1mica y tacto. El dise\u00f1o de las Manetas RRC parte de un proceso de an\u00e1lisis y pruebas en el t\u00fanel del viento. Se ha comprobado que, en un uso deportivo a altas velocidades, la fuerza de la presi\u00f3n del aire incide de forma importante en el sistema de frenado. Para reducir este efecto, se ha [&hellip;]<\/p>\n","protected":false},"featured_media":294397,"template":"","meta":{"_acf_changed":false},"rizoma_assembly_time":[42675],"rizoma_bike":[41696,41794],"rizoma_division":[42653],"rizoma_family":[42804],"rizoma_model_category":[],"rizoma_product_template":[],"product_brand":[],"product_cat":[42809],"product_tag":[],"class_list":{"0":"post-318144","1":"product","2":"type-product","3":"status-publish","4":"has-post-thumbnail","6":"rizoma_bike-f3-675-2011-15","7":"rizoma_bike-rivale-800-eas-2013-15","8":"product_cat-manetas-freno-embrague","10":"first","11":"instock","12":"sale","13":"taxable","14":"shipping-taxable","15":"purchasable","16":"product-type-variable"},"acf":[],"_links":{"self":[{"href":"https:\/\/www.rizoma.com\/es\/wp-json\/wp\/v2\/product\/318144","targetHints":{"allow":["GET"]}}],"collection":[{"href":"https:\/\/www.rizoma.com\/es\/wp-json\/wp\/v2\/product"}],"about":[{"href":"https:\/\/www.rizoma.com\/es\/wp-json\/wp\/v2\/types\/product"}],"wp:featuredmedia":[{"embeddable":true,"href":"https:\/\/www.rizoma.com\/es\/wp-json\/wp\/v2\/media\/294397"}],"wp:attachment":[{"href":"https:\/\/www.rizoma.com\/es\/wp-json\/wp\/v2\/media?parent=318144"}],"wp:term":[{"taxonomy":"rizoma_assembly_time","embeddable":true,"href":"https:\/\/www.rizoma.com\/es\/wp-json\/wp\/v2\/rizoma_assembly_time?post=318144"},{"taxonomy":"rizoma_bike","embeddable":true,"href":"https:\/\/www.rizoma.com\/es\/wp-json\/wp\/v2\/rizoma_bike?post=318144"},{"taxonomy":"rizoma_division","embeddable":true,"href":"https:\/\/www.rizoma.com\/es\/wp-json\/wp\/v2\/rizoma_division?post=318144"},{"taxonomy":"rizoma_family","embeddable":true,"href":"https:\/\/www.rizoma.com\/es\/wp-json\/wp\/v2\/rizoma_family?post=318144"},{"taxonomy":"rizoma_model_category","embeddable":true,"href":"https:\/\/www.rizoma.com\/es\/wp-json\/wp\/v2\/rizoma_model_category?post=318144"},{"taxonomy":"rizoma_product_template","embeddable":true,"href":"https:\/\/www.rizoma.com\/es\/wp-json\/wp\/v2\/rizoma_product_template?post=318144"},{"taxonomy":"product_brand","embeddable":true,"href":"https:\/\/www.rizoma.com\/es\/wp-json\/wp\/v2\/product_brand?post=318144"},{"taxonomy":"product_cat","embeddable":true,"href":"https:\/\/www.rizoma.com\/es\/wp-json\/wp\/v2\/product_cat?post=318144"},{"taxonomy":"product_tag","embeddable":true,"href":"https:\/\/www.rizoma.com\/es\/wp-json\/wp\/v2\/product_tag?post=318144"}],"curies":[{"name":"wp","href":"https:\/\/api.w.org\/{rel}","templated":true}]}}