{"id":317952,"date":"2024-11-21T17:38:52","date_gmt":"2024-11-21T16:38:52","guid":{"rendered":"https:\/\/rwp.rizoma.com\/negozio\/manetas-de-freno-adjustable-plus-lbx210\/"},"modified":"2025-06-06T06:14:10","modified_gmt":"2025-06-06T04:14:10","slug":"manetas-de-freno-adjustable-plus-lbx210","status":"publish","type":"product","link":"https:\/\/www.rizoma.com\/es\/negozio\/manetas-freno-embrague\/LBX210\/manetas-de-freno-adjustable-plus-lbx210\/","title":{"rendered":"Manetas de Freno Adjustable Plus"},"content":{"rendered":"<p>Las manetas Adjustable Plus est\u00e1n dise\u00f1adas para ofrecer el m\u00e1ximo confort en t\u00e9rminos de agarre y regulaci\u00f3n para adaptarse a cualquier estilo de conducci\u00f3n. As\u00ed, junto con el mecanismo de control de la distancia entre la maneta y el pu\u00f1o, situado en la parte superior para permitir una mayor accesibilidad, hay un sistema de deslizamiento adicional en horizontal que permite ajustar la longitud de la maneta. Adem\u00e1s, el kit incluye un inserto de goma dise\u00f1ado para tapar el hueco creado cuando la palanca est\u00e1 en su m\u00e1xima extensi\u00f3n (hasta 20 mm), evitando as\u00ed un deterioro excesivo del guante. Las manetas Adjustable Plus, fabricadas en aluminio billet de alta calidad, est\u00e1n disponibles en diferentes colores anodizados.<\/p>\n","protected":false},"excerpt":{"rendered":"<p>Las manetas Adjustable Plus est\u00e1n dise\u00f1adas para ofrecer el m\u00e1ximo confort en t\u00e9rminos de agarre y regulaci\u00f3n para adaptarse a cualquier estilo de conducci\u00f3n. As\u00ed, junto con el mecanismo de control de la distancia entre la maneta y el pu\u00f1o, situado en la parte superior para permitir una mayor accesibilidad, hay un sistema de deslizamiento [&hellip;]<\/p>\n","protected":false},"featured_media":294172,"template":"","meta":{"_acf_changed":false},"rizoma_assembly_time":[42675],"rizoma_bike":[42321,42451,42322,42452,41915,41975,42195,41965,41916,41976,42543,42196,41999,42458,42385,42459],"rizoma_division":[42653],"rizoma_family":[42885],"rizoma_model_category":[],"rizoma_product_template":[],"product_brand":[],"product_cat":[42809],"product_tag":[],"class_list":{"0":"post-317952","1":"product","2":"type-product","3":"status-publish","4":"has-post-thumbnail","6":"rizoma_bike-mt-09-2021","7":"rizoma_bike-mt-09-2022-23","8":"rizoma_bike-mt-09-sp-2021","9":"rizoma_bike-mt-09-sp-2022-23","10":"rizoma_bike-yzf-r1-2015-16","11":"rizoma_bike-yzf-r1-2017-19","12":"rizoma_bike-yzf-r1-2020-25","13":"rizoma_bike-yzf-r1-60th-anniversary-2015-16","14":"rizoma_bike-yzf-r1-m-2015-16","15":"rizoma_bike-yzf-r1-m-2017-19","16":"rizoma_bike-yzf-r1-world-gp-60th-anniversary-2022-23","17":"rizoma_bike-yzf-r1m-2020-25","18":"rizoma_bike-yzf-r6-2017-20","19":"rizoma_bike-yzf-r6-gytr-2022-26","20":"rizoma_bike-yzf-r6-race-2021","21":"rizoma_bike-yzf-r6-race-2022-26","22":"product_cat-manetas-freno-embrague","24":"first","25":"instock","26":"taxable","27":"shipping-taxable","28":"purchasable","29":"product-type-variable"},"acf":[],"_links":{"self":[{"href":"https:\/\/www.rizoma.com\/es\/wp-json\/wp\/v2\/product\/317952","targetHints":{"allow":["GET"]}}],"collection":[{"href":"https:\/\/www.rizoma.com\/es\/wp-json\/wp\/v2\/product"}],"about":[{"href":"https:\/\/www.rizoma.com\/es\/wp-json\/wp\/v2\/types\/product"}],"wp:featuredmedia":[{"embeddable":true,"href":"https:\/\/www.rizoma.com\/es\/wp-json\/wp\/v2\/media\/294172"}],"wp:attachment":[{"href":"https:\/\/www.rizoma.com\/es\/wp-json\/wp\/v2\/media?parent=317952"}],"wp:term":[{"taxonomy":"rizoma_assembly_time","embeddable":true,"href":"https:\/\/www.rizoma.com\/es\/wp-json\/wp\/v2\/rizoma_assembly_time?post=317952"},{"taxonomy":"rizoma_bike","embeddable":true,"href":"https:\/\/www.rizoma.com\/es\/wp-json\/wp\/v2\/rizoma_bike?post=317952"},{"taxonomy":"rizoma_division","embeddable":true,"href":"https:\/\/www.rizoma.com\/es\/wp-json\/wp\/v2\/rizoma_division?post=317952"},{"taxonomy":"rizoma_family","embeddable":true,"href":"https:\/\/www.rizoma.com\/es\/wp-json\/wp\/v2\/rizoma_family?post=317952"},{"taxonomy":"rizoma_model_category","embeddable":true,"href":"https:\/\/www.rizoma.com\/es\/wp-json\/wp\/v2\/rizoma_model_category?post=317952"},{"taxonomy":"rizoma_product_template","embeddable":true,"href":"https:\/\/www.rizoma.com\/es\/wp-json\/wp\/v2\/rizoma_product_template?post=317952"},{"taxonomy":"product_brand","embeddable":true,"href":"https:\/\/www.rizoma.com\/es\/wp-json\/wp\/v2\/product_brand?post=317952"},{"taxonomy":"product_cat","embeddable":true,"href":"https:\/\/www.rizoma.com\/es\/wp-json\/wp\/v2\/product_cat?post=317952"},{"taxonomy":"product_tag","embeddable":true,"href":"https:\/\/www.rizoma.com\/es\/wp-json\/wp\/v2\/product_tag?post=317952"}],"curies":[{"name":"wp","href":"https:\/\/api.w.org\/{rel}","templated":true}]}}