{"id":317757,"date":"2024-11-21T17:34:09","date_gmt":"2024-11-21T16:34:09","guid":{"rendered":"https:\/\/rwp.rizoma.com\/negozio\/kit-de-montaje-espejos-end-mount-bs738\/"},"modified":"2025-01-14T13:02:12","modified_gmt":"2025-01-14T12:02:12","slug":"kit-de-montaje-espejos-end-mount-bs738","status":"publish","type":"product","link":"https:\/\/www.rizoma.com\/es\/negozio\/espejos-retrovisores\/BS738\/kit-de-montaje-espejos-end-mount-bs738\/","title":{"rendered":"Kit de montaje espejos End Mount"},"content":{"rendered":"<p>Cada adaptador espec\u00edfico de espejo est\u00e1 expresamente realizado para el modelo de moto correspondiente, con el fin de garantizar la mejor fijaci\u00f3n al manillar. En armon\u00eda con las l\u00edneas de los espejos, el adaptador garantiza la continuidad del dise\u00f1o, combinando funcionalidad y confort sin olvidar el aspecto est\u00e9tico.<\/p>\n","protected":false},"excerpt":{"rendered":"<p>Cada adaptador espec\u00edfico de espejo est\u00e1 expresamente realizado para el modelo de moto correspondiente, con el fin de garantizar la mejor fijaci\u00f3n al manillar. En armon\u00eda con las l\u00edneas de los espejos, el adaptador garantiza la continuidad del dise\u00f1o, combinando funcionalidad y confort sin olvidar el aspecto est\u00e9tico.<\/p>\n","protected":false},"featured_media":304711,"template":"","meta":{"_acf_changed":false},"rizoma_assembly_time":[42753],"rizoma_bike":[42442,42637,42592,42608,42609,42402,43437,42403,43438,42308,42641,42310,42413,42642,42519,44013,42600,44019,42309,42643,42588],"rizoma_division":[42653],"rizoma_family":[42669],"rizoma_model_category":[],"rizoma_product_template":[],"product_brand":[],"product_cat":[43943],"product_tag":[],"class_list":{"0":"post-317757","1":"product","2":"type-product","3":"status-publish","4":"has-post-thumbnail","6":"rizoma_bike-desertx-2022-25","7":"rizoma_bike-desertx-discovery-2025","8":"rizoma_bike-desertx-rally-2024-25","9":"rizoma_bike-hypermotard-698-mono-2024-26","10":"rizoma_bike-hypermotard-698-mono-rve-2024-26","11":"rizoma_bike-multistrada-v2-2022-24","12":"rizoma_bike-multistrada-v2-2025-26","13":"rizoma_bike-multistrada-v2-s-2022-24","14":"rizoma_bike-multistrada-v2-s-2025-26","15":"rizoma_bike-multistrada-v4-2021-24","16":"rizoma_bike-multistrada-v4-2025-26","17":"rizoma_bike-multistrada-v4-1100-s-sport-2021","18":"rizoma_bike-multistrada-v4-pikes-peak-2021-24","19":"rizoma_bike-multistrada-v4-pikes-peak-2025-26","20":"rizoma_bike-multistrada-v4-rally-2023-25","21":"rizoma_bike-multistrada-v4-rally-2026","22":"rizoma_bike-multistrada-v4-rs-2024-25","23":"rizoma_bike-multistrada-v4-rs-2026","24":"rizoma_bike-multistrada-v4-s-2021-24","25":"rizoma_bike-multistrada-v4-s-2025-26","26":"rizoma_bike-multistrada-v4-s-grand-tour-2024","27":"product_cat-espejos-retrovisores","29":"first","30":"instock","31":"taxable","32":"shipping-taxable","33":"purchasable","34":"product-type-variable"},"acf":[],"_links":{"self":[{"href":"https:\/\/www.rizoma.com\/es\/wp-json\/wp\/v2\/product\/317757","targetHints":{"allow":["GET"]}}],"collection":[{"href":"https:\/\/www.rizoma.com\/es\/wp-json\/wp\/v2\/product"}],"about":[{"href":"https:\/\/www.rizoma.com\/es\/wp-json\/wp\/v2\/types\/product"}],"wp:featuredmedia":[{"embeddable":true,"href":"https:\/\/www.rizoma.com\/es\/wp-json\/wp\/v2\/media\/304711"}],"wp:attachment":[{"href":"https:\/\/www.rizoma.com\/es\/wp-json\/wp\/v2\/media?parent=317757"}],"wp:term":[{"taxonomy":"rizoma_assembly_time","embeddable":true,"href":"https:\/\/www.rizoma.com\/es\/wp-json\/wp\/v2\/rizoma_assembly_time?post=317757"},{"taxonomy":"rizoma_bike","embeddable":true,"href":"https:\/\/www.rizoma.com\/es\/wp-json\/wp\/v2\/rizoma_bike?post=317757"},{"taxonomy":"rizoma_division","embeddable":true,"href":"https:\/\/www.rizoma.com\/es\/wp-json\/wp\/v2\/rizoma_division?post=317757"},{"taxonomy":"rizoma_family","embeddable":true,"href":"https:\/\/www.rizoma.com\/es\/wp-json\/wp\/v2\/rizoma_family?post=317757"},{"taxonomy":"rizoma_model_category","embeddable":true,"href":"https:\/\/www.rizoma.com\/es\/wp-json\/wp\/v2\/rizoma_model_category?post=317757"},{"taxonomy":"rizoma_product_template","embeddable":true,"href":"https:\/\/www.rizoma.com\/es\/wp-json\/wp\/v2\/rizoma_product_template?post=317757"},{"taxonomy":"product_brand","embeddable":true,"href":"https:\/\/www.rizoma.com\/es\/wp-json\/wp\/v2\/product_brand?post=317757"},{"taxonomy":"product_cat","embeddable":true,"href":"https:\/\/www.rizoma.com\/es\/wp-json\/wp\/v2\/product_cat?post=317757"},{"taxonomy":"product_tag","embeddable":true,"href":"https:\/\/www.rizoma.com\/es\/wp-json\/wp\/v2\/product_tag?post=317757"}],"curies":[{"name":"wp","href":"https:\/\/api.w.org\/{rel}","templated":true}]}}