{"id":317712,"date":"2024-11-21T17:33:07","date_gmt":"2024-11-21T16:33:07","guid":{"rendered":"https:\/\/rwp.rizoma.com\/negozio\/asiento-se001\/"},"modified":"2025-05-29T04:10:49","modified_gmt":"2025-05-29T02:10:49","slug":"asiento-se001","status":"publish","type":"product","link":"https:\/\/www.rizoma.com\/es\/negozio\/mas-para-tu-yamaha\/SE001\/asiento-se001\/motorbike\/14751\/ducati\/multistrada-v4\/","title":{"rendered":"Asiento"},"content":{"rendered":"<p>El asiento Rizoma completa el Total Look dedicado a la Yamaha XSR 900.<br \/>Con su dise\u00f1o, completamente revisado en comparaci\u00f3n con las l\u00edneas originales, es la s\u00edntesis del monoplaza.<br \/>El espacio del pasajero, m\u00e1s estilizada, se integra debidamente con la cola y hace que la parte trasera de la moto sea m\u00e1s compacta y afilada.<br \/>La combinaci\u00f3n de dos materiales a\u00fana practicidad, elegancia y modernidad: Neopreno para la parte trasera y lateral, material antideslizante, con un ligero efecto de gamuza repelente al agua, mientras que, para el asiento del piloto un tejido t\u00e9cnico texturizado, material sint\u00e9tico, liso, con superficie perforada, que ofrece el grip de estampa profesional, adecuado e inspirado en el mundo de las competiciones.<br \/>Toda la estructura de soporte interno y del bastidor est\u00e1n hechos de fibra de vidrio, mientras que el sistema de fijaci\u00f3n es de aluminio mecanizado<\/p>\n","protected":false},"excerpt":{"rendered":"<p>El asiento Rizoma completa el Total Look dedicado a la Yamaha XSR 900.Con su dise\u00f1o, completamente revisado en comparaci\u00f3n con las l\u00edneas originales, es la s\u00edntesis del monoplaza.El espacio del pasajero, m\u00e1s estilizada, se integra debidamente con la cola y hace que la parte trasera de la moto sea m\u00e1s compacta y afilada.La combinaci\u00f3n de [&hellip;]<\/p>\n","protected":false},"featured_media":312496,"template":"","meta":{"_acf_changed":false},"rizoma_assembly_time":[42753],"rizoma_bike":[42457],"rizoma_division":[42653],"rizoma_family":[],"rizoma_model_category":[],"rizoma_product_template":[],"product_brand":[],"product_cat":[42799],"product_tag":[],"class_list":{"0":"post-317712","1":"product","2":"type-product","3":"status-publish","4":"has-post-thumbnail","6":"rizoma_bike-xsr-900-2022-24","7":"product_cat-mas-para-tu-yamaha","9":"first","10":"instock","11":"taxable","12":"shipping-taxable","13":"purchasable","14":"product-type-variable"},"acf":[],"_links":{"self":[{"href":"https:\/\/www.rizoma.com\/es\/wp-json\/wp\/v2\/product\/317712","targetHints":{"allow":["GET"]}}],"collection":[{"href":"https:\/\/www.rizoma.com\/es\/wp-json\/wp\/v2\/product"}],"about":[{"href":"https:\/\/www.rizoma.com\/es\/wp-json\/wp\/v2\/types\/product"}],"wp:featuredmedia":[{"embeddable":true,"href":"https:\/\/www.rizoma.com\/es\/wp-json\/wp\/v2\/media\/312496"}],"wp:attachment":[{"href":"https:\/\/www.rizoma.com\/es\/wp-json\/wp\/v2\/media?parent=317712"}],"wp:term":[{"taxonomy":"rizoma_assembly_time","embeddable":true,"href":"https:\/\/www.rizoma.com\/es\/wp-json\/wp\/v2\/rizoma_assembly_time?post=317712"},{"taxonomy":"rizoma_bike","embeddable":true,"href":"https:\/\/www.rizoma.com\/es\/wp-json\/wp\/v2\/rizoma_bike?post=317712"},{"taxonomy":"rizoma_division","embeddable":true,"href":"https:\/\/www.rizoma.com\/es\/wp-json\/wp\/v2\/rizoma_division?post=317712"},{"taxonomy":"rizoma_family","embeddable":true,"href":"https:\/\/www.rizoma.com\/es\/wp-json\/wp\/v2\/rizoma_family?post=317712"},{"taxonomy":"rizoma_model_category","embeddable":true,"href":"https:\/\/www.rizoma.com\/es\/wp-json\/wp\/v2\/rizoma_model_category?post=317712"},{"taxonomy":"rizoma_product_template","embeddable":true,"href":"https:\/\/www.rizoma.com\/es\/wp-json\/wp\/v2\/rizoma_product_template?post=317712"},{"taxonomy":"product_brand","embeddable":true,"href":"https:\/\/www.rizoma.com\/es\/wp-json\/wp\/v2\/product_brand?post=317712"},{"taxonomy":"product_cat","embeddable":true,"href":"https:\/\/www.rizoma.com\/es\/wp-json\/wp\/v2\/product_cat?post=317712"},{"taxonomy":"product_tag","embeddable":true,"href":"https:\/\/www.rizoma.com\/es\/wp-json\/wp\/v2\/product_tag?post=317712"}],"curies":[{"name":"wp","href":"https:\/\/api.w.org\/{rel}","templated":true}]}}