{"id":317697,"date":"2024-11-21T17:32:47","date_gmt":"2024-11-21T16:32:47","guid":{"rendered":"https:\/\/rwp.rizoma.com\/negozio\/cupula-en-aluminio-mecanizada-a-partir-de-un-bloque-macizo-con-kit-de-montaje-zdm166\/"},"modified":"2025-01-14T13:00:36","modified_gmt":"2025-01-14T12:00:36","slug":"cupula-en-aluminio-mecanizada-a-partir-de-un-bloque-macizo-con-kit-de-montaje-zdm166","status":"publish","type":"product","link":"https:\/\/www.rizoma.com\/es\/negozio\/cupulas\/ZDM166\/cupula-en-aluminio-mecanizada-a-partir-de-un-bloque-macizo-con-kit-de-montaje-zdm166\/","title":{"rendered":"C\u00fapula en aluminio mecanizada a partir de un bloque macizo (con kit de montaje)"},"content":{"rendered":"<p>Estudiada y desarrollada para estilizar la parte delantera de la Diavel, la c\u00fapula RIZOMA, con sus distintos acabados en aluminio y fibra de carbono, da un toque de elegancia y agresividad a todo el puente de mando. Gracias a su fabricaci\u00f3n a partir de un bloque \u00fanico de aluminio y a su moldeado en 3D, la c\u00fapula alcanza in\u00e9ditas cualidades est\u00e9ticas y de ligereza.  <br \/>La textura de mecanizado CNC se ha orientado de acuerdo con el flujo de aire en la direcci\u00f3n de desplazamiento.<br \/>La cubierta del cable del faro\/instrumentaci\u00f3n tambi\u00e9n est\u00e1 hecha de aluminio mecanizado, adoptando las mismas caracter\u00edsticas est\u00e9ticas que la c\u00fapula. Incluye un kit de montaje completo. Pulido y anodizado en los colores Black y Silver.<\/p>\n","protected":false},"excerpt":{"rendered":"<p>Estudiada y desarrollada para estilizar la parte delantera de la Diavel, la c\u00fapula RIZOMA, con sus distintos acabados en aluminio y fibra de carbono, da un toque de elegancia y agresividad a todo el puente de mando. Gracias a su fabricaci\u00f3n a partir de un bloque \u00fanico de aluminio y a su moldeado en 3D, [&hellip;]<\/p>\n","protected":false},"featured_media":307411,"template":"","meta":{"_acf_changed":false},"rizoma_assembly_time":[42675],"rizoma_bike":[42625,42517,44018],"rizoma_division":[42653],"rizoma_family":[],"rizoma_model_category":[],"rizoma_product_template":[],"product_brand":[],"product_cat":[42829],"product_tag":[],"class_list":{"0":"post-317697","1":"product","2":"type-product","3":"status-publish","4":"has-post-thumbnail","6":"rizoma_bike-diavel-for-bentley-2024","7":"rizoma_bike-diavel-v4-2023-26","8":"rizoma_bike-diavel-v4-rs-2026","9":"product_cat-cupulas","11":"first","12":"instock","13":"sale","14":"taxable","15":"shipping-taxable","16":"purchasable","17":"product-type-variable"},"acf":[],"_links":{"self":[{"href":"https:\/\/www.rizoma.com\/es\/wp-json\/wp\/v2\/product\/317697","targetHints":{"allow":["GET"]}}],"collection":[{"href":"https:\/\/www.rizoma.com\/es\/wp-json\/wp\/v2\/product"}],"about":[{"href":"https:\/\/www.rizoma.com\/es\/wp-json\/wp\/v2\/types\/product"}],"wp:featuredmedia":[{"embeddable":true,"href":"https:\/\/www.rizoma.com\/es\/wp-json\/wp\/v2\/media\/307411"}],"wp:attachment":[{"href":"https:\/\/www.rizoma.com\/es\/wp-json\/wp\/v2\/media?parent=317697"}],"wp:term":[{"taxonomy":"rizoma_assembly_time","embeddable":true,"href":"https:\/\/www.rizoma.com\/es\/wp-json\/wp\/v2\/rizoma_assembly_time?post=317697"},{"taxonomy":"rizoma_bike","embeddable":true,"href":"https:\/\/www.rizoma.com\/es\/wp-json\/wp\/v2\/rizoma_bike?post=317697"},{"taxonomy":"rizoma_division","embeddable":true,"href":"https:\/\/www.rizoma.com\/es\/wp-json\/wp\/v2\/rizoma_division?post=317697"},{"taxonomy":"rizoma_family","embeddable":true,"href":"https:\/\/www.rizoma.com\/es\/wp-json\/wp\/v2\/rizoma_family?post=317697"},{"taxonomy":"rizoma_model_category","embeddable":true,"href":"https:\/\/www.rizoma.com\/es\/wp-json\/wp\/v2\/rizoma_model_category?post=317697"},{"taxonomy":"rizoma_product_template","embeddable":true,"href":"https:\/\/www.rizoma.com\/es\/wp-json\/wp\/v2\/rizoma_product_template?post=317697"},{"taxonomy":"product_brand","embeddable":true,"href":"https:\/\/www.rizoma.com\/es\/wp-json\/wp\/v2\/product_brand?post=317697"},{"taxonomy":"product_cat","embeddable":true,"href":"https:\/\/www.rizoma.com\/es\/wp-json\/wp\/v2\/product_cat?post=317697"},{"taxonomy":"product_tag","embeddable":true,"href":"https:\/\/www.rizoma.com\/es\/wp-json\/wp\/v2\/product_tag?post=317697"}],"curies":[{"name":"wp","href":"https:\/\/api.w.org\/{rel}","templated":true}]}}