{"id":317692,"date":"2024-11-21T17:32:40","date_gmt":"2024-11-21T16:32:40","guid":{"rendered":"https:\/\/rwp.rizoma.com\/negozio\/kit-de-intermitentes-traseros-rizoma-light-unit-fr447\/"},"modified":"2025-01-14T13:05:57","modified_gmt":"2025-01-14T12:05:57","slug":"kit-de-intermitentes-traseros-rizoma-light-unit-fr447","status":"publish","type":"product","link":"https:\/\/www.rizoma.com\/es\/negozio\/intermitentes\/FR447\/kit-de-intermitentes-traseros-rizoma-light-unit-fr447\/","title":{"rendered":"Kit de intermitentes traseros Rizoma Light Unit"},"content":{"rendered":"<p>El dise\u00f1o innovador de Light Unit se reinterpreta para integrarse perfectamente con las l\u00edneas Diavel V4. El kit es plug &#038; play, dise\u00f1ado y suministrado completo con todo lo necesario para personalizar la parte trasera de la Ducati. El kit FR447A s\u00f3lo es compatible con intermitentes Rizoma Light Unit en combinaci\u00f3n con el Kit portam\u00e1tricula Rizoma PTL524B o con el portam\u00e1tricula OEM y tapas para orificios de intermitentes originales FR323B.<\/p>\n","protected":false},"excerpt":{"rendered":"<p>El dise\u00f1o innovador de Light Unit se reinterpreta para integrarse perfectamente con las l\u00edneas Diavel V4. El kit es plug &#038; play, dise\u00f1ado y suministrado completo con todo lo necesario para personalizar la parte trasera de la Ducati. El kit FR447A s\u00f3lo es compatible con intermitentes Rizoma Light Unit en combinaci\u00f3n con el Kit portam\u00e1tricula [&hellip;]<\/p>\n","protected":false},"featured_media":307711,"template":"","meta":{"_acf_changed":false},"rizoma_assembly_time":[42675],"rizoma_bike":[42625,42517,44018],"rizoma_division":[42653],"rizoma_family":[42834],"rizoma_model_category":[],"rizoma_product_template":[],"product_brand":[],"product_cat":[42716],"product_tag":[],"class_list":{"0":"post-317692","1":"product","2":"type-product","3":"status-publish","4":"has-post-thumbnail","6":"rizoma_bike-diavel-for-bentley-2024","7":"rizoma_bike-diavel-v4-2023-26","8":"rizoma_bike-diavel-v4-rs-2026","9":"product_cat-intermitentes","11":"first","12":"instock","13":"taxable","14":"shipping-taxable","15":"purchasable","16":"product-type-variable"},"acf":[],"_links":{"self":[{"href":"https:\/\/www.rizoma.com\/es\/wp-json\/wp\/v2\/product\/317692","targetHints":{"allow":["GET"]}}],"collection":[{"href":"https:\/\/www.rizoma.com\/es\/wp-json\/wp\/v2\/product"}],"about":[{"href":"https:\/\/www.rizoma.com\/es\/wp-json\/wp\/v2\/types\/product"}],"wp:featuredmedia":[{"embeddable":true,"href":"https:\/\/www.rizoma.com\/es\/wp-json\/wp\/v2\/media\/307711"}],"wp:attachment":[{"href":"https:\/\/www.rizoma.com\/es\/wp-json\/wp\/v2\/media?parent=317692"}],"wp:term":[{"taxonomy":"rizoma_assembly_time","embeddable":true,"href":"https:\/\/www.rizoma.com\/es\/wp-json\/wp\/v2\/rizoma_assembly_time?post=317692"},{"taxonomy":"rizoma_bike","embeddable":true,"href":"https:\/\/www.rizoma.com\/es\/wp-json\/wp\/v2\/rizoma_bike?post=317692"},{"taxonomy":"rizoma_division","embeddable":true,"href":"https:\/\/www.rizoma.com\/es\/wp-json\/wp\/v2\/rizoma_division?post=317692"},{"taxonomy":"rizoma_family","embeddable":true,"href":"https:\/\/www.rizoma.com\/es\/wp-json\/wp\/v2\/rizoma_family?post=317692"},{"taxonomy":"rizoma_model_category","embeddable":true,"href":"https:\/\/www.rizoma.com\/es\/wp-json\/wp\/v2\/rizoma_model_category?post=317692"},{"taxonomy":"rizoma_product_template","embeddable":true,"href":"https:\/\/www.rizoma.com\/es\/wp-json\/wp\/v2\/rizoma_product_template?post=317692"},{"taxonomy":"product_brand","embeddable":true,"href":"https:\/\/www.rizoma.com\/es\/wp-json\/wp\/v2\/product_brand?post=317692"},{"taxonomy":"product_cat","embeddable":true,"href":"https:\/\/www.rizoma.com\/es\/wp-json\/wp\/v2\/product_cat?post=317692"},{"taxonomy":"product_tag","embeddable":true,"href":"https:\/\/www.rizoma.com\/es\/wp-json\/wp\/v2\/product_tag?post=317692"}],"curies":[{"name":"wp","href":"https:\/\/api.w.org\/{rel}","templated":true}]}}