{"id":317642,"date":"2024-11-21T17:31:33","date_gmt":"2024-11-21T16:31:33","guid":{"rendered":"https:\/\/rwp.rizoma.com\/negozio\/kit-protectores-laterales-pm223\/"},"modified":"2026-04-03T07:21:19","modified_gmt":"2026-04-03T05:21:19","slug":"kit-protectores-laterales-pm223","status":"publish","type":"product","link":"https:\/\/www.rizoma.com\/es\/negozio\/protectores-laterales\/PM223\/kit-protectores-laterales-pm223\/","title":{"rendered":"Kit protectores laterales"},"content":{"rendered":"<p>Los protectores chasis Rizoma est\u00e1n desarrolladas espec\u00edficamente para el modelo de moto al que est\u00e1n dedicadas, a fin de garantizar la mejor compatibilidad y funcionalidad posible.<br \/>Las l\u00edneas simples de las protecciones casan con un absoluto cuidado por el detalle que, yendo m\u00e1s all\u00e1 de su uso normal, las convierte en un objeto de dise\u00f1o.<br \/>La estructura principal est\u00e1 realizada en aluminio mecanizado a partir de un bloque macizo, mientras que el deslizador est\u00e1 fabricado en Delrin\u00ae, lo que permite sustituirlo en caso de ca\u00edda.<\/p>\n","protected":false},"excerpt":{"rendered":"<p>Los protectores chasis Rizoma est\u00e1n desarrolladas espec\u00edficamente para el modelo de moto al que est\u00e1n dedicadas, a fin de garantizar la mejor compatibilidad y funcionalidad posible.Las l\u00edneas simples de las protecciones casan con un absoluto cuidado por el detalle que, yendo m\u00e1s all\u00e1 de su uso normal, las convierte en un objeto de dise\u00f1o.La estructura [&hellip;]<\/p>\n","protected":false},"featured_media":305041,"template":"","meta":{"_acf_changed":false},"rizoma_assembly_time":[42675],"rizoma_bike":[42457,42626],"rizoma_division":[42653],"rizoma_family":[],"rizoma_model_category":[],"rizoma_product_template":[],"product_brand":[],"product_cat":[42758],"product_tag":[],"class_list":{"0":"post-317642","1":"product","2":"type-product","3":"status-publish","4":"has-post-thumbnail","6":"rizoma_bike-xsr-900-2022-24","7":"rizoma_bike-xsr-900-gp-2024-26","8":"product_cat-protectores-laterales","10":"first","11":"instock","12":"taxable","13":"shipping-taxable","14":"purchasable","15":"product-type-variable"},"acf":[],"_links":{"self":[{"href":"https:\/\/www.rizoma.com\/es\/wp-json\/wp\/v2\/product\/317642","targetHints":{"allow":["GET"]}}],"collection":[{"href":"https:\/\/www.rizoma.com\/es\/wp-json\/wp\/v2\/product"}],"about":[{"href":"https:\/\/www.rizoma.com\/es\/wp-json\/wp\/v2\/types\/product"}],"wp:featuredmedia":[{"embeddable":true,"href":"https:\/\/www.rizoma.com\/es\/wp-json\/wp\/v2\/media\/305041"}],"wp:attachment":[{"href":"https:\/\/www.rizoma.com\/es\/wp-json\/wp\/v2\/media?parent=317642"}],"wp:term":[{"taxonomy":"rizoma_assembly_time","embeddable":true,"href":"https:\/\/www.rizoma.com\/es\/wp-json\/wp\/v2\/rizoma_assembly_time?post=317642"},{"taxonomy":"rizoma_bike","embeddable":true,"href":"https:\/\/www.rizoma.com\/es\/wp-json\/wp\/v2\/rizoma_bike?post=317642"},{"taxonomy":"rizoma_division","embeddable":true,"href":"https:\/\/www.rizoma.com\/es\/wp-json\/wp\/v2\/rizoma_division?post=317642"},{"taxonomy":"rizoma_family","embeddable":true,"href":"https:\/\/www.rizoma.com\/es\/wp-json\/wp\/v2\/rizoma_family?post=317642"},{"taxonomy":"rizoma_model_category","embeddable":true,"href":"https:\/\/www.rizoma.com\/es\/wp-json\/wp\/v2\/rizoma_model_category?post=317642"},{"taxonomy":"rizoma_product_template","embeddable":true,"href":"https:\/\/www.rizoma.com\/es\/wp-json\/wp\/v2\/rizoma_product_template?post=317642"},{"taxonomy":"product_brand","embeddable":true,"href":"https:\/\/www.rizoma.com\/es\/wp-json\/wp\/v2\/product_brand?post=317642"},{"taxonomy":"product_cat","embeddable":true,"href":"https:\/\/www.rizoma.com\/es\/wp-json\/wp\/v2\/product_cat?post=317642"},{"taxonomy":"product_tag","embeddable":true,"href":"https:\/\/www.rizoma.com\/es\/wp-json\/wp\/v2\/product_tag?post=317642"}],"curies":[{"name":"wp","href":"https:\/\/api.w.org\/{rel}","templated":true}]}}