{"id":317637,"date":"2024-11-21T17:31:26","date_gmt":"2024-11-21T16:31:26","guid":{"rendered":"https:\/\/rwp.rizoma.com\/negozio\/aletas-laterales-radiador-zyf055\/"},"modified":"2025-08-26T19:40:48","modified_gmt":"2025-08-26T17:40:48","slug":"aletas-laterales-radiador-zyf055","status":"publish","type":"product","link":"https:\/\/www.rizoma.com\/es\/negozio\/mas-para-tu-yamaha\/ZYF055\/aletas-laterales-radiador-zyf055\/","title":{"rendered":"Aletas laterales radiador"},"content":{"rendered":"<p>Las aletas laterales del radiador Rizoma son realizadas en aluminio, y estas substituyen enteramente las tapas OEM, manteniendo inalterada la posibilidad de f\u00e1cil verificaci\u00f3n del nivel del liquido refrigerante. Un detalle adicional, que completa la l\u00ednea de accesorios, dedicados, para la \u00e1gil XSR 900.<\/p>\n","protected":false},"excerpt":{"rendered":"<p>Las aletas laterales del radiador Rizoma son realizadas en aluminio, y estas substituyen enteramente las tapas OEM, manteniendo inalterada la posibilidad de f\u00e1cil verificaci\u00f3n del nivel del liquido refrigerante. Un detalle adicional, que completa la l\u00ednea de accesorios, dedicados, para la \u00e1gil XSR 900.<\/p>\n","protected":false},"featured_media":310531,"template":"","meta":{"_acf_changed":false},"rizoma_assembly_time":[42675],"rizoma_bike":[42457],"rizoma_division":[42653],"rizoma_family":[],"rizoma_model_category":[],"rizoma_product_template":[],"product_brand":[],"product_cat":[42799],"product_tag":[],"class_list":{"0":"post-317637","1":"product","2":"type-product","3":"status-publish","4":"has-post-thumbnail","6":"rizoma_bike-xsr-900-2022-24","7":"product_cat-mas-para-tu-yamaha","9":"first","10":"instock","11":"taxable","12":"shipping-taxable","13":"purchasable","14":"product-type-variable"},"acf":[],"_links":{"self":[{"href":"https:\/\/www.rizoma.com\/es\/wp-json\/wp\/v2\/product\/317637","targetHints":{"allow":["GET"]}}],"collection":[{"href":"https:\/\/www.rizoma.com\/es\/wp-json\/wp\/v2\/product"}],"about":[{"href":"https:\/\/www.rizoma.com\/es\/wp-json\/wp\/v2\/types\/product"}],"wp:featuredmedia":[{"embeddable":true,"href":"https:\/\/www.rizoma.com\/es\/wp-json\/wp\/v2\/media\/310531"}],"wp:attachment":[{"href":"https:\/\/www.rizoma.com\/es\/wp-json\/wp\/v2\/media?parent=317637"}],"wp:term":[{"taxonomy":"rizoma_assembly_time","embeddable":true,"href":"https:\/\/www.rizoma.com\/es\/wp-json\/wp\/v2\/rizoma_assembly_time?post=317637"},{"taxonomy":"rizoma_bike","embeddable":true,"href":"https:\/\/www.rizoma.com\/es\/wp-json\/wp\/v2\/rizoma_bike?post=317637"},{"taxonomy":"rizoma_division","embeddable":true,"href":"https:\/\/www.rizoma.com\/es\/wp-json\/wp\/v2\/rizoma_division?post=317637"},{"taxonomy":"rizoma_family","embeddable":true,"href":"https:\/\/www.rizoma.com\/es\/wp-json\/wp\/v2\/rizoma_family?post=317637"},{"taxonomy":"rizoma_model_category","embeddable":true,"href":"https:\/\/www.rizoma.com\/es\/wp-json\/wp\/v2\/rizoma_model_category?post=317637"},{"taxonomy":"rizoma_product_template","embeddable":true,"href":"https:\/\/www.rizoma.com\/es\/wp-json\/wp\/v2\/rizoma_product_template?post=317637"},{"taxonomy":"product_brand","embeddable":true,"href":"https:\/\/www.rizoma.com\/es\/wp-json\/wp\/v2\/product_brand?post=317637"},{"taxonomy":"product_cat","embeddable":true,"href":"https:\/\/www.rizoma.com\/es\/wp-json\/wp\/v2\/product_cat?post=317637"},{"taxonomy":"product_tag","embeddable":true,"href":"https:\/\/www.rizoma.com\/es\/wp-json\/wp\/v2\/product_tag?post=317637"}],"curies":[{"name":"wp","href":"https:\/\/api.w.org\/{rel}","templated":true}]}}