{"id":317622,"date":"2024-11-21T17:31:06","date_gmt":"2024-11-21T16:31:06","guid":{"rendered":"https:\/\/rwp.rizoma.com\/negozio\/protector-eje-rueda-delantera-pw111\/"},"modified":"2025-01-14T12:57:50","modified_gmt":"2025-01-14T11:57:50","slug":"protector-eje-rueda-delantera-pw111","status":"publish","type":"product","link":"https:\/\/www.rizoma.com\/es\/negozio\/protectores-eje-rueda\/PW111\/protector-eje-rueda-delantera-pw111\/","title":{"rendered":"Protector eje rueda delantera"},"content":{"rendered":"<p>La horquilla y el basculante figuran entre las primeras piezas expuestas al contacto con el suelo en caso de ca\u00edda. Los protectores de eje de rueda Rizoma est\u00e1n dise\u00f1ados para reducir el rozamiento con el suelo y reducir los posibles da\u00f1os en caso de ca\u00edda. Parte estructural en aluminio mecanizado a partir de un bloque macizo y deslizador reemplazable en Delrin\u00ae. Un excelente compromiso entre est\u00e9tica, ligereza y funcionalidad.<\/p>\n","protected":false},"excerpt":{"rendered":"<p>La horquilla y el basculante figuran entre las primeras piezas expuestas al contacto con el suelo en caso de ca\u00edda. Los protectores de eje de rueda Rizoma est\u00e1n dise\u00f1ados para reducir el rozamiento con el suelo y reducir los posibles da\u00f1os en caso de ca\u00edda. Parte estructural en aluminio mecanizado a partir de un bloque [&hellip;]<\/p>\n","protected":false},"featured_media":308991,"template":"","meta":{"_acf_changed":false},"rizoma_assembly_time":[42664],"rizoma_bike":[42457,42626],"rizoma_division":[42653],"rizoma_family":[],"rizoma_model_category":[],"rizoma_product_template":[],"product_brand":[],"product_cat":[42995],"product_tag":[],"class_list":{"0":"post-317622","1":"product","2":"type-product","3":"status-publish","4":"has-post-thumbnail","6":"rizoma_bike-xsr-900-2022-24","7":"rizoma_bike-xsr-900-gp-2024-26","8":"product_cat-protectores-eje-rueda","10":"first","11":"instock","12":"sale","13":"taxable","14":"shipping-taxable","15":"purchasable","16":"product-type-variable"},"acf":[],"_links":{"self":[{"href":"https:\/\/www.rizoma.com\/es\/wp-json\/wp\/v2\/product\/317622","targetHints":{"allow":["GET"]}}],"collection":[{"href":"https:\/\/www.rizoma.com\/es\/wp-json\/wp\/v2\/product"}],"about":[{"href":"https:\/\/www.rizoma.com\/es\/wp-json\/wp\/v2\/types\/product"}],"wp:featuredmedia":[{"embeddable":true,"href":"https:\/\/www.rizoma.com\/es\/wp-json\/wp\/v2\/media\/308991"}],"wp:attachment":[{"href":"https:\/\/www.rizoma.com\/es\/wp-json\/wp\/v2\/media?parent=317622"}],"wp:term":[{"taxonomy":"rizoma_assembly_time","embeddable":true,"href":"https:\/\/www.rizoma.com\/es\/wp-json\/wp\/v2\/rizoma_assembly_time?post=317622"},{"taxonomy":"rizoma_bike","embeddable":true,"href":"https:\/\/www.rizoma.com\/es\/wp-json\/wp\/v2\/rizoma_bike?post=317622"},{"taxonomy":"rizoma_division","embeddable":true,"href":"https:\/\/www.rizoma.com\/es\/wp-json\/wp\/v2\/rizoma_division?post=317622"},{"taxonomy":"rizoma_family","embeddable":true,"href":"https:\/\/www.rizoma.com\/es\/wp-json\/wp\/v2\/rizoma_family?post=317622"},{"taxonomy":"rizoma_model_category","embeddable":true,"href":"https:\/\/www.rizoma.com\/es\/wp-json\/wp\/v2\/rizoma_model_category?post=317622"},{"taxonomy":"rizoma_product_template","embeddable":true,"href":"https:\/\/www.rizoma.com\/es\/wp-json\/wp\/v2\/rizoma_product_template?post=317622"},{"taxonomy":"product_brand","embeddable":true,"href":"https:\/\/www.rizoma.com\/es\/wp-json\/wp\/v2\/product_brand?post=317622"},{"taxonomy":"product_cat","embeddable":true,"href":"https:\/\/www.rizoma.com\/es\/wp-json\/wp\/v2\/product_cat?post=317622"},{"taxonomy":"product_tag","embeddable":true,"href":"https:\/\/www.rizoma.com\/es\/wp-json\/wp\/v2\/product_tag?post=317622"}],"curies":[{"name":"wp","href":"https:\/\/api.w.org\/{rel}","templated":true}]}}