{"id":317597,"date":"2024-11-21T17:30:33","date_gmt":"2024-11-21T16:30:33","guid":{"rendered":"https:\/\/rwp.rizoma.com\/negozio\/kit-de-montaje-espejo-stealth-para-naked-bsn911\/"},"modified":"2025-01-14T12:56:39","modified_gmt":"2025-01-14T11:56:39","slug":"kit-de-montaje-espejo-stealth-para-naked-bsn911","status":"publish","type":"product","link":"https:\/\/www.rizoma.com\/es\/negozio\/espejos-retrovisores\/BSN911\/kit-de-montaje-espejo-stealth-para-naked-bsn911\/","title":{"rendered":"Kit de montaje espejo Stealth para Naked"},"content":{"rendered":"<p>Cada kit de montaje de espejo Stealth (para Naked) est\u00e1 expresamente realizado para el modelo de moto correspondiente, con el fin de garantizar la mejor fijaci\u00f3n al manillar. En armon\u00eda con las l\u00edneas de los espejos, el adaptador garantiza la continuidad del dise\u00f1o, combinando funcionalidad y confort sin olvidar el aspecto est\u00e9tico. Tambi\u00e9n est\u00e1n realizados en aluminio mecanizado a partir de un bloque macizo para conferir resistencia y durabilidad.<\/p>\n","protected":false},"excerpt":{"rendered":"<p>Cada kit de montaje de espejo Stealth (para Naked) est\u00e1 expresamente realizado para el modelo de moto correspondiente, con el fin de garantizar la mejor fijaci\u00f3n al manillar. En armon\u00eda con las l\u00edneas de los espejos, el adaptador garantiza la continuidad del dise\u00f1o, combinando funcionalidad y confort sin olvidar el aspecto est\u00e9tico. Tambi\u00e9n est\u00e1n realizados [&hellip;]<\/p>\n","protected":false},"featured_media":309406,"template":"","meta":{"_acf_changed":false},"rizoma_assembly_time":[42664],"rizoma_bike":[42558,42561,42567,42400,42547,43390],"rizoma_division":[42653],"rizoma_family":[42669],"rizoma_model_category":[],"rizoma_product_template":[],"product_brand":[],"product_cat":[43943],"product_tag":[],"class_list":{"0":"post-317597","1":"product","2":"type-product","3":"status-publish","4":"has-post-thumbnail","6":"rizoma_bike-gts-2015-2017","7":"rizoma_bike-gts-super-2015-2017","8":"rizoma_bike-sei-giorni-2016-2017","9":"rizoma_bike-speed-triple-1200-rr-2022-26","10":"rizoma_bike-speed-triple-1200-rr-bond-edition-2023","11":"rizoma_bike-speed-triple-1200-rr-breitling-edition-2024-25","12":"product_cat-espejos-retrovisores","14":"first","15":"instock","16":"taxable","17":"shipping-taxable","18":"purchasable","19":"product-type-variable"},"acf":[],"_links":{"self":[{"href":"https:\/\/www.rizoma.com\/es\/wp-json\/wp\/v2\/product\/317597","targetHints":{"allow":["GET"]}}],"collection":[{"href":"https:\/\/www.rizoma.com\/es\/wp-json\/wp\/v2\/product"}],"about":[{"href":"https:\/\/www.rizoma.com\/es\/wp-json\/wp\/v2\/types\/product"}],"wp:featuredmedia":[{"embeddable":true,"href":"https:\/\/www.rizoma.com\/es\/wp-json\/wp\/v2\/media\/309406"}],"wp:attachment":[{"href":"https:\/\/www.rizoma.com\/es\/wp-json\/wp\/v2\/media?parent=317597"}],"wp:term":[{"taxonomy":"rizoma_assembly_time","embeddable":true,"href":"https:\/\/www.rizoma.com\/es\/wp-json\/wp\/v2\/rizoma_assembly_time?post=317597"},{"taxonomy":"rizoma_bike","embeddable":true,"href":"https:\/\/www.rizoma.com\/es\/wp-json\/wp\/v2\/rizoma_bike?post=317597"},{"taxonomy":"rizoma_division","embeddable":true,"href":"https:\/\/www.rizoma.com\/es\/wp-json\/wp\/v2\/rizoma_division?post=317597"},{"taxonomy":"rizoma_family","embeddable":true,"href":"https:\/\/www.rizoma.com\/es\/wp-json\/wp\/v2\/rizoma_family?post=317597"},{"taxonomy":"rizoma_model_category","embeddable":true,"href":"https:\/\/www.rizoma.com\/es\/wp-json\/wp\/v2\/rizoma_model_category?post=317597"},{"taxonomy":"rizoma_product_template","embeddable":true,"href":"https:\/\/www.rizoma.com\/es\/wp-json\/wp\/v2\/rizoma_product_template?post=317597"},{"taxonomy":"product_brand","embeddable":true,"href":"https:\/\/www.rizoma.com\/es\/wp-json\/wp\/v2\/product_brand?post=317597"},{"taxonomy":"product_cat","embeddable":true,"href":"https:\/\/www.rizoma.com\/es\/wp-json\/wp\/v2\/product_cat?post=317597"},{"taxonomy":"product_tag","embeddable":true,"href":"https:\/\/www.rizoma.com\/es\/wp-json\/wp\/v2\/product_tag?post=317597"}],"curies":[{"name":"wp","href":"https:\/\/api.w.org\/{rel}","templated":true}]}}