{"id":317592,"date":"2024-11-21T17:30:25","date_gmt":"2024-11-21T16:30:25","guid":{"rendered":"https:\/\/rwp.rizoma.com\/negozio\/cupula-con-kit-de-montaje-zth064\/"},"modified":"2025-01-14T12:56:32","modified_gmt":"2025-01-14T11:56:32","slug":"cupula-con-kit-de-montaje-zth064","status":"publish","type":"product","link":"https:\/\/www.rizoma.com\/es\/negozio\/cupulas\/ZTH064\/cupula-con-kit-de-montaje-zth064\/","title":{"rendered":"C\u00fapula con Kit de montaje"},"content":{"rendered":"<p>Dise\u00f1o innovador y materiales de alta calidad. La c\u00fapula Rizoma est\u00e1 fabricada en policarbonato, un material ligero y resistente, en l\u00ednea con el estilo din\u00e1mico de esta moto. Incluye un kit de montaje completo.<\/p>\n","protected":false},"excerpt":{"rendered":"<p>Dise\u00f1o innovador y materiales de alta calidad. La c\u00fapula Rizoma est\u00e1 fabricada en policarbonato, un material ligero y resistente, en l\u00ednea con el estilo din\u00e1mico de esta moto. Incluye un kit de montaje completo.<\/p>\n","protected":false},"featured_media":308961,"template":"","meta":{"_acf_changed":false},"rizoma_assembly_time":[42742],"rizoma_bike":[42365,44372,44376],"rizoma_division":[42653],"rizoma_family":[],"rizoma_model_category":[],"rizoma_product_template":[],"product_brand":[],"product_cat":[42829],"product_tag":[],"class_list":{"0":"post-317592","1":"product","2":"type-product","3":"status-publish","4":"has-post-thumbnail","6":"rizoma_bike-speed-triple-1200-rs-2021-24","7":"rizoma_bike-speed-triple-1200-rs-2025-26","8":"rizoma_bike-speed-triple-1200-rx-2025-26","9":"product_cat-cupulas","11":"first","12":"instock","13":"taxable","14":"shipping-taxable","15":"purchasable","16":"product-type-variable"},"acf":[],"_links":{"self":[{"href":"https:\/\/www.rizoma.com\/es\/wp-json\/wp\/v2\/product\/317592","targetHints":{"allow":["GET"]}}],"collection":[{"href":"https:\/\/www.rizoma.com\/es\/wp-json\/wp\/v2\/product"}],"about":[{"href":"https:\/\/www.rizoma.com\/es\/wp-json\/wp\/v2\/types\/product"}],"wp:featuredmedia":[{"embeddable":true,"href":"https:\/\/www.rizoma.com\/es\/wp-json\/wp\/v2\/media\/308961"}],"wp:attachment":[{"href":"https:\/\/www.rizoma.com\/es\/wp-json\/wp\/v2\/media?parent=317592"}],"wp:term":[{"taxonomy":"rizoma_assembly_time","embeddable":true,"href":"https:\/\/www.rizoma.com\/es\/wp-json\/wp\/v2\/rizoma_assembly_time?post=317592"},{"taxonomy":"rizoma_bike","embeddable":true,"href":"https:\/\/www.rizoma.com\/es\/wp-json\/wp\/v2\/rizoma_bike?post=317592"},{"taxonomy":"rizoma_division","embeddable":true,"href":"https:\/\/www.rizoma.com\/es\/wp-json\/wp\/v2\/rizoma_division?post=317592"},{"taxonomy":"rizoma_family","embeddable":true,"href":"https:\/\/www.rizoma.com\/es\/wp-json\/wp\/v2\/rizoma_family?post=317592"},{"taxonomy":"rizoma_model_category","embeddable":true,"href":"https:\/\/www.rizoma.com\/es\/wp-json\/wp\/v2\/rizoma_model_category?post=317592"},{"taxonomy":"rizoma_product_template","embeddable":true,"href":"https:\/\/www.rizoma.com\/es\/wp-json\/wp\/v2\/rizoma_product_template?post=317592"},{"taxonomy":"product_brand","embeddable":true,"href":"https:\/\/www.rizoma.com\/es\/wp-json\/wp\/v2\/product_brand?post=317592"},{"taxonomy":"product_cat","embeddable":true,"href":"https:\/\/www.rizoma.com\/es\/wp-json\/wp\/v2\/product_cat?post=317592"},{"taxonomy":"product_tag","embeddable":true,"href":"https:\/\/www.rizoma.com\/es\/wp-json\/wp\/v2\/product_tag?post=317592"}],"curies":[{"name":"wp","href":"https:\/\/api.w.org\/{rel}","templated":true}]}}