{"id":317557,"date":"2024-11-21T17:29:37","date_gmt":"2024-11-21T16:29:37","guid":{"rendered":"https:\/\/rwp.rizoma.com\/negozio\/contrapesos-para-manillar-oem-ma542\/"},"modified":"2025-01-14T12:55:02","modified_gmt":"2025-01-14T11:55:02","slug":"contrapesos-para-manillar-oem-ma542","status":"publish","type":"product","link":"https:\/\/www.rizoma.com\/es\/negozio\/kit-para-manillar\/MA542\/contrapesos-para-manillar-oem-ma542\/motorbike\/9277\/ducati\/hyperstrada-939\/","title":{"rendered":"Contrapesos para manillar OEM"},"content":{"rendered":"<p>Detalles sencillos, pero de gran impacto est\u00e9tico, los contrapesos de manillar realizados en aluminio anodizado, destacan por dise\u00f1o y colores. Rizoma confiere un estilo \u00fanico y hace de cada detalle un polo de atracci\u00f3n.<\/p>\n","protected":false},"excerpt":{"rendered":"<p>Detalles sencillos, pero de gran impacto est\u00e9tico, los contrapesos de manillar realizados en aluminio anodizado, destacan por dise\u00f1o y colores. Rizoma confiere un estilo \u00fanico y hace de cada detalle un polo de atracci\u00f3n.<\/p>\n","protected":false},"featured_media":313629,"template":"","meta":{"_acf_changed":false},"rizoma_assembly_time":[42664],"rizoma_bike":[42534,43697],"rizoma_division":[42653],"rizoma_family":[42736],"rizoma_model_category":[],"rizoma_product_template":[],"product_brand":[],"product_cat":[42663],"product_tag":[],"class_list":{"0":"post-317557","1":"product","2":"type-product","3":"status-publish","4":"has-post-thumbnail","6":"rizoma_bike-cb-750-hornet-2023-24","7":"rizoma_bike-cb-750-hornet-2025","8":"product_cat-kit-para-manillar","10":"first","11":"instock","12":"sale","13":"taxable","14":"shipping-taxable","15":"purchasable","16":"product-type-variable"},"acf":[],"_links":{"self":[{"href":"https:\/\/www.rizoma.com\/es\/wp-json\/wp\/v2\/product\/317557","targetHints":{"allow":["GET"]}}],"collection":[{"href":"https:\/\/www.rizoma.com\/es\/wp-json\/wp\/v2\/product"}],"about":[{"href":"https:\/\/www.rizoma.com\/es\/wp-json\/wp\/v2\/types\/product"}],"wp:featuredmedia":[{"embeddable":true,"href":"https:\/\/www.rizoma.com\/es\/wp-json\/wp\/v2\/media\/313629"}],"wp:attachment":[{"href":"https:\/\/www.rizoma.com\/es\/wp-json\/wp\/v2\/media?parent=317557"}],"wp:term":[{"taxonomy":"rizoma_assembly_time","embeddable":true,"href":"https:\/\/www.rizoma.com\/es\/wp-json\/wp\/v2\/rizoma_assembly_time?post=317557"},{"taxonomy":"rizoma_bike","embeddable":true,"href":"https:\/\/www.rizoma.com\/es\/wp-json\/wp\/v2\/rizoma_bike?post=317557"},{"taxonomy":"rizoma_division","embeddable":true,"href":"https:\/\/www.rizoma.com\/es\/wp-json\/wp\/v2\/rizoma_division?post=317557"},{"taxonomy":"rizoma_family","embeddable":true,"href":"https:\/\/www.rizoma.com\/es\/wp-json\/wp\/v2\/rizoma_family?post=317557"},{"taxonomy":"rizoma_model_category","embeddable":true,"href":"https:\/\/www.rizoma.com\/es\/wp-json\/wp\/v2\/rizoma_model_category?post=317557"},{"taxonomy":"rizoma_product_template","embeddable":true,"href":"https:\/\/www.rizoma.com\/es\/wp-json\/wp\/v2\/rizoma_product_template?post=317557"},{"taxonomy":"product_brand","embeddable":true,"href":"https:\/\/www.rizoma.com\/es\/wp-json\/wp\/v2\/product_brand?post=317557"},{"taxonomy":"product_cat","embeddable":true,"href":"https:\/\/www.rizoma.com\/es\/wp-json\/wp\/v2\/product_cat?post=317557"},{"taxonomy":"product_tag","embeddable":true,"href":"https:\/\/www.rizoma.com\/es\/wp-json\/wp\/v2\/product_tag?post=317557"}],"curies":[{"name":"wp","href":"https:\/\/api.w.org\/{rel}","templated":true}]}}