{"id":317487,"date":"2024-11-21T17:28:03","date_gmt":"2024-11-21T16:28:03","guid":{"rendered":"https:\/\/rwp.rizoma.com\/negozio\/carenado-zvp053\/"},"modified":"2025-01-14T12:51:50","modified_gmt":"2025-01-14T11:51:50","slug":"carenado-zvp053","status":"publish","type":"product","link":"https:\/\/www.rizoma.com\/es\/negozio\/cupulas\/ZVP053\/carenado-zvp053\/motorbike\/9734\/ducati\/monster-1200\/","title":{"rendered":"Carenado"},"content":{"rendered":"<p>Las l\u00edneas fluidas y modernas del carenado se integran perfectamente con las l\u00edneas del salpicadero de la  Vespa. Est\u00e1 hecho de carbono, con la inconfundible textura visible, que maximiza la ligereza y la aerodin\u00e1micidad. Compatible tanto con espejos originales como con espejos Rizoma Direct Mount ed End Mount.<\/p>\n","protected":false},"excerpt":{"rendered":"<p>Las l\u00edneas fluidas y modernas del carenado se integran perfectamente con las l\u00edneas del salpicadero de la Vespa. Est\u00e1 hecho de carbono, con la inconfundible textura visible, que maximiza la ligereza y la aerodin\u00e1micidad. Compatible tanto con espejos originales como con espejos Rizoma Direct Mount ed End Mount.<\/p>\n","protected":false},"featured_media":309821,"template":"","meta":{"_acf_changed":false},"rizoma_assembly_time":[42742],"rizoma_bike":[42557,42560],"rizoma_division":[42653],"rizoma_family":[],"rizoma_model_category":[],"rizoma_product_template":[],"product_brand":[],"product_cat":[42829],"product_tag":[],"class_list":{"0":"post-317487","1":"product","2":"type-product","3":"status-publish","4":"has-post-thumbnail","6":"rizoma_bike-gts-2018-2022","7":"rizoma_bike-gts-super-2018-2022","8":"product_cat-cupulas","10":"first","11":"instock","12":"sale","13":"taxable","14":"shipping-taxable","15":"purchasable","16":"product-type-variable"},"acf":[],"_links":{"self":[{"href":"https:\/\/www.rizoma.com\/es\/wp-json\/wp\/v2\/product\/317487","targetHints":{"allow":["GET"]}}],"collection":[{"href":"https:\/\/www.rizoma.com\/es\/wp-json\/wp\/v2\/product"}],"about":[{"href":"https:\/\/www.rizoma.com\/es\/wp-json\/wp\/v2\/types\/product"}],"wp:featuredmedia":[{"embeddable":true,"href":"https:\/\/www.rizoma.com\/es\/wp-json\/wp\/v2\/media\/309821"}],"wp:attachment":[{"href":"https:\/\/www.rizoma.com\/es\/wp-json\/wp\/v2\/media?parent=317487"}],"wp:term":[{"taxonomy":"rizoma_assembly_time","embeddable":true,"href":"https:\/\/www.rizoma.com\/es\/wp-json\/wp\/v2\/rizoma_assembly_time?post=317487"},{"taxonomy":"rizoma_bike","embeddable":true,"href":"https:\/\/www.rizoma.com\/es\/wp-json\/wp\/v2\/rizoma_bike?post=317487"},{"taxonomy":"rizoma_division","embeddable":true,"href":"https:\/\/www.rizoma.com\/es\/wp-json\/wp\/v2\/rizoma_division?post=317487"},{"taxonomy":"rizoma_family","embeddable":true,"href":"https:\/\/www.rizoma.com\/es\/wp-json\/wp\/v2\/rizoma_family?post=317487"},{"taxonomy":"rizoma_model_category","embeddable":true,"href":"https:\/\/www.rizoma.com\/es\/wp-json\/wp\/v2\/rizoma_model_category?post=317487"},{"taxonomy":"rizoma_product_template","embeddable":true,"href":"https:\/\/www.rizoma.com\/es\/wp-json\/wp\/v2\/rizoma_product_template?post=317487"},{"taxonomy":"product_brand","embeddable":true,"href":"https:\/\/www.rizoma.com\/es\/wp-json\/wp\/v2\/product_brand?post=317487"},{"taxonomy":"product_cat","embeddable":true,"href":"https:\/\/www.rizoma.com\/es\/wp-json\/wp\/v2\/product_cat?post=317487"},{"taxonomy":"product_tag","embeddable":true,"href":"https:\/\/www.rizoma.com\/es\/wp-json\/wp\/v2\/product_tag?post=317487"}],"curies":[{"name":"wp","href":"https:\/\/api.w.org\/{rel}","templated":true}]}}