{"id":317407,"date":"2024-11-21T17:26:16","date_gmt":"2024-11-21T16:26:16","guid":{"rendered":"https:\/\/rwp.rizoma.com\/negozio\/cubierta-de-clacson-zvp039\/"},"modified":"2025-01-14T12:48:44","modified_gmt":"2025-01-14T11:48:44","slug":"cubierta-de-clacson-zvp039","status":"publish","type":"product","link":"https:\/\/www.rizoma.com\/es\/negozio\/mas-para-tu-vespa\/ZVP039\/cubierta-de-clacson-zvp039\/motorbike\/9277\/ducati\/hyperstrada-939\/","title":{"rendered":"Cubierta de clacson"},"content":{"rendered":"<p>La cubierta de la bocina de aluminio mecanizado, con procesamiento longitudinal y l\u00e1ser de contraste.<br \/>Adem\u00e1s de una est\u00e9tica refinada, la ranura central le permite mantener un sonido limpio y claro.<br \/>Se fija directamente a la corbata original por medio de un soporte y est\u00e1 disponible en dos colores Silver y Black.<\/p>\n","protected":false},"excerpt":{"rendered":"<p>La cubierta de la bocina de aluminio mecanizado, con procesamiento longitudinal y l\u00e1ser de contraste.Adem\u00e1s de una est\u00e9tica refinada, la ranura central le permite mantener un sonido limpio y claro.Se fija directamente a la corbata original por medio de un soporte y est\u00e1 disponible en dos colores Silver y Black.<\/p>\n","protected":false},"featured_media":313489,"template":"","meta":{"_acf_changed":false},"rizoma_assembly_time":[42664],"rizoma_bike":[42569,42563,43435,42565,43436],"rizoma_division":[42653],"rizoma_family":[],"rizoma_model_category":[],"rizoma_product_template":[],"product_brand":[],"product_cat":[42947],"product_tag":[],"class_list":{"0":"post-317407","1":"product","2":"type-product","3":"status-publish","4":"has-post-thumbnail","6":"rizoma_bike-elettrica-2018-2022","7":"rizoma_bike-primavera-2018-2022","8":"rizoma_bike-primavera-2023","9":"rizoma_bike-sprint-2018-2022","10":"rizoma_bike-sprint-2023","11":"product_cat-mas-para-tu-vespa","13":"first","14":"instock","15":"sale","16":"taxable","17":"shipping-taxable","18":"purchasable","19":"product-type-variable"},"acf":[],"_links":{"self":[{"href":"https:\/\/www.rizoma.com\/es\/wp-json\/wp\/v2\/product\/317407","targetHints":{"allow":["GET"]}}],"collection":[{"href":"https:\/\/www.rizoma.com\/es\/wp-json\/wp\/v2\/product"}],"about":[{"href":"https:\/\/www.rizoma.com\/es\/wp-json\/wp\/v2\/types\/product"}],"wp:featuredmedia":[{"embeddable":true,"href":"https:\/\/www.rizoma.com\/es\/wp-json\/wp\/v2\/media\/313489"}],"wp:attachment":[{"href":"https:\/\/www.rizoma.com\/es\/wp-json\/wp\/v2\/media?parent=317407"}],"wp:term":[{"taxonomy":"rizoma_assembly_time","embeddable":true,"href":"https:\/\/www.rizoma.com\/es\/wp-json\/wp\/v2\/rizoma_assembly_time?post=317407"},{"taxonomy":"rizoma_bike","embeddable":true,"href":"https:\/\/www.rizoma.com\/es\/wp-json\/wp\/v2\/rizoma_bike?post=317407"},{"taxonomy":"rizoma_division","embeddable":true,"href":"https:\/\/www.rizoma.com\/es\/wp-json\/wp\/v2\/rizoma_division?post=317407"},{"taxonomy":"rizoma_family","embeddable":true,"href":"https:\/\/www.rizoma.com\/es\/wp-json\/wp\/v2\/rizoma_family?post=317407"},{"taxonomy":"rizoma_model_category","embeddable":true,"href":"https:\/\/www.rizoma.com\/es\/wp-json\/wp\/v2\/rizoma_model_category?post=317407"},{"taxonomy":"rizoma_product_template","embeddable":true,"href":"https:\/\/www.rizoma.com\/es\/wp-json\/wp\/v2\/rizoma_product_template?post=317407"},{"taxonomy":"product_brand","embeddable":true,"href":"https:\/\/www.rizoma.com\/es\/wp-json\/wp\/v2\/product_brand?post=317407"},{"taxonomy":"product_cat","embeddable":true,"href":"https:\/\/www.rizoma.com\/es\/wp-json\/wp\/v2\/product_cat?post=317407"},{"taxonomy":"product_tag","embeddable":true,"href":"https:\/\/www.rizoma.com\/es\/wp-json\/wp\/v2\/product_tag?post=317407"}],"curies":[{"name":"wp","href":"https:\/\/api.w.org\/{rel}","templated":true}]}}