{"id":317397,"date":"2024-11-21T17:26:02","date_gmt":"2024-11-21T16:26:02","guid":{"rendered":"https:\/\/rwp.rizoma.com\/negozio\/rejillas-de-ventilacion-laterales-zvp027\/"},"modified":"2025-06-11T17:20:56","modified_gmt":"2025-06-11T15:20:56","slug":"rejillas-de-ventilacion-laterales-zvp027","status":"publish","type":"product","link":"https:\/\/www.rizoma.com\/es\/negozio\/mas-para-tu-vespa\/ZVP027\/rejillas-de-ventilacion-laterales-zvp027\/","title":{"rendered":"Rejillas de ventilaci\u00f3n laterales"},"content":{"rendered":"<p>Las rejillas de ventilaci\u00f3n laterales est\u00e1n completamente hechas de aluminio mecanizado. Su dise\u00f1o realizado con especial atenci\u00f3n a la fluidodin\u00e1mica y est\u00e1 dise\u00f1ado para mejorar el extracci\u00f3n de aire y la disipaci\u00f3n de calor de los radiadores.<\/p>\n","protected":false},"excerpt":{"rendered":"<p>Las rejillas de ventilaci\u00f3n laterales est\u00e1n completamente hechas de aluminio mecanizado. Su dise\u00f1o realizado con especial atenci\u00f3n a la fluidodin\u00e1mica y est\u00e1 dise\u00f1ado para mejorar el extracci\u00f3n de aire y la disipaci\u00f3n de calor de los radiadores.<\/p>\n","protected":false},"featured_media":304051,"template":"","meta":{"_acf_changed":false},"rizoma_assembly_time":[42675],"rizoma_bike":[42556,43430,43427,43744,43429,42559,42636,44397,44437],"rizoma_division":[42653],"rizoma_family":[],"rizoma_model_category":[],"rizoma_product_template":[],"product_brand":[],"product_cat":[42947],"product_tag":[],"class_list":{"0":"post-317397","1":"product","2":"type-product","3":"status-publish","4":"has-post-thumbnail","6":"rizoma_bike-gts-2023-2025","7":"rizoma_bike-gts-310-2025","8":"rizoma_bike-gts-310-super-2025","9":"rizoma_bike-gts-310-super-tech-2025","10":"rizoma_bike-gts-310-supersport-2025","11":"rizoma_bike-gts-super-2023-2025","12":"rizoma_bike-gtv-2023-2024","13":"rizoma_bike-gtv-310-2025-2026","14":"rizoma_bike-gtv-310-officina-8-2026","15":"product_cat-mas-para-tu-vespa","17":"first","18":"instock","19":"taxable","20":"shipping-taxable","21":"purchasable","22":"product-type-variable"},"acf":[],"_links":{"self":[{"href":"https:\/\/www.rizoma.com\/es\/wp-json\/wp\/v2\/product\/317397","targetHints":{"allow":["GET"]}}],"collection":[{"href":"https:\/\/www.rizoma.com\/es\/wp-json\/wp\/v2\/product"}],"about":[{"href":"https:\/\/www.rizoma.com\/es\/wp-json\/wp\/v2\/types\/product"}],"wp:featuredmedia":[{"embeddable":true,"href":"https:\/\/www.rizoma.com\/es\/wp-json\/wp\/v2\/media\/304051"}],"wp:attachment":[{"href":"https:\/\/www.rizoma.com\/es\/wp-json\/wp\/v2\/media?parent=317397"}],"wp:term":[{"taxonomy":"rizoma_assembly_time","embeddable":true,"href":"https:\/\/www.rizoma.com\/es\/wp-json\/wp\/v2\/rizoma_assembly_time?post=317397"},{"taxonomy":"rizoma_bike","embeddable":true,"href":"https:\/\/www.rizoma.com\/es\/wp-json\/wp\/v2\/rizoma_bike?post=317397"},{"taxonomy":"rizoma_division","embeddable":true,"href":"https:\/\/www.rizoma.com\/es\/wp-json\/wp\/v2\/rizoma_division?post=317397"},{"taxonomy":"rizoma_family","embeddable":true,"href":"https:\/\/www.rizoma.com\/es\/wp-json\/wp\/v2\/rizoma_family?post=317397"},{"taxonomy":"rizoma_model_category","embeddable":true,"href":"https:\/\/www.rizoma.com\/es\/wp-json\/wp\/v2\/rizoma_model_category?post=317397"},{"taxonomy":"rizoma_product_template","embeddable":true,"href":"https:\/\/www.rizoma.com\/es\/wp-json\/wp\/v2\/rizoma_product_template?post=317397"},{"taxonomy":"product_brand","embeddable":true,"href":"https:\/\/www.rizoma.com\/es\/wp-json\/wp\/v2\/product_brand?post=317397"},{"taxonomy":"product_cat","embeddable":true,"href":"https:\/\/www.rizoma.com\/es\/wp-json\/wp\/v2\/product_cat?post=317397"},{"taxonomy":"product_tag","embeddable":true,"href":"https:\/\/www.rizoma.com\/es\/wp-json\/wp\/v2\/product_tag?post=317397"}],"curies":[{"name":"wp","href":"https:\/\/api.w.org\/{rel}","templated":true}]}}