{"id":317387,"date":"2024-11-21T17:25:48","date_gmt":"2024-11-21T16:25:48","guid":{"rendered":"https:\/\/rwp.rizoma.com\/negozio\/urlo-gr256\/"},"modified":"2026-01-08T15:55:32","modified_gmt":"2026-01-08T14:55:32","slug":"urlo-gr256","status":"publish","type":"product","link":"https:\/\/www.rizoma.com\/es\/negozio\/kit-para-manillar\/GR256\/urlo-gr256\/","title":{"rendered":"Urlo"},"content":{"rendered":"<p>Los pu\u00f1os Urlo son ergon\u00f3micos y se caracterizan por el uso de aluminio junto con un tecnopol\u00edmero de alta calidad. Este \u00faltimo tiene un acabado de diamante particular, que garantiza el m\u00e1ximo en t\u00e9rminos de agarre. El kit incluye las tapas finales, cuyo perfil sigue perfectamente el de la perilla para una continuidad est\u00e9tica.<br \/>Disponible en diferentes colores obtenidos a trav\u00e9s del proceso de anodizado, lo que garantiza un mejor resultado est\u00e9tico y durabilidad. <\/p>\n","protected":false},"excerpt":{"rendered":"<p>Los pu\u00f1os Urlo son ergon\u00f3micos y se caracterizan por el uso de aluminio junto con un tecnopol\u00edmero de alta calidad. Este \u00faltimo tiene un acabado de diamante particular, que garantiza el m\u00e1ximo en t\u00e9rminos de agarre. El kit incluye las tapas finales, cuyo perfil sigue perfectamente el de la perilla para una continuidad est\u00e9tica.Disponible en [&hellip;]<\/p>\n","protected":false},"featured_media":341759,"template":"","meta":{"_acf_changed":false},"rizoma_assembly_time":[42742],"rizoma_bike":[42569,42568,42563,43435,42562,44434,42565,43436,42564,44435,44436],"rizoma_division":[42653],"rizoma_family":[42952],"rizoma_model_category":[],"rizoma_product_template":[],"product_brand":[],"product_cat":[42663],"product_tag":[],"class_list":{"0":"post-317387","1":"product","2":"type-product","3":"status-publish","4":"has-post-thumbnail","6":"rizoma_bike-elettrica-2018-2022","7":"rizoma_bike-elettrica-2023-2024","8":"rizoma_bike-primavera-2018-2022","9":"rizoma_bike-primavera-2023","10":"rizoma_bike-primavera-2024-2025","11":"rizoma_bike-primavera-elettrica-2024-25","12":"rizoma_bike-sprint-2018-2022","13":"rizoma_bike-sprint-2023","14":"rizoma_bike-sprint-2024-2025","15":"rizoma_bike-sprint-elettrica-2024-25","16":"rizoma_bike-sprint-elettrica-2026","17":"product_cat-kit-para-manillar","19":"first","20":"instock","21":"taxable","22":"shipping-taxable","23":"purchasable","24":"product-type-variable"},"acf":[],"_links":{"self":[{"href":"https:\/\/www.rizoma.com\/es\/wp-json\/wp\/v2\/product\/317387","targetHints":{"allow":["GET"]}}],"collection":[{"href":"https:\/\/www.rizoma.com\/es\/wp-json\/wp\/v2\/product"}],"about":[{"href":"https:\/\/www.rizoma.com\/es\/wp-json\/wp\/v2\/types\/product"}],"wp:featuredmedia":[{"embeddable":true,"href":"https:\/\/www.rizoma.com\/es\/wp-json\/wp\/v2\/media\/341759"}],"wp:attachment":[{"href":"https:\/\/www.rizoma.com\/es\/wp-json\/wp\/v2\/media?parent=317387"}],"wp:term":[{"taxonomy":"rizoma_assembly_time","embeddable":true,"href":"https:\/\/www.rizoma.com\/es\/wp-json\/wp\/v2\/rizoma_assembly_time?post=317387"},{"taxonomy":"rizoma_bike","embeddable":true,"href":"https:\/\/www.rizoma.com\/es\/wp-json\/wp\/v2\/rizoma_bike?post=317387"},{"taxonomy":"rizoma_division","embeddable":true,"href":"https:\/\/www.rizoma.com\/es\/wp-json\/wp\/v2\/rizoma_division?post=317387"},{"taxonomy":"rizoma_family","embeddable":true,"href":"https:\/\/www.rizoma.com\/es\/wp-json\/wp\/v2\/rizoma_family?post=317387"},{"taxonomy":"rizoma_model_category","embeddable":true,"href":"https:\/\/www.rizoma.com\/es\/wp-json\/wp\/v2\/rizoma_model_category?post=317387"},{"taxonomy":"rizoma_product_template","embeddable":true,"href":"https:\/\/www.rizoma.com\/es\/wp-json\/wp\/v2\/rizoma_product_template?post=317387"},{"taxonomy":"product_brand","embeddable":true,"href":"https:\/\/www.rizoma.com\/es\/wp-json\/wp\/v2\/product_brand?post=317387"},{"taxonomy":"product_cat","embeddable":true,"href":"https:\/\/www.rizoma.com\/es\/wp-json\/wp\/v2\/product_cat?post=317387"},{"taxonomy":"product_tag","embeddable":true,"href":"https:\/\/www.rizoma.com\/es\/wp-json\/wp\/v2\/product_tag?post=317387"}],"curies":[{"name":"wp","href":"https:\/\/api.w.org\/{rel}","templated":true}]}}