{"id":317372,"date":"2024-11-21T17:25:27","date_gmt":"2024-11-21T16:25:27","guid":{"rendered":"https:\/\/rwp.rizoma.com\/negozio\/kit-portamatricula-pt813\/"},"modified":"2025-01-14T12:50:13","modified_gmt":"2025-01-14T11:50:13","slug":"kit-portamatricula-pt813","status":"publish","type":"product","link":"https:\/\/www.rizoma.com\/es\/negozio\/portamatricula\/PT813\/kit-portamatricula-pt813\/","title":{"rendered":"Kit Portam\u00e1tricula"},"content":{"rendered":"<p>El portamatriculas Rizoma es compacto, ligero y funcional. El kit Vespa incluye una cubierta de soporte de tecnopol\u00edmero sobre la que aplicar el portamatr\u00edculas de aluminio y que recrea un peque\u00f1o guardabarros en el extremo. F\u00e1cil de instalar, permite el ajuste de la inclinaci\u00f3n de la placa a trav\u00e9s de un tope de seguridad incluido y, adem\u00e1s, proporciona un sistema de ajuste de altura. Finalmente, se incluyen la luz de matr\u00edcula SMD LED, el reflector y el cableado. Equipado con certificaci\u00f3n ABE.<\/p>\n","protected":false},"excerpt":{"rendered":"<p>El portamatriculas Rizoma es compacto, ligero y funcional. El kit Vespa incluye una cubierta de soporte de tecnopol\u00edmero sobre la que aplicar el portamatr\u00edculas de aluminio y que recrea un peque\u00f1o guardabarros en el extremo. F\u00e1cil de instalar, permite el ajuste de la inclinaci\u00f3n de la placa a trav\u00e9s de un tope de seguridad incluido [&hellip;]<\/p>\n","protected":false},"featured_media":303971,"template":"","meta":{"_acf_changed":false},"rizoma_assembly_time":[42789],"rizoma_bike":[42569,42568,42563,43435,42562,44434,42565,43436,42564,44435,44436],"rizoma_division":[42653],"rizoma_family":[],"rizoma_model_category":[],"rizoma_product_template":[],"product_brand":[],"product_cat":[42768],"product_tag":[],"class_list":{"0":"post-317372","1":"product","2":"type-product","3":"status-publish","4":"has-post-thumbnail","6":"rizoma_bike-elettrica-2018-2022","7":"rizoma_bike-elettrica-2023-2024","8":"rizoma_bike-primavera-2018-2022","9":"rizoma_bike-primavera-2023","10":"rizoma_bike-primavera-2024-2025","11":"rizoma_bike-primavera-elettrica-2024-25","12":"rizoma_bike-sprint-2018-2022","13":"rizoma_bike-sprint-2023","14":"rizoma_bike-sprint-2024-2025","15":"rizoma_bike-sprint-elettrica-2024-25","16":"rizoma_bike-sprint-elettrica-2026","17":"product_cat-portamatricula","19":"first","20":"instock","21":"taxable","22":"shipping-taxable","23":"purchasable","24":"product-type-variable"},"acf":[],"_links":{"self":[{"href":"https:\/\/www.rizoma.com\/es\/wp-json\/wp\/v2\/product\/317372","targetHints":{"allow":["GET"]}}],"collection":[{"href":"https:\/\/www.rizoma.com\/es\/wp-json\/wp\/v2\/product"}],"about":[{"href":"https:\/\/www.rizoma.com\/es\/wp-json\/wp\/v2\/types\/product"}],"wp:featuredmedia":[{"embeddable":true,"href":"https:\/\/www.rizoma.com\/es\/wp-json\/wp\/v2\/media\/303971"}],"wp:attachment":[{"href":"https:\/\/www.rizoma.com\/es\/wp-json\/wp\/v2\/media?parent=317372"}],"wp:term":[{"taxonomy":"rizoma_assembly_time","embeddable":true,"href":"https:\/\/www.rizoma.com\/es\/wp-json\/wp\/v2\/rizoma_assembly_time?post=317372"},{"taxonomy":"rizoma_bike","embeddable":true,"href":"https:\/\/www.rizoma.com\/es\/wp-json\/wp\/v2\/rizoma_bike?post=317372"},{"taxonomy":"rizoma_division","embeddable":true,"href":"https:\/\/www.rizoma.com\/es\/wp-json\/wp\/v2\/rizoma_division?post=317372"},{"taxonomy":"rizoma_family","embeddable":true,"href":"https:\/\/www.rizoma.com\/es\/wp-json\/wp\/v2\/rizoma_family?post=317372"},{"taxonomy":"rizoma_model_category","embeddable":true,"href":"https:\/\/www.rizoma.com\/es\/wp-json\/wp\/v2\/rizoma_model_category?post=317372"},{"taxonomy":"rizoma_product_template","embeddable":true,"href":"https:\/\/www.rizoma.com\/es\/wp-json\/wp\/v2\/rizoma_product_template?post=317372"},{"taxonomy":"product_brand","embeddable":true,"href":"https:\/\/www.rizoma.com\/es\/wp-json\/wp\/v2\/product_brand?post=317372"},{"taxonomy":"product_cat","embeddable":true,"href":"https:\/\/www.rizoma.com\/es\/wp-json\/wp\/v2\/product_cat?post=317372"},{"taxonomy":"product_tag","embeddable":true,"href":"https:\/\/www.rizoma.com\/es\/wp-json\/wp\/v2\/product_tag?post=317372"}],"curies":[{"name":"wp","href":"https:\/\/api.w.org\/{rel}","templated":true}]}}