{"id":317332,"date":"2024-11-21T17:24:31","date_gmt":"2024-11-21T16:24:31","guid":{"rendered":"https:\/\/rwp.rizoma.com\/negozio\/carenado-zvp031\/"},"modified":"2025-01-14T12:47:48","modified_gmt":"2025-01-14T11:47:48","slug":"carenado-zvp031","status":"publish","type":"product","link":"https:\/\/www.rizoma.com\/es\/negozio\/cupulas\/ZVP031\/carenado-zvp031\/","title":{"rendered":"Carenado"},"content":{"rendered":"<p>Las l\u00edneas fluidas y modernas del carenado se integran perfectamente con las l\u00edneas del salpicadero de la Vespa. Est\u00e1 fabricado en policarbonato ahumado, para un dise\u00f1o que transmite la m\u00e1xima ligereza y aerodin\u00e1micidad. Compatible tanto con espejos originales como con espejos Rizoma Direct Mount y End Mount.<\/p>\n","protected":false},"excerpt":{"rendered":"<p>Las l\u00edneas fluidas y modernas del carenado se integran perfectamente con las l\u00edneas del salpicadero de la Vespa. Est\u00e1 fabricado en policarbonato ahumado, para un dise\u00f1o que transmite la m\u00e1xima ligereza y aerodin\u00e1micidad. Compatible tanto con espejos originales como con espejos Rizoma Direct Mount y End Mount.<\/p>\n","protected":false},"featured_media":307186,"template":"","meta":{"_acf_changed":false},"rizoma_assembly_time":[42742],"rizoma_bike":[42556,43430,43427,43744,43429,42559],"rizoma_division":[42653],"rizoma_family":[],"rizoma_model_category":[],"rizoma_product_template":[],"product_brand":[],"product_cat":[42829],"product_tag":[],"class_list":{"0":"post-317332","1":"product","2":"type-product","3":"status-publish","4":"has-post-thumbnail","6":"rizoma_bike-gts-2023-2025","7":"rizoma_bike-gts-310-2025","8":"rizoma_bike-gts-310-super-2025","9":"rizoma_bike-gts-310-super-tech-2025","10":"rizoma_bike-gts-310-supersport-2025","11":"rizoma_bike-gts-super-2023-2025","12":"product_cat-cupulas","14":"first","15":"instock","16":"taxable","17":"shipping-taxable","18":"purchasable","19":"product-type-variable"},"acf":[],"_links":{"self":[{"href":"https:\/\/www.rizoma.com\/es\/wp-json\/wp\/v2\/product\/317332","targetHints":{"allow":["GET"]}}],"collection":[{"href":"https:\/\/www.rizoma.com\/es\/wp-json\/wp\/v2\/product"}],"about":[{"href":"https:\/\/www.rizoma.com\/es\/wp-json\/wp\/v2\/types\/product"}],"wp:featuredmedia":[{"embeddable":true,"href":"https:\/\/www.rizoma.com\/es\/wp-json\/wp\/v2\/media\/307186"}],"wp:attachment":[{"href":"https:\/\/www.rizoma.com\/es\/wp-json\/wp\/v2\/media?parent=317332"}],"wp:term":[{"taxonomy":"rizoma_assembly_time","embeddable":true,"href":"https:\/\/www.rizoma.com\/es\/wp-json\/wp\/v2\/rizoma_assembly_time?post=317332"},{"taxonomy":"rizoma_bike","embeddable":true,"href":"https:\/\/www.rizoma.com\/es\/wp-json\/wp\/v2\/rizoma_bike?post=317332"},{"taxonomy":"rizoma_division","embeddable":true,"href":"https:\/\/www.rizoma.com\/es\/wp-json\/wp\/v2\/rizoma_division?post=317332"},{"taxonomy":"rizoma_family","embeddable":true,"href":"https:\/\/www.rizoma.com\/es\/wp-json\/wp\/v2\/rizoma_family?post=317332"},{"taxonomy":"rizoma_model_category","embeddable":true,"href":"https:\/\/www.rizoma.com\/es\/wp-json\/wp\/v2\/rizoma_model_category?post=317332"},{"taxonomy":"rizoma_product_template","embeddable":true,"href":"https:\/\/www.rizoma.com\/es\/wp-json\/wp\/v2\/rizoma_product_template?post=317332"},{"taxonomy":"product_brand","embeddable":true,"href":"https:\/\/www.rizoma.com\/es\/wp-json\/wp\/v2\/product_brand?post=317332"},{"taxonomy":"product_cat","embeddable":true,"href":"https:\/\/www.rizoma.com\/es\/wp-json\/wp\/v2\/product_cat?post=317332"},{"taxonomy":"product_tag","embeddable":true,"href":"https:\/\/www.rizoma.com\/es\/wp-json\/wp\/v2\/product_tag?post=317332"}],"curies":[{"name":"wp","href":"https:\/\/api.w.org\/{rel}","templated":true}]}}