{"id":317267,"date":"2024-11-21T17:22:54","date_gmt":"2024-11-21T16:22:54","guid":{"rendered":"https:\/\/rwp.rizoma.com\/negozio\/legend-ride-by-wire-grdw220z10\/"},"modified":"2025-12-18T00:37:15","modified_gmt":"2025-12-17T23:37:15","slug":"legend-ride-by-wire-grdw220z10","status":"publish","type":"product","link":"https:\/\/www.rizoma.com\/es\/negozio\/kit-para-manillar\/GRDW220Z10\/legend-ride-by-wire-grdw220z10\/","title":{"rendered":"Legend Ride by Wire"},"content":{"rendered":"<p>Enteramente en aluminio mecanizado a partir de un bloque macizo, el pu\u00f1o Legend (\u00d8 22 mm), expresa su alma Classic, aunque actualizada por unas l\u00edneas simples y sinuosas. La goma especial asegura agarre y confort. La versi\u00f3n Ride by Wire adem\u00e1s es compatible con el sistema de control electr\u00f3nico.<\/p>\n","protected":false},"excerpt":{"rendered":"<p>Enteramente en aluminio mecanizado a partir de un bloque macizo, el pu\u00f1o Legend (\u00d8 22 mm), expresa su alma Classic, aunque actualizada por unas l\u00edneas simples y sinuosas. La goma especial asegura agarre y confort. La versi\u00f3n Ride by Wire adem\u00e1s es compatible con el sistema de control electr\u00f3nico.<\/p>\n","protected":false},"featured_media":293757,"template":"","meta":{"_acf_changed":false},"rizoma_assembly_time":[42742],"rizoma_bike":[41841,41842,41896,41870,41923,41924],"rizoma_division":[42653],"rizoma_family":[43021],"rizoma_model_category":[],"rizoma_product_template":[],"product_brand":[],"product_cat":[42663],"product_tag":[],"class_list":{"0":"post-317267","1":"product","2":"type-product","3":"status-publish","4":"has-post-thumbnail","6":"rizoma_bike-monster-1200-2014-16","7":"rizoma_bike-monster-1200-s-2014-16","8":"rizoma_bike-monster-1200-s-stripe-2014-15","9":"rizoma_bike-monster-821-abs-2014-17","10":"rizoma_bike-monster-821-dark-abs-2014-16","11":"rizoma_bike-monster-821-stripe-abs-2015-17","12":"product_cat-kit-para-manillar","14":"first","15":"instock","16":"sale","17":"taxable","18":"shipping-taxable","19":"purchasable","20":"product-type-variable"},"acf":[],"_links":{"self":[{"href":"https:\/\/www.rizoma.com\/es\/wp-json\/wp\/v2\/product\/317267","targetHints":{"allow":["GET"]}}],"collection":[{"href":"https:\/\/www.rizoma.com\/es\/wp-json\/wp\/v2\/product"}],"about":[{"href":"https:\/\/www.rizoma.com\/es\/wp-json\/wp\/v2\/types\/product"}],"wp:featuredmedia":[{"embeddable":true,"href":"https:\/\/www.rizoma.com\/es\/wp-json\/wp\/v2\/media\/293757"}],"wp:attachment":[{"href":"https:\/\/www.rizoma.com\/es\/wp-json\/wp\/v2\/media?parent=317267"}],"wp:term":[{"taxonomy":"rizoma_assembly_time","embeddable":true,"href":"https:\/\/www.rizoma.com\/es\/wp-json\/wp\/v2\/rizoma_assembly_time?post=317267"},{"taxonomy":"rizoma_bike","embeddable":true,"href":"https:\/\/www.rizoma.com\/es\/wp-json\/wp\/v2\/rizoma_bike?post=317267"},{"taxonomy":"rizoma_division","embeddable":true,"href":"https:\/\/www.rizoma.com\/es\/wp-json\/wp\/v2\/rizoma_division?post=317267"},{"taxonomy":"rizoma_family","embeddable":true,"href":"https:\/\/www.rizoma.com\/es\/wp-json\/wp\/v2\/rizoma_family?post=317267"},{"taxonomy":"rizoma_model_category","embeddable":true,"href":"https:\/\/www.rizoma.com\/es\/wp-json\/wp\/v2\/rizoma_model_category?post=317267"},{"taxonomy":"rizoma_product_template","embeddable":true,"href":"https:\/\/www.rizoma.com\/es\/wp-json\/wp\/v2\/rizoma_product_template?post=317267"},{"taxonomy":"product_brand","embeddable":true,"href":"https:\/\/www.rizoma.com\/es\/wp-json\/wp\/v2\/product_brand?post=317267"},{"taxonomy":"product_cat","embeddable":true,"href":"https:\/\/www.rizoma.com\/es\/wp-json\/wp\/v2\/product_cat?post=317267"},{"taxonomy":"product_tag","embeddable":true,"href":"https:\/\/www.rizoma.com\/es\/wp-json\/wp\/v2\/product_tag?post=317267"}],"curies":[{"name":"wp","href":"https:\/\/api.w.org\/{rel}","templated":true}]}}