{"id":317247,"date":"2024-11-21T17:22:27","date_gmt":"2024-11-21T16:22:27","guid":{"rendered":"https:\/\/rwp.rizoma.com\/negozio\/sport-ride-by-wire-grdw205z11\/"},"modified":"2025-06-06T05:31:49","modified_gmt":"2025-06-06T03:31:49","slug":"sport-ride-by-wire-grdw205z11","status":"publish","type":"product","link":"https:\/\/www.rizoma.com\/es\/negozio\/kit-para-manillar\/GRDW205Z11\/sport-ride-by-wire-grdw205z11\/motorbike\/18438\/aprilia\/rsv4-1100\/","title":{"rendered":"Sport Ride by Wire"},"content":{"rendered":"<p>El pu\u00f1o Sport (\u00d8 22 mm) combina sencillez y deportividad. En aluminio mecanizado a partir de un bloque macizo y dotado de una goma racing que asegura agarre y fiabilidad. La versi\u00f3n Ride by Wire adem\u00e1s es compatible con el sistema de control electr\u00f3nico.<\/p>\n","protected":false},"excerpt":{"rendered":"<p>El pu\u00f1o Sport (\u00d8 22 mm) combina sencillez y deportividad. En aluminio mecanizado a partir de un bloque macizo y dotado de una goma racing que asegura agarre y fiabilidad. La versi\u00f3n Ride by Wire adem\u00e1s es compatible con el sistema de control electr\u00f3nico.<\/p>\n","protected":false},"featured_media":326859,"template":"","meta":{"_acf_changed":false},"rizoma_assembly_time":[42742],"rizoma_bike":[42007,42124,41929,42008,42082,42152,42089,42292,42281,42249,42090,42091,42250,42427,41998,42052,42336,42337,41945,42328,42329,42473,41955,42330],"rizoma_division":[42653],"rizoma_family":[43021],"rizoma_model_category":[],"rizoma_product_template":[],"product_brand":[],"product_cat":[42663],"product_tag":[],"class_list":{"0":"post-317247","1":"product","2":"type-product","3":"status-publish","4":"has-post-thumbnail","6":"rizoma_bike-monster-1200-2017-21","7":"rizoma_bike-monster-1200-25-anniversario-2018-19","8":"rizoma_bike-monster-1200-r-2016-19","9":"rizoma_bike-monster-1200-s-2017-21","10":"rizoma_bike-monster-821-2018-20","11":"rizoma_bike-monster-821-stealth-2019-20","12":"rizoma_bike-scrambler-1100-2018-20","13":"rizoma_bike-scrambler-1100-dark-pro-2020-24","14":"rizoma_bike-scrambler-1100-ducati-club-italia-2020","15":"rizoma_bike-scrambler-1100-pro-2020-22","16":"rizoma_bike-scrambler-1100-special-2018-20","17":"rizoma_bike-scrambler-1100-sport-2018-20","18":"rizoma_bike-scrambler-1100-sport-pro-2020-25","19":"rizoma_bike-scrambler-1100-tribute-pro-2022-24","20":"rizoma_bike-supersport-939-2017-20","21":"rizoma_bike-supersport-939-s-2017-20","22":"rizoma_bike-supersport-950-2021-24","23":"rizoma_bike-supersport-950-s-2021-24","24":"rizoma_bike-xdiavel-1262-2016-20","25":"rizoma_bike-xdiavel-1262-black-star-2021","26":"rizoma_bike-xdiavel-1262-dark-2021-24","27":"rizoma_bike-xdiavel-1262-nera-2022-23","28":"rizoma_bike-xdiavel-1262-s-2016-20","29":"rizoma_bike-xdiavel-1262-s-2021-24","30":"product_cat-kit-para-manillar","32":"first","33":"instock","34":"sale","35":"taxable","36":"shipping-taxable","37":"purchasable","38":"product-type-variable"},"acf":[],"_links":{"self":[{"href":"https:\/\/www.rizoma.com\/es\/wp-json\/wp\/v2\/product\/317247","targetHints":{"allow":["GET"]}}],"collection":[{"href":"https:\/\/www.rizoma.com\/es\/wp-json\/wp\/v2\/product"}],"about":[{"href":"https:\/\/www.rizoma.com\/es\/wp-json\/wp\/v2\/types\/product"}],"wp:featuredmedia":[{"embeddable":true,"href":"https:\/\/www.rizoma.com\/es\/wp-json\/wp\/v2\/media\/326859"}],"wp:attachment":[{"href":"https:\/\/www.rizoma.com\/es\/wp-json\/wp\/v2\/media?parent=317247"}],"wp:term":[{"taxonomy":"rizoma_assembly_time","embeddable":true,"href":"https:\/\/www.rizoma.com\/es\/wp-json\/wp\/v2\/rizoma_assembly_time?post=317247"},{"taxonomy":"rizoma_bike","embeddable":true,"href":"https:\/\/www.rizoma.com\/es\/wp-json\/wp\/v2\/rizoma_bike?post=317247"},{"taxonomy":"rizoma_division","embeddable":true,"href":"https:\/\/www.rizoma.com\/es\/wp-json\/wp\/v2\/rizoma_division?post=317247"},{"taxonomy":"rizoma_family","embeddable":true,"href":"https:\/\/www.rizoma.com\/es\/wp-json\/wp\/v2\/rizoma_family?post=317247"},{"taxonomy":"rizoma_model_category","embeddable":true,"href":"https:\/\/www.rizoma.com\/es\/wp-json\/wp\/v2\/rizoma_model_category?post=317247"},{"taxonomy":"rizoma_product_template","embeddable":true,"href":"https:\/\/www.rizoma.com\/es\/wp-json\/wp\/v2\/rizoma_product_template?post=317247"},{"taxonomy":"product_brand","embeddable":true,"href":"https:\/\/www.rizoma.com\/es\/wp-json\/wp\/v2\/product_brand?post=317247"},{"taxonomy":"product_cat","embeddable":true,"href":"https:\/\/www.rizoma.com\/es\/wp-json\/wp\/v2\/product_cat?post=317247"},{"taxonomy":"product_tag","embeddable":true,"href":"https:\/\/www.rizoma.com\/es\/wp-json\/wp\/v2\/product_tag?post=317247"}],"curies":[{"name":"wp","href":"https:\/\/api.w.org\/{rel}","templated":true}]}}