{"id":317237,"date":"2024-11-21T17:22:14","date_gmt":"2024-11-21T16:22:14","guid":{"rendered":"https:\/\/rwp.rizoma.com\/negozio\/icon-ride-by-wire-grdw225z22\/"},"modified":"2025-01-14T12:42:59","modified_gmt":"2025-01-14T11:42:59","slug":"icon-ride-by-wire-grdw225z22","status":"publish","type":"product","link":"https:\/\/www.rizoma.com\/es\/negozio\/kit-para-manillar\/GRDW225Z22\/icon-ride-by-wire-grdw225z22\/motorbike\/9277\/ducati\/hyperstrada-939\/","title":{"rendered":"Icon Ride by Wire"},"content":{"rendered":"<p>El pu\u00f1o Icon (\u00d8 22 mm), en aluminio, enteramente obtenido a partir de un bloque macizo de aluminio, se caracteriza por la mecanizaci\u00f3n superficial por torno pensada para ser percibida al tacto y que enfatiza, tambi\u00e9n gracias a la goma anti resbalamiento ergon\u00f3mica, el feeling de control y agarre. <br \/>Otro detalle es la gr\u00e1fica que lo caracteriza, obtenida por procedimiento laser engraving. El pu\u00f1o Icon esta disponible en diferentes coloraciones obtenidas a trav\u00e9s de procedimiento de anodizaci\u00f3n profunda, que garantiza un mejor rendimiento est\u00e9tico a lo largo del tiempo. La versi\u00f3n Ride by Wire adem\u00e1s es compatible con el sistema de control electr\u00f3nico.<\/p>\n","protected":false},"excerpt":{"rendered":"<p>El pu\u00f1o Icon (\u00d8 22 mm), en aluminio, enteramente obtenido a partir de un bloque macizo de aluminio, se caracteriza por la mecanizaci\u00f3n superficial por torno pensada para ser percibida al tacto y que enfatiza, tambi\u00e9n gracias a la goma anti resbalamiento ergon\u00f3mica, el feeling de control y agarre. Otro detalle es la gr\u00e1fica que [&hellip;]<\/p>\n","protected":false},"featured_media":304941,"template":"","meta":{"_acf_changed":false},"rizoma_assembly_time":[42742],"rizoma_bike":[42470,42471,42447,43421,42457],"rizoma_division":[42653],"rizoma_family":[43021],"rizoma_model_category":[],"rizoma_product_template":[],"product_brand":[],"product_cat":[42663],"product_tag":[],"class_list":{"0":"post-317237","1":"product","2":"type-product","3":"status-publish","4":"has-post-thumbnail","6":"rizoma_bike-mt-10-2022-26","7":"rizoma_bike-mt-10-sp-2022-25","8":"rizoma_bike-t-max-560-2022-24","9":"rizoma_bike-t-max-560-2025-26","10":"rizoma_bike-xsr-900-2022-24","11":"product_cat-kit-para-manillar","13":"first","14":"instock","15":"taxable","16":"shipping-taxable","17":"purchasable","18":"product-type-variable"},"acf":[],"_links":{"self":[{"href":"https:\/\/www.rizoma.com\/es\/wp-json\/wp\/v2\/product\/317237","targetHints":{"allow":["GET"]}}],"collection":[{"href":"https:\/\/www.rizoma.com\/es\/wp-json\/wp\/v2\/product"}],"about":[{"href":"https:\/\/www.rizoma.com\/es\/wp-json\/wp\/v2\/types\/product"}],"wp:featuredmedia":[{"embeddable":true,"href":"https:\/\/www.rizoma.com\/es\/wp-json\/wp\/v2\/media\/304941"}],"wp:attachment":[{"href":"https:\/\/www.rizoma.com\/es\/wp-json\/wp\/v2\/media?parent=317237"}],"wp:term":[{"taxonomy":"rizoma_assembly_time","embeddable":true,"href":"https:\/\/www.rizoma.com\/es\/wp-json\/wp\/v2\/rizoma_assembly_time?post=317237"},{"taxonomy":"rizoma_bike","embeddable":true,"href":"https:\/\/www.rizoma.com\/es\/wp-json\/wp\/v2\/rizoma_bike?post=317237"},{"taxonomy":"rizoma_division","embeddable":true,"href":"https:\/\/www.rizoma.com\/es\/wp-json\/wp\/v2\/rizoma_division?post=317237"},{"taxonomy":"rizoma_family","embeddable":true,"href":"https:\/\/www.rizoma.com\/es\/wp-json\/wp\/v2\/rizoma_family?post=317237"},{"taxonomy":"rizoma_model_category","embeddable":true,"href":"https:\/\/www.rizoma.com\/es\/wp-json\/wp\/v2\/rizoma_model_category?post=317237"},{"taxonomy":"rizoma_product_template","embeddable":true,"href":"https:\/\/www.rizoma.com\/es\/wp-json\/wp\/v2\/rizoma_product_template?post=317237"},{"taxonomy":"product_brand","embeddable":true,"href":"https:\/\/www.rizoma.com\/es\/wp-json\/wp\/v2\/product_brand?post=317237"},{"taxonomy":"product_cat","embeddable":true,"href":"https:\/\/www.rizoma.com\/es\/wp-json\/wp\/v2\/product_cat?post=317237"},{"taxonomy":"product_tag","embeddable":true,"href":"https:\/\/www.rizoma.com\/es\/wp-json\/wp\/v2\/product_tag?post=317237"}],"curies":[{"name":"wp","href":"https:\/\/api.w.org\/{rel}","templated":true}]}}