{"id":316992,"date":"2024-11-21T17:16:38","date_gmt":"2024-11-21T16:16:38","guid":{"rendered":"https:\/\/rwp.rizoma.com\/negozio\/cupula-con-kit-de-montaje-zdm159\/"},"modified":"2025-01-14T12:37:32","modified_gmt":"2025-01-14T11:37:32","slug":"cupula-con-kit-de-montaje-zdm159","status":"publish","type":"product","link":"https:\/\/www.rizoma.com\/es\/negozio\/cupulas\/ZDM159\/cupula-con-kit-de-montaje-zdm159\/","title":{"rendered":"C\u00fapula con Kit de montaje"},"content":{"rendered":"<p>Un dise\u00f1o innovador para la c\u00fapula de Rizoma, creada para atraer todas las miradas. Fabricada en carbono, un material ligero y resistente, en l\u00ednea con el estilo din\u00e1mico de esta moto. Incluye un kit de montaje completo.<\/p>\n","protected":false},"excerpt":{"rendered":"<p>Un dise\u00f1o innovador para la c\u00fapula de Rizoma, creada para atraer todas las miradas. Fabricada en carbono, un material ligero y resistente, en l\u00ednea con el estilo din\u00e1mico de esta moto. Incluye un kit de montaje completo.<\/p>\n","protected":false},"featured_media":309176,"template":"","meta":{"_acf_changed":false},"rizoma_assembly_time":[42675],"rizoma_bike":[42430,42499],"rizoma_division":[42653],"rizoma_family":[],"rizoma_model_category":[],"rizoma_product_template":[],"product_brand":[],"product_cat":[42829],"product_tag":[],"class_list":{"0":"post-316992","1":"product","2":"type-product","3":"status-publish","4":"has-post-thumbnail","6":"rizoma_bike-streetfighter-v2-2022-24","7":"rizoma_bike-streetfighter-v2-955-green-2022-23","8":"product_cat-cupulas","10":"first","11":"instock","12":"taxable","13":"shipping-taxable","14":"purchasable","15":"product-type-variable"},"acf":[],"_links":{"self":[{"href":"https:\/\/www.rizoma.com\/es\/wp-json\/wp\/v2\/product\/316992","targetHints":{"allow":["GET"]}}],"collection":[{"href":"https:\/\/www.rizoma.com\/es\/wp-json\/wp\/v2\/product"}],"about":[{"href":"https:\/\/www.rizoma.com\/es\/wp-json\/wp\/v2\/types\/product"}],"wp:featuredmedia":[{"embeddable":true,"href":"https:\/\/www.rizoma.com\/es\/wp-json\/wp\/v2\/media\/309176"}],"wp:attachment":[{"href":"https:\/\/www.rizoma.com\/es\/wp-json\/wp\/v2\/media?parent=316992"}],"wp:term":[{"taxonomy":"rizoma_assembly_time","embeddable":true,"href":"https:\/\/www.rizoma.com\/es\/wp-json\/wp\/v2\/rizoma_assembly_time?post=316992"},{"taxonomy":"rizoma_bike","embeddable":true,"href":"https:\/\/www.rizoma.com\/es\/wp-json\/wp\/v2\/rizoma_bike?post=316992"},{"taxonomy":"rizoma_division","embeddable":true,"href":"https:\/\/www.rizoma.com\/es\/wp-json\/wp\/v2\/rizoma_division?post=316992"},{"taxonomy":"rizoma_family","embeddable":true,"href":"https:\/\/www.rizoma.com\/es\/wp-json\/wp\/v2\/rizoma_family?post=316992"},{"taxonomy":"rizoma_model_category","embeddable":true,"href":"https:\/\/www.rizoma.com\/es\/wp-json\/wp\/v2\/rizoma_model_category?post=316992"},{"taxonomy":"rizoma_product_template","embeddable":true,"href":"https:\/\/www.rizoma.com\/es\/wp-json\/wp\/v2\/rizoma_product_template?post=316992"},{"taxonomy":"product_brand","embeddable":true,"href":"https:\/\/www.rizoma.com\/es\/wp-json\/wp\/v2\/product_brand?post=316992"},{"taxonomy":"product_cat","embeddable":true,"href":"https:\/\/www.rizoma.com\/es\/wp-json\/wp\/v2\/product_cat?post=316992"},{"taxonomy":"product_tag","embeddable":true,"href":"https:\/\/www.rizoma.com\/es\/wp-json\/wp\/v2\/product_tag?post=316992"}],"curies":[{"name":"wp","href":"https:\/\/api.w.org\/{rel}","templated":true}]}}