{"id":316912,"date":"2024-11-21T17:14:50","date_gmt":"2024-11-21T16:14:50","guid":{"rendered":"https:\/\/rwp.rizoma.com\/negozio\/kit-de-montaje-para-estriberas-rizoma-pe667\/"},"modified":"2025-11-22T00:07:32","modified_gmt":"2025-11-21T23:07:32","slug":"kit-estribos-adicionales-para-off-road-pe667","status":"publish","type":"product","link":"https:\/\/www.rizoma.com\/es\/negozio\/estriberas\/PE667\/kit-estribos-adicionales-para-off-road-pe667\/","title":{"rendered":"Kit estribos adicionales para off-road"},"content":{"rendered":"<p>El kit Rizoma para off-road, s\u00edmbolo de la innovaci\u00f3n de Rizoma, evoluciona y perfecciona el esp\u00edritu urban-explorer de la moto. Los estribos adicionales, de hecho, con su posici\u00f3n retrasada, permiten afrontar las routas m\u00e1s desafiantes en off-road en conducci\u00f3n de pie, garantizando no solo mayor una diversi\u00f3n, sino tambi\u00e9n mayor seguridad, gracias a un mejor control del veh\u00edculo y una mejor distribuci\u00f3n del peso durante la conducci\u00f3n. La versatilidad y el confort son los valores que caracterizan el producto. El profundo estudio ergon\u00f3mico, no se centr\u00f3 solo en el uso off-road, sino tambi\u00e9n en la practicidad durante el uso diario: por este motivo, los estibos son plegables, garantizando una mayor comodidad en uso urbano. Las estriberas, al igual que los soportes, est\u00e1n fabricadas en aluminio mecanizado a partir de un bloque macizo, permitiendo alojar una goma EPDM que amortigua las vibraciones y proporciona el agarre necesario para una sensaci\u00f3n de conducci\u00f3n c\u00f3moda y m\u00e1s relajada. La goma es de f\u00e1cil montaje y se incorpora perfectamente a los dientes de la estribera. Al retirar el inserto de EPDM, la estribera se transforma y se adapta a un estilo de conducci\u00f3n m\u00e1s agresivo. Los dientes externos, en acero satinado, est\u00e1n dirigidos de tal manera que evitan la p\u00e9rdida de adherencia lateral, especialmente cuando el piloto ejerce una mayor presi\u00f3n del pie sobre la parte m\u00e1s externa de la estribera. Producto con certificaci\u00f3n T\u00dcV.<\/p>\n","protected":false},"excerpt":{"rendered":"<p>El kit Rizoma para off-road, s\u00edmbolo de la innovaci\u00f3n de Rizoma, evoluciona y perfecciona el esp\u00edritu urban-explorer de la moto. Los estribos adicionales, de hecho, con su posici\u00f3n retrasada, permiten afrontar las routas m\u00e1s desafiantes en off-road en conducci\u00f3n de pie, garantizando no solo mayor una diversi\u00f3n, sino tambi\u00e9n mayor seguridad, gracias a un mejor [&hellip;]<\/p>\n","protected":false},"featured_media":304146,"template":"","meta":{"_acf_changed":false},"rizoma_assembly_time":[42742],"rizoma_bike":[42323,42484,43872,43873,42510,42417,42418,42419,43874,44012,43875],"rizoma_division":[42653],"rizoma_family":[42747],"rizoma_model_category":[],"rizoma_product_template":[],"product_brand":[],"product_cat":[42752],"product_tag":[],"class_list":{"0":"post-316912","1":"product","2":"type-product","3":"status-publish","4":"has-post-thumbnail","6":"rizoma_bike-x-adv-750-2021","7":"rizoma_bike-x-adv-750-2022","8":"rizoma_bike-x-adv-750-2025-26","9":"rizoma_bike-x-adv-750-adventure-2025-26","10":"rizoma_bike-x-adv-750-dct-2021-24","11":"rizoma_bike-x-adv-750-dct-adventure-2021-24","12":"rizoma_bike-x-adv-750-dct-gravel-2021-24","13":"rizoma_bike-x-adv-750-dct-travel-2021-24","14":"rizoma_bike-x-adv-750-gravel-2025-26","15":"rizoma_bike-x-adv-750-special-edition-2026","16":"rizoma_bike-x-adv-750-travel-2025-26","17":"product_cat-estriberas","19":"first","20":"instock","21":"taxable","22":"shipping-taxable","23":"purchasable","24":"product-type-variable"},"acf":[],"_links":{"self":[{"href":"https:\/\/www.rizoma.com\/es\/wp-json\/wp\/v2\/product\/316912","targetHints":{"allow":["GET"]}}],"collection":[{"href":"https:\/\/www.rizoma.com\/es\/wp-json\/wp\/v2\/product"}],"about":[{"href":"https:\/\/www.rizoma.com\/es\/wp-json\/wp\/v2\/types\/product"}],"wp:featuredmedia":[{"embeddable":true,"href":"https:\/\/www.rizoma.com\/es\/wp-json\/wp\/v2\/media\/304146"}],"wp:attachment":[{"href":"https:\/\/www.rizoma.com\/es\/wp-json\/wp\/v2\/media?parent=316912"}],"wp:term":[{"taxonomy":"rizoma_assembly_time","embeddable":true,"href":"https:\/\/www.rizoma.com\/es\/wp-json\/wp\/v2\/rizoma_assembly_time?post=316912"},{"taxonomy":"rizoma_bike","embeddable":true,"href":"https:\/\/www.rizoma.com\/es\/wp-json\/wp\/v2\/rizoma_bike?post=316912"},{"taxonomy":"rizoma_division","embeddable":true,"href":"https:\/\/www.rizoma.com\/es\/wp-json\/wp\/v2\/rizoma_division?post=316912"},{"taxonomy":"rizoma_family","embeddable":true,"href":"https:\/\/www.rizoma.com\/es\/wp-json\/wp\/v2\/rizoma_family?post=316912"},{"taxonomy":"rizoma_model_category","embeddable":true,"href":"https:\/\/www.rizoma.com\/es\/wp-json\/wp\/v2\/rizoma_model_category?post=316912"},{"taxonomy":"rizoma_product_template","embeddable":true,"href":"https:\/\/www.rizoma.com\/es\/wp-json\/wp\/v2\/rizoma_product_template?post=316912"},{"taxonomy":"product_brand","embeddable":true,"href":"https:\/\/www.rizoma.com\/es\/wp-json\/wp\/v2\/product_brand?post=316912"},{"taxonomy":"product_cat","embeddable":true,"href":"https:\/\/www.rizoma.com\/es\/wp-json\/wp\/v2\/product_cat?post=316912"},{"taxonomy":"product_tag","embeddable":true,"href":"https:\/\/www.rizoma.com\/es\/wp-json\/wp\/v2\/product_tag?post=316912"}],"curies":[{"name":"wp","href":"https:\/\/api.w.org\/{rel}","templated":true}]}}