{"id":316882,"date":"2024-11-21T17:14:11","date_gmt":"2024-11-21T16:14:11","guid":{"rendered":"https:\/\/rwp.rizoma.com\/negozio\/cupula-con-kit-de-montaje-zbw102\/"},"modified":"2026-04-17T07:55:17","modified_gmt":"2026-04-17T05:55:17","slug":"cupula-con-kit-de-montaje-zbw102","status":"publish","type":"product","link":"https:\/\/www.rizoma.com\/es\/negozio\/cupulas\/ZBW102\/cupula-con-kit-de-montaje-zbw102\/motorbike\/14860\/yamaha\/x-max-125\/","title":{"rendered":"C\u00fapula con Kit de montaje"},"content":{"rendered":"<p>Gracias a su fabricaci\u00f3n a partir de un bloque \u00fanico de aluminio y a su moldeado en 3D, la c\u00fapula alcanza in\u00e9ditas cualidades est\u00e9ticas y de ligereza. La c\u00fapula Rizoma mejora la aerodin\u00e1mica de la moto y enfatiza el estilo y personalidad con su alma Racing-Classic. Suministrada con el kit de montaje.<\/p>\n","protected":false},"excerpt":{"rendered":"<p>Gracias a su fabricaci\u00f3n a partir de un bloque \u00fanico de aluminio y a su moldeado en 3D, la c\u00fapula alcanza in\u00e9ditas cualidades est\u00e9ticas y de ligereza. La c\u00fapula Rizoma mejora la aerodin\u00e1mica de la moto y enfatiza el estilo y personalidad con su alma Racing-Classic. Suministrada con el kit de montaje.<\/p>\n","protected":false},"featured_media":303417,"template":"","meta":{"_acf_changed":false},"rizoma_assembly_time":[42675],"rizoma_bike":[42296,42551,41839,42006,42178],"rizoma_division":[42653],"rizoma_family":[],"rizoma_model_category":[],"rizoma_product_template":[],"product_brand":[],"product_cat":[42829],"product_tag":[],"class_list":{"0":"post-316882","1":"product","2":"type-product","3":"status-publish","4":"has-post-thumbnail","6":"rizoma_bike-r-ninet-2021-24","7":"rizoma_bike-r-ninet-100-years-2023","8":"rizoma_bike-r-ninet-1200-2014-16","9":"rizoma_bike-r-ninet-1200-2017-20","10":"rizoma_bike-r-ninet-5-1200-2019-20","11":"product_cat-cupulas","13":"first","14":"instock","15":"taxable","16":"shipping-taxable","17":"purchasable","18":"product-type-variable"},"acf":[],"_links":{"self":[{"href":"https:\/\/www.rizoma.com\/es\/wp-json\/wp\/v2\/product\/316882","targetHints":{"allow":["GET"]}}],"collection":[{"href":"https:\/\/www.rizoma.com\/es\/wp-json\/wp\/v2\/product"}],"about":[{"href":"https:\/\/www.rizoma.com\/es\/wp-json\/wp\/v2\/types\/product"}],"wp:featuredmedia":[{"embeddable":true,"href":"https:\/\/www.rizoma.com\/es\/wp-json\/wp\/v2\/media\/303417"}],"wp:attachment":[{"href":"https:\/\/www.rizoma.com\/es\/wp-json\/wp\/v2\/media?parent=316882"}],"wp:term":[{"taxonomy":"rizoma_assembly_time","embeddable":true,"href":"https:\/\/www.rizoma.com\/es\/wp-json\/wp\/v2\/rizoma_assembly_time?post=316882"},{"taxonomy":"rizoma_bike","embeddable":true,"href":"https:\/\/www.rizoma.com\/es\/wp-json\/wp\/v2\/rizoma_bike?post=316882"},{"taxonomy":"rizoma_division","embeddable":true,"href":"https:\/\/www.rizoma.com\/es\/wp-json\/wp\/v2\/rizoma_division?post=316882"},{"taxonomy":"rizoma_family","embeddable":true,"href":"https:\/\/www.rizoma.com\/es\/wp-json\/wp\/v2\/rizoma_family?post=316882"},{"taxonomy":"rizoma_model_category","embeddable":true,"href":"https:\/\/www.rizoma.com\/es\/wp-json\/wp\/v2\/rizoma_model_category?post=316882"},{"taxonomy":"rizoma_product_template","embeddable":true,"href":"https:\/\/www.rizoma.com\/es\/wp-json\/wp\/v2\/rizoma_product_template?post=316882"},{"taxonomy":"product_brand","embeddable":true,"href":"https:\/\/www.rizoma.com\/es\/wp-json\/wp\/v2\/product_brand?post=316882"},{"taxonomy":"product_cat","embeddable":true,"href":"https:\/\/www.rizoma.com\/es\/wp-json\/wp\/v2\/product_cat?post=316882"},{"taxonomy":"product_tag","embeddable":true,"href":"https:\/\/www.rizoma.com\/es\/wp-json\/wp\/v2\/product_tag?post=316882"}],"curies":[{"name":"wp","href":"https:\/\/api.w.org\/{rel}","templated":true}]}}