{"id":316877,"date":"2024-11-21T17:14:04","date_gmt":"2024-11-21T16:14:04","guid":{"rendered":"https:\/\/rwp.rizoma.com\/negozio\/kit-de-montaje-para-cupula-zkw038\/"},"modified":"2025-01-14T12:32:34","modified_gmt":"2025-01-14T11:32:34","slug":"kit-de-montaje-para-cupula-zkw038","status":"publish","type":"product","link":"https:\/\/www.rizoma.com\/es\/negozio\/cupulas\/ZKW038\/kit-de-montaje-para-cupula-zkw038\/","title":{"rendered":"Kit de montaje para C\u00fapula"},"content":{"rendered":"<p>El adaptador ZKW038 permite el montaje de la c\u00fapula Rizoma CF010 en manillares de di\u00e1metro variable Rizoma y en combinaci\u00f3n con el manillar OEM.<br \/>Cada adaptador espec\u00edfico est\u00e1 realizado para el modelo de moto correspondiente, con el fin de garantizar la mejor fijaci\u00f3n.<\/p>\n","protected":false},"excerpt":{"rendered":"<p>El adaptador ZKW038 permite el montaje de la c\u00fapula Rizoma CF010 en manillares de di\u00e1metro variable Rizoma y en combinaci\u00f3n con el manillar OEM.Cada adaptador espec\u00edfico est\u00e1 realizado para el modelo de moto correspondiente, con el fin de garantizar la mejor fijaci\u00f3n.<\/p>\n","protected":false},"featured_media":303387,"template":"","meta":{"_acf_changed":false},"rizoma_assembly_time":[42675],"rizoma_bike":[42083,42366,42504,42478,42258,42370,42505],"rizoma_division":[42653],"rizoma_family":[42824],"rizoma_model_category":[],"rizoma_product_template":[],"product_brand":[],"product_cat":[42829],"product_tag":[],"class_list":{"0":"post-316877","1":"product","2":"type-product","3":"status-publish","4":"has-post-thumbnail","6":"rizoma_bike-z-900-rs-2018-20","7":"rizoma_bike-z-900-rs-2021","8":"rizoma_bike-z-900-rs-2022-25","9":"rizoma_bike-z-900-rs-50th-anniversary-2022","10":"rizoma_bike-z-900-rs-performance-2020","11":"rizoma_bike-z-900-rs-performance-2021-22","12":"rizoma_bike-z-900-rs-se-2022-25","13":"product_cat-cupulas","15":"first","16":"outofstock","17":"taxable","18":"shipping-taxable","19":"purchasable","20":"product-type-variable"},"acf":[],"_links":{"self":[{"href":"https:\/\/www.rizoma.com\/es\/wp-json\/wp\/v2\/product\/316877","targetHints":{"allow":["GET"]}}],"collection":[{"href":"https:\/\/www.rizoma.com\/es\/wp-json\/wp\/v2\/product"}],"about":[{"href":"https:\/\/www.rizoma.com\/es\/wp-json\/wp\/v2\/types\/product"}],"wp:featuredmedia":[{"embeddable":true,"href":"https:\/\/www.rizoma.com\/es\/wp-json\/wp\/v2\/media\/303387"}],"wp:attachment":[{"href":"https:\/\/www.rizoma.com\/es\/wp-json\/wp\/v2\/media?parent=316877"}],"wp:term":[{"taxonomy":"rizoma_assembly_time","embeddable":true,"href":"https:\/\/www.rizoma.com\/es\/wp-json\/wp\/v2\/rizoma_assembly_time?post=316877"},{"taxonomy":"rizoma_bike","embeddable":true,"href":"https:\/\/www.rizoma.com\/es\/wp-json\/wp\/v2\/rizoma_bike?post=316877"},{"taxonomy":"rizoma_division","embeddable":true,"href":"https:\/\/www.rizoma.com\/es\/wp-json\/wp\/v2\/rizoma_division?post=316877"},{"taxonomy":"rizoma_family","embeddable":true,"href":"https:\/\/www.rizoma.com\/es\/wp-json\/wp\/v2\/rizoma_family?post=316877"},{"taxonomy":"rizoma_model_category","embeddable":true,"href":"https:\/\/www.rizoma.com\/es\/wp-json\/wp\/v2\/rizoma_model_category?post=316877"},{"taxonomy":"rizoma_product_template","embeddable":true,"href":"https:\/\/www.rizoma.com\/es\/wp-json\/wp\/v2\/rizoma_product_template?post=316877"},{"taxonomy":"product_brand","embeddable":true,"href":"https:\/\/www.rizoma.com\/es\/wp-json\/wp\/v2\/product_brand?post=316877"},{"taxonomy":"product_cat","embeddable":true,"href":"https:\/\/www.rizoma.com\/es\/wp-json\/wp\/v2\/product_cat?post=316877"},{"taxonomy":"product_tag","embeddable":true,"href":"https:\/\/www.rizoma.com\/es\/wp-json\/wp\/v2\/product_tag?post=316877"}],"curies":[{"name":"wp","href":"https:\/\/api.w.org\/{rel}","templated":true}]}}