{"id":316802,"date":"2024-11-21T17:12:20","date_gmt":"2024-11-21T16:12:20","guid":{"rendered":"https:\/\/rwp.rizoma.com\/negozio\/contrapeso-individual-para-manillar-oem-ma305\/"},"modified":"2025-01-14T12:28:26","modified_gmt":"2025-01-14T11:28:26","slug":"contrapeso-individual-para-manillar-oem-ma305","status":"publish","type":"product","link":"https:\/\/www.rizoma.com\/es\/negozio\/kit-para-manillar\/MA305\/contrapeso-individual-para-manillar-oem-ma305\/motorbike\/12342\/ducati\/supersport-950\/","title":{"rendered":"Contrapeso individual para manillar OEM"},"content":{"rendered":"<p>Desarrollado para e acoplamiento entre manillar y pu\u00f1os OEM y pu\u00f1os Rizoma Mutation P1.<br \/>Realizado en aluminio y anodizaci\u00f3n negro mate.<\/p>\n","protected":false},"excerpt":{"rendered":"<p>Desarrollado para e acoplamiento entre manillar y pu\u00f1os OEM y pu\u00f1os Rizoma Mutation P1.Realizado en aluminio y anodizaci\u00f3n negro mate.<\/p>\n","protected":false},"featured_media":302687,"template":"","meta":{"_acf_changed":false},"rizoma_assembly_time":[42664],"rizoma_bike":[42233,44361,42573,44362,42497],"rizoma_division":[42653],"rizoma_family":[42736],"rizoma_model_category":[],"rizoma_product_template":[],"product_brand":[],"product_cat":[42663],"product_tag":[],"class_list":{"0":"post-316802","1":"product","2":"type-product","3":"status-publish","4":"has-post-thumbnail","6":"rizoma_bike-rs-660-2020-24","7":"rizoma_bike-rs-660-2025-26","8":"rizoma_bike-rs-660-extrema-2023-24","9":"rizoma_bike-rs-660-factory-2025-26","10":"rizoma_bike-rs-660-limited-edition-2020-23","11":"product_cat-kit-para-manillar","13":"first","14":"instock","15":"taxable","16":"shipping-taxable","17":"purchasable","18":"product-type-variable"},"acf":[],"_links":{"self":[{"href":"https:\/\/www.rizoma.com\/es\/wp-json\/wp\/v2\/product\/316802","targetHints":{"allow":["GET"]}}],"collection":[{"href":"https:\/\/www.rizoma.com\/es\/wp-json\/wp\/v2\/product"}],"about":[{"href":"https:\/\/www.rizoma.com\/es\/wp-json\/wp\/v2\/types\/product"}],"wp:featuredmedia":[{"embeddable":true,"href":"https:\/\/www.rizoma.com\/es\/wp-json\/wp\/v2\/media\/302687"}],"wp:attachment":[{"href":"https:\/\/www.rizoma.com\/es\/wp-json\/wp\/v2\/media?parent=316802"}],"wp:term":[{"taxonomy":"rizoma_assembly_time","embeddable":true,"href":"https:\/\/www.rizoma.com\/es\/wp-json\/wp\/v2\/rizoma_assembly_time?post=316802"},{"taxonomy":"rizoma_bike","embeddable":true,"href":"https:\/\/www.rizoma.com\/es\/wp-json\/wp\/v2\/rizoma_bike?post=316802"},{"taxonomy":"rizoma_division","embeddable":true,"href":"https:\/\/www.rizoma.com\/es\/wp-json\/wp\/v2\/rizoma_division?post=316802"},{"taxonomy":"rizoma_family","embeddable":true,"href":"https:\/\/www.rizoma.com\/es\/wp-json\/wp\/v2\/rizoma_family?post=316802"},{"taxonomy":"rizoma_model_category","embeddable":true,"href":"https:\/\/www.rizoma.com\/es\/wp-json\/wp\/v2\/rizoma_model_category?post=316802"},{"taxonomy":"rizoma_product_template","embeddable":true,"href":"https:\/\/www.rizoma.com\/es\/wp-json\/wp\/v2\/rizoma_product_template?post=316802"},{"taxonomy":"product_brand","embeddable":true,"href":"https:\/\/www.rizoma.com\/es\/wp-json\/wp\/v2\/product_brand?post=316802"},{"taxonomy":"product_cat","embeddable":true,"href":"https:\/\/www.rizoma.com\/es\/wp-json\/wp\/v2\/product_cat?post=316802"},{"taxonomy":"product_tag","embeddable":true,"href":"https:\/\/www.rizoma.com\/es\/wp-json\/wp\/v2\/product_tag?post=316802"}],"curies":[{"name":"wp","href":"https:\/\/api.w.org\/{rel}","templated":true}]}}