{"id":316797,"date":"2024-11-21T17:12:13","date_gmt":"2024-11-21T16:12:13","guid":{"rendered":"https:\/\/rwp.rizoma.com\/negozio\/cupula-zyf047\/"},"modified":"2025-12-18T00:36:14","modified_gmt":"2025-12-17T23:36:14","slug":"cupula-zyf047","status":"publish","type":"product","link":"https:\/\/www.rizoma.com\/es\/negozio\/cupulas\/ZYF047\/cupula-zyf047\/","title":{"rendered":"C\u00fapula"},"content":{"rendered":"<p>Estudiada para realzar la parte alta del tren delantero, la c\u00fapula Rizoma confiere un toque de elegancia y agresividad. Realizado en policarbonato, material ligero y resistente, en l\u00ednea con el estilo din\u00e1mico de esta moto, se suministra completo con kit the montaje.<\/p>\n","protected":false},"excerpt":{"rendered":"<p>Estudiada para realzar la parte alta del tren delantero, la c\u00fapula Rizoma confiere un toque de elegancia y agresividad. Realizado en policarbonato, material ligero y resistente, en l\u00ednea con el estilo din\u00e1mico de esta moto, se suministra completo con kit the montaje.<\/p>\n","protected":false},"featured_media":302902,"template":"","meta":{"_acf_changed":false},"rizoma_assembly_time":[42742],"rizoma_bike":[42321,42451,42322,42452],"rizoma_division":[42653],"rizoma_family":[],"rizoma_model_category":[],"rizoma_product_template":[],"product_brand":[],"product_cat":[42829],"product_tag":[],"class_list":{"0":"post-316797","1":"product","2":"type-product","3":"status-publish","4":"has-post-thumbnail","6":"rizoma_bike-mt-09-2021","7":"rizoma_bike-mt-09-2022-23","8":"rizoma_bike-mt-09-sp-2021","9":"rizoma_bike-mt-09-sp-2022-23","10":"product_cat-cupulas","12":"first","13":"instock","14":"sale","15":"taxable","16":"shipping-taxable","17":"purchasable","18":"product-type-variable"},"acf":[],"_links":{"self":[{"href":"https:\/\/www.rizoma.com\/es\/wp-json\/wp\/v2\/product\/316797","targetHints":{"allow":["GET"]}}],"collection":[{"href":"https:\/\/www.rizoma.com\/es\/wp-json\/wp\/v2\/product"}],"about":[{"href":"https:\/\/www.rizoma.com\/es\/wp-json\/wp\/v2\/types\/product"}],"wp:featuredmedia":[{"embeddable":true,"href":"https:\/\/www.rizoma.com\/es\/wp-json\/wp\/v2\/media\/302902"}],"wp:attachment":[{"href":"https:\/\/www.rizoma.com\/es\/wp-json\/wp\/v2\/media?parent=316797"}],"wp:term":[{"taxonomy":"rizoma_assembly_time","embeddable":true,"href":"https:\/\/www.rizoma.com\/es\/wp-json\/wp\/v2\/rizoma_assembly_time?post=316797"},{"taxonomy":"rizoma_bike","embeddable":true,"href":"https:\/\/www.rizoma.com\/es\/wp-json\/wp\/v2\/rizoma_bike?post=316797"},{"taxonomy":"rizoma_division","embeddable":true,"href":"https:\/\/www.rizoma.com\/es\/wp-json\/wp\/v2\/rizoma_division?post=316797"},{"taxonomy":"rizoma_family","embeddable":true,"href":"https:\/\/www.rizoma.com\/es\/wp-json\/wp\/v2\/rizoma_family?post=316797"},{"taxonomy":"rizoma_model_category","embeddable":true,"href":"https:\/\/www.rizoma.com\/es\/wp-json\/wp\/v2\/rizoma_model_category?post=316797"},{"taxonomy":"rizoma_product_template","embeddable":true,"href":"https:\/\/www.rizoma.com\/es\/wp-json\/wp\/v2\/rizoma_product_template?post=316797"},{"taxonomy":"product_brand","embeddable":true,"href":"https:\/\/www.rizoma.com\/es\/wp-json\/wp\/v2\/product_brand?post=316797"},{"taxonomy":"product_cat","embeddable":true,"href":"https:\/\/www.rizoma.com\/es\/wp-json\/wp\/v2\/product_cat?post=316797"},{"taxonomy":"product_tag","embeddable":true,"href":"https:\/\/www.rizoma.com\/es\/wp-json\/wp\/v2\/product_tag?post=316797"}],"curies":[{"name":"wp","href":"https:\/\/api.w.org\/{rel}","templated":true}]}}