{"id":316752,"date":"2024-11-21T17:11:13","date_gmt":"2024-11-21T16:11:13","guid":{"rendered":"https:\/\/rwp.rizoma.com\/negozio\/kit-de-montaje-espejo-para-carenado-y-tapa-orificio-de-espejo-bs798\/"},"modified":"2025-01-14T12:26:58","modified_gmt":"2025-01-14T11:26:58","slug":"kit-de-montaje-espejo-para-carenado-y-tapa-orificio-de-espejo-bs798","status":"publish","type":"product","link":"https:\/\/www.rizoma.com\/es\/negozio\/espejos-retrovisores\/BS798\/kit-de-montaje-espejo-para-carenado-y-tapa-orificio-de-espejo-bs798\/motorbike\/15678\/moto-guzzi\/v85\/","title":{"rendered":"Kit de montaje espejo para carenado y tapa orificio de espejo"},"content":{"rendered":"<p>El kit Rizoma BS798B ha sido desarrollado para una doble funci\u00f3n: kit de montaje para espejos Rizoma del tipo Sport Mount en posici\u00f3n OEM y tapa para orificio del espejo en caso de remoci\u00f3n de los retrovisores de carenado, cuando se opta por una soluci\u00f3n de anclaje de pu\u00f1o. Adem\u00e1s, el dise\u00f1o del producto incluye un orificio que, en el caso de montar un espejo con indicador integrado, permite el paso de cables.<br \/>Cada adaptador de espejo est\u00e1 expresamente realizado para el modelo de moto correspondiente, con el fin de garantizar la mejor fijaci\u00f3n al manillar. En armon\u00eda con las l\u00edneas de los espejos, el adaptador garantiza la continuidad del dise\u00f1o, combinando funcionalidad y confort sin olvidar el aspecto est\u00e9tico. Tambi\u00e9n est\u00e1n realizados en aluminio mecanizado a partir de un bloque macizo para conferir resistencia y durabilidad.<\/p>\n","protected":false},"excerpt":{"rendered":"<p>El kit Rizoma BS798B ha sido desarrollado para una doble funci\u00f3n: kit de montaje para espejos Rizoma del tipo Sport Mount en posici\u00f3n OEM y tapa para orificio del espejo en caso de remoci\u00f3n de los retrovisores de carenado, cuando se opta por una soluci\u00f3n de anclaje de pu\u00f1o. Adem\u00e1s, el dise\u00f1o del producto incluye [&hellip;]<\/p>\n","protected":false},"featured_media":302832,"template":"","meta":{"_acf_changed":false},"rizoma_assembly_time":[42664],"rizoma_bike":[42336,42337],"rizoma_division":[42653],"rizoma_family":[42669],"rizoma_model_category":[],"rizoma_product_template":[],"product_brand":[],"product_cat":[43943],"product_tag":[],"class_list":{"0":"post-316752","1":"product","2":"type-product","3":"status-publish","4":"has-post-thumbnail","6":"rizoma_bike-supersport-950-2021-24","7":"rizoma_bike-supersport-950-s-2021-24","8":"product_cat-espejos-retrovisores","10":"first","11":"instock","12":"taxable","13":"shipping-taxable","14":"purchasable","15":"product-type-variable"},"acf":[],"_links":{"self":[{"href":"https:\/\/www.rizoma.com\/es\/wp-json\/wp\/v2\/product\/316752","targetHints":{"allow":["GET"]}}],"collection":[{"href":"https:\/\/www.rizoma.com\/es\/wp-json\/wp\/v2\/product"}],"about":[{"href":"https:\/\/www.rizoma.com\/es\/wp-json\/wp\/v2\/types\/product"}],"wp:featuredmedia":[{"embeddable":true,"href":"https:\/\/www.rizoma.com\/es\/wp-json\/wp\/v2\/media\/302832"}],"wp:attachment":[{"href":"https:\/\/www.rizoma.com\/es\/wp-json\/wp\/v2\/media?parent=316752"}],"wp:term":[{"taxonomy":"rizoma_assembly_time","embeddable":true,"href":"https:\/\/www.rizoma.com\/es\/wp-json\/wp\/v2\/rizoma_assembly_time?post=316752"},{"taxonomy":"rizoma_bike","embeddable":true,"href":"https:\/\/www.rizoma.com\/es\/wp-json\/wp\/v2\/rizoma_bike?post=316752"},{"taxonomy":"rizoma_division","embeddable":true,"href":"https:\/\/www.rizoma.com\/es\/wp-json\/wp\/v2\/rizoma_division?post=316752"},{"taxonomy":"rizoma_family","embeddable":true,"href":"https:\/\/www.rizoma.com\/es\/wp-json\/wp\/v2\/rizoma_family?post=316752"},{"taxonomy":"rizoma_model_category","embeddable":true,"href":"https:\/\/www.rizoma.com\/es\/wp-json\/wp\/v2\/rizoma_model_category?post=316752"},{"taxonomy":"rizoma_product_template","embeddable":true,"href":"https:\/\/www.rizoma.com\/es\/wp-json\/wp\/v2\/rizoma_product_template?post=316752"},{"taxonomy":"product_brand","embeddable":true,"href":"https:\/\/www.rizoma.com\/es\/wp-json\/wp\/v2\/product_brand?post=316752"},{"taxonomy":"product_cat","embeddable":true,"href":"https:\/\/www.rizoma.com\/es\/wp-json\/wp\/v2\/product_cat?post=316752"},{"taxonomy":"product_tag","embeddable":true,"href":"https:\/\/www.rizoma.com\/es\/wp-json\/wp\/v2\/product_tag?post=316752"}],"curies":[{"name":"wp","href":"https:\/\/api.w.org\/{rel}","templated":true}]}}