{"id":316747,"date":"2024-11-21T17:11:07","date_gmt":"2024-11-21T16:11:07","guid":{"rendered":"https:\/\/rwp.rizoma.com\/negozio\/kit-portamatriculas-side-arm-pt607\/"},"modified":"2025-01-14T12:26:23","modified_gmt":"2025-01-14T11:26:23","slug":"kit-portamatriculas-side-arm-pt607","status":"publish","type":"product","link":"https:\/\/www.rizoma.com\/es\/negozio\/portamatricula\/PT607\/kit-portamatriculas-side-arm-pt607\/motorbike\/121\/ducati\/900-ss\/","title":{"rendered":"Kit Portamatr\u00edculas Side Arm"},"content":{"rendered":"<p>El kit Portamatr\u00edculas Side Arm, con un brazo estructural mecanizado a partir de un bloque de aluminio, ofrece una imagen completamente nueva a la secci\u00f3n trasera. Adem\u00e1s de garantizar un excelente rendimiento estructural y un alto impacto est\u00e9tico, gracias a su dise\u00f1o y al uso de materiales de la m\u00e1s alta calidad, cumple rigurosamente con las normativas legales. De f\u00e1cil montaje, al estar cada uno dise\u00f1ado de forma espec\u00edfica para cada modelo de moto en cuesti\u00f3n, el Kit incluye una placa de soporte de matr\u00edcula de 173 x 173 mm y una de tipo USA, soportes para intermitentes Rizoma y est\u00e1 equipado con una luz de matr\u00edcula LED SMD (homologada) y un catadi\u00f3ptrico. El portamatr\u00edculas Rizoma Side Arm es compatible con el Guardabarros de carbono Rizoma ZDM098K. El portamatr\u00edculas Side Arm est\u00e1 dotado de homologaci\u00f3n ABE.<\/p>\n","protected":false},"excerpt":{"rendered":"<p>El kit Portamatr\u00edculas Side Arm, con un brazo estructural mecanizado a partir de un bloque de aluminio, ofrece una imagen completamente nueva a la secci\u00f3n trasera. Adem\u00e1s de garantizar un excelente rendimiento estructural y un alto impacto est\u00e9tico, gracias a su dise\u00f1o y al uso de materiales de la m\u00e1s alta calidad, cumple rigurosamente con [&hellip;]<\/p>\n","protected":false},"featured_media":301812,"template":"","meta":{"_acf_changed":false},"rizoma_assembly_time":[42691],"rizoma_bike":[42040,42578,44369,42391,44366,44377],"rizoma_division":[42653],"rizoma_family":[],"rizoma_model_category":[],"rizoma_product_template":[],"product_brand":[],"product_cat":[42768],"product_tag":[],"class_list":{"0":"post-316747","1":"product","2":"type-product","3":"status-publish","4":"has-post-thumbnail","6":"rizoma_bike-f3-800-eas-abs-2017-20","7":"rizoma_bike-f3-800-r-2023-26","8":"rizoma_bike-f3-800-rc-2022-25","9":"rizoma_bike-f3-800-rosso-2021-23","10":"rizoma_bike-f3-800-rr-2022-25","11":"rizoma_bike-f3-800-rr-ottantesimo-2025-26","12":"product_cat-portamatricula","14":"first","15":"instock","16":"sale","17":"taxable","18":"shipping-taxable","19":"purchasable","20":"product-type-variable"},"acf":[],"_links":{"self":[{"href":"https:\/\/www.rizoma.com\/es\/wp-json\/wp\/v2\/product\/316747","targetHints":{"allow":["GET"]}}],"collection":[{"href":"https:\/\/www.rizoma.com\/es\/wp-json\/wp\/v2\/product"}],"about":[{"href":"https:\/\/www.rizoma.com\/es\/wp-json\/wp\/v2\/types\/product"}],"wp:featuredmedia":[{"embeddable":true,"href":"https:\/\/www.rizoma.com\/es\/wp-json\/wp\/v2\/media\/301812"}],"wp:attachment":[{"href":"https:\/\/www.rizoma.com\/es\/wp-json\/wp\/v2\/media?parent=316747"}],"wp:term":[{"taxonomy":"rizoma_assembly_time","embeddable":true,"href":"https:\/\/www.rizoma.com\/es\/wp-json\/wp\/v2\/rizoma_assembly_time?post=316747"},{"taxonomy":"rizoma_bike","embeddable":true,"href":"https:\/\/www.rizoma.com\/es\/wp-json\/wp\/v2\/rizoma_bike?post=316747"},{"taxonomy":"rizoma_division","embeddable":true,"href":"https:\/\/www.rizoma.com\/es\/wp-json\/wp\/v2\/rizoma_division?post=316747"},{"taxonomy":"rizoma_family","embeddable":true,"href":"https:\/\/www.rizoma.com\/es\/wp-json\/wp\/v2\/rizoma_family?post=316747"},{"taxonomy":"rizoma_model_category","embeddable":true,"href":"https:\/\/www.rizoma.com\/es\/wp-json\/wp\/v2\/rizoma_model_category?post=316747"},{"taxonomy":"rizoma_product_template","embeddable":true,"href":"https:\/\/www.rizoma.com\/es\/wp-json\/wp\/v2\/rizoma_product_template?post=316747"},{"taxonomy":"product_brand","embeddable":true,"href":"https:\/\/www.rizoma.com\/es\/wp-json\/wp\/v2\/product_brand?post=316747"},{"taxonomy":"product_cat","embeddable":true,"href":"https:\/\/www.rizoma.com\/es\/wp-json\/wp\/v2\/product_cat?post=316747"},{"taxonomy":"product_tag","embeddable":true,"href":"https:\/\/www.rizoma.com\/es\/wp-json\/wp\/v2\/product_tag?post=316747"}],"curies":[{"name":"wp","href":"https:\/\/api.w.org\/{rel}","templated":true}]}}